{"id":869,"date":"2017-06-26T21:40:43","date_gmt":"2017-06-26T19:40:43","guid":{"rendered":"https:\/\/pension-brigitte-henkel.de\/?page_id=869"},"modified":"2025-07-24T14:27:31","modified_gmt":"2025-07-24T12:27:31","slug":"mose-vakantieappartement","status":"publish","type":"page","link":"https:\/\/pension-brigitte-henkel.de\/nl\/mose-vakantieappartement\/","title":{"rendered":"Onze vakantiewoning aan de Midden-Moezel"},"content":{"rendered":"<p>Aan de Middenmosel biedt mijn pension twee romantische vakantieappartementen aan. Overnacht bij mij in een romantisch vakwerkhuis. U geniet er van volledige rust en privacy. Dankzij een snelle glasvezelverbinding beschikt u in onze vakantieappartementen over snel wifi met 25 mb\/s. Als u 's avonds het nieuws of een film wilt kijken, staat er in elke woonkamer van het vakantieappartement een flatscreen-tv klaar.<br \/>\nDoor de centrale ligging van onze twee vakantieappartementen in het dorpscentrum bent u binnen enkele minuten lopen bij een van onze restaurants.<\/p>\n<p>Op slechts vijftig meter afstand van de twee vakantieappartementen ligt onze oever van de Moezel. Van daaruit heeft u een adembenemend uitzicht van 180\u00b0 op steile wijngaarden en natuurlijk op de Moezel.<\/p>\n<h3>Kort en bondig onze vakantiewoning<\/h3>\n<p>\ud83c\udfe1 <strong>Slaapgelegenheid voor vier personen<\/strong><\/p>\n<p>\ud83d\udcfb Woonkamer met tv<\/p>\n<p>\ud83c\udf74 Diverse restaurants, terrassen en wijnlokalen in de buurt<\/p>\n<p>\ud83c\udf75 Aparte en goed uitgeruste keuken<\/p>\n<p>\u2728 Paviljoen in een prieel met wijnranken voor de deur van het vakantieappartement<\/p>","protected":false},"excerpt":{"rendered":"<p>Mijn pension biedt twee romantische vakantiewoningen aan de Middenmoezel. Overnacht bij mij in een romantisch vakwerkhuis. Je zult genieten van volledige rust en privacy. Dankzij een snelle glasvezelkabel heb je in onze vakantiewoningen een snelle W-Lan (Wifi) met 25 mb\/s. Als je 's avonds het nieuws of een film wilt kijken, is er in elke woonkamer een tv. <\/p>\n<div class=\"clear\"><\/div>\n<p><a href=\"https:\/\/pension-brigitte-henkel.de\/nl\/mose-vakantieappartement\/\" class=\"excerpt-read-more\">Verder lezen<i class=\"fa fa-long-arrow-right icon-long-arrow-right\"><\/i><\/a><\/p>","protected":false},"author":1,"featured_media":0,"parent":0,"menu_order":0,"comment_status":"closed","ping_status":"closed","template":"","meta":{"footnotes":""},"class_list":["post-869","page","type-page","status-publish","hentry"],"yoast_head":"<!-- This site is optimized with the Yoast SEO Premium plugin v26.4 (Yoast SEO v27.4) - https:\/\/yoast.com\/product\/yoast-seo-premium-wordpress\/ -->\n<title>Unsere Ferienwohnung an der Mittelmosel - Pension Brigitte Henkel<\/title>\n<meta name=\"robots\" content=\"index, follow, max-snippet:-1, max-image-preview:large, max-video-preview:-1\" \/>\n<link rel=\"canonical\" href=\"https:\/\/pension-brigitte-henkel.de\/nl\/mose-vakantieappartement\/\" \/>\n<meta property=\"og:locale\" content=\"nl_NL\" \/>\n<meta property=\"og:type\" content=\"article\" \/>\n<meta property=\"og:title\" content=\"Unsere Ferienwohnung an der Mittelmosel\" \/>\n<meta property=\"og:description\" content=\"An der Mittelmosel bietet meine Pension zwei romantische Ferienwohnungen an. \u00dcbernachten Sie bei mir in einem romantischen Fachwerkhaus. Dabei genie\u00dfen Sie v\u00f6llige Ruhe und Privatsph\u00e4re. Dank einer schnellen Glasfaserleitung haben Sie in unseren Ferienwohnungen ein schnelles W-Lan (Wifi) mit 25 mb\/s. Wenn Sie Abends die Nachrichten oder einen Film schauen m\u00f6chten, dann steht\u00a0in jedem Wohnzimmer... Continue Reading\" \/>\n<meta property=\"og:url\" content=\"https:\/\/pension-brigitte-henkel.de\/nl\/mose-vakantieappartement\/\" \/>\n<meta property=\"og:site_name\" content=\"Pension Brigitte Henkel\" \/>\n<meta property=\"article:modified_time\" content=\"2025-07-24T12:27:31+00:00\" \/>\n<meta name=\"twitter:card\" content=\"summary_large_image\" \/>\n<meta name=\"twitter:label1\" content=\"Geschatte leestijd\" \/>\n\t<meta name=\"twitter:data1\" content=\"1 minuut\" \/>\n<!-- \/ Yoast SEO Premium plugin. -->","yoast_head_json":{"title":"Onze vakantiewoning aan de Middenmosel - Pension Brigitte Henkel","robots":{"index":"index","follow":"follow","max-snippet":"max-snippet:-1","max-image-preview":"max-image-preview:large","max-video-preview":"max-video-preview:-1"},"canonical":"https:\/\/pension-brigitte-henkel.de\/nl\/mose-vakantieappartement\/","og_locale":"nl_NL","og_type":"article","og_title":"Unsere Ferienwohnung an der Mittelmosel","og_description":"An der Mittelmosel bietet meine Pension zwei romantische Ferienwohnungen an. \u00dcbernachten Sie bei mir in einem romantischen Fachwerkhaus. Dabei genie\u00dfen Sie v\u00f6llige Ruhe und Privatsph\u00e4re. Dank einer schnellen Glasfaserleitung haben Sie in unseren Ferienwohnungen ein schnelles W-Lan (Wifi) mit 25 mb\/s. Wenn Sie Abends die Nachrichten oder einen Film schauen m\u00f6chten, dann steht\u00a0in jedem Wohnzimmer... Continue Reading","og_url":"https:\/\/pension-brigitte-henkel.de\/nl\/mose-vakantieappartement\/","og_site_name":"Pension Brigitte Henkel","article_modified_time":"2025-07-24T12:27:31+00:00","twitter_card":"summary_large_image","twitter_misc":{"Geschatte leestijd":"1 minuut"},"schema":{"@context":"https:\/\/schema.org","@graph":[{"@type":"WebPage","@id":"https:\/\/pension-brigitte-henkel.de\/mose-ferienwohnung\/","url":"https:\/\/pension-brigitte-henkel.de\/mose-ferienwohnung\/","name":"Onze vakantiewoning aan de Middenmosel - Pension Brigitte Henkel","isPartOf":{"@id":"https:\/\/pension-brigitte-henkel.de\/#website"},"datePublished":"2017-06-26T19:40:43+00:00","dateModified":"2025-07-24T12:27:31+00:00","breadcrumb":{"@id":"https:\/\/pension-brigitte-henkel.de\/mose-ferienwohnung\/#breadcrumb"},"inLanguage":"nl-NL","potentialAction":[{"@type":"ReadAction","target":["https:\/\/pension-brigitte-henkel.de\/mose-ferienwohnung\/"]}]},{"@type":"BreadcrumbList","@id":"https:\/\/pension-brigitte-henkel.de\/mose-ferienwohnung\/#breadcrumb","itemListElement":[{"@type":"ListItem","position":1,"name":"Startseite","item":"https:\/\/pension-brigitte-henkel.de\/"},{"@type":"ListItem","position":2,"name":"Unsere Ferienwohnung an der Mittelmosel"}]},{"@type":"WebSite","@id":"https:\/\/pension-brigitte-henkel.de\/#website","url":"https:\/\/pension-brigitte-henkel.de\/","name":"Pension Brigitte Henkel","description":"Gastvrouw met hart in Wolf\/Traben-Trarbach aan de Moezel","publisher":{"@id":"https:\/\/pension-brigitte-henkel.de\/#organization"},"potentialAction":[{"@type":"SearchAction","target":{"@type":"EntryPoint","urlTemplate":"https:\/\/pension-brigitte-henkel.de\/?s={search_term_string}"},"query-input":{"@type":"PropertyValueSpecification","valueRequired":true,"valueName":"search_term_string"}}],"inLanguage":"nl-NL"},{"@type":"Organization","@id":"https:\/\/pension-brigitte-henkel.de\/#organization","name":"Pension Brigitte Henkel","url":"https:\/\/pension-brigitte-henkel.de\/","logo":{"@type":"ImageObject","inLanguage":"nl-NL","@id":"https:\/\/pension-brigitte-henkel.de\/#\/schema\/logo\/image\/","url":"https:\/\/pension-brigitte-henkel.de\/wp-content\/uploads\/2020\/08\/Logo-transparent.png","contentUrl":"https:\/\/pension-brigitte-henkel.de\/wp-content\/uploads\/2020\/08\/Logo-transparent.png","width":534,"height":123,"caption":"Pension Brigitte Henkel"},"image":{"@id":"https:\/\/pension-brigitte-henkel.de\/#\/schema\/logo\/image\/"}}]}},"_links":{"self":[{"href":"https:\/\/pension-brigitte-henkel.de\/nl\/wp-json\/wp\/v2\/pages\/869","targetHints":{"allow":["GET"]}}],"collection":[{"href":"https:\/\/pension-brigitte-henkel.de\/nl\/wp-json\/wp\/v2\/pages"}],"about":[{"href":"https:\/\/pension-brigitte-henkel.de\/nl\/wp-json\/wp\/v2\/types\/page"}],"author":[{"embeddable":true,"href":"https:\/\/pension-brigitte-henkel.de\/nl\/wp-json\/wp\/v2\/users\/1"}],"replies":[{"embeddable":true,"href":"https:\/\/pension-brigitte-henkel.de\/nl\/wp-json\/wp\/v2\/comments?post=869"}],"version-history":[{"count":1,"href":"https:\/\/pension-brigitte-henkel.de\/nl\/wp-json\/wp\/v2\/pages\/869\/revisions"}],"predecessor-version":[{"id":5811,"href":"https:\/\/pension-brigitte-henkel.de\/nl\/wp-json\/wp\/v2\/pages\/869\/revisions\/5811"}],"wp:attachment":[{"href":"https:\/\/pension-brigitte-henkel.de\/nl\/wp-json\/wp\/v2\/media?parent=869"}],"curies":[{"name":"wp","href":"https:\/\/api.w.org\/{rel}","templated":true}]}}