{"id":5907,"date":"2026-05-01T10:07:30","date_gmt":"2026-05-01T08:07:30","guid":{"rendered":"https:\/\/pension-brigitte-henkel.de\/datenschutz\/"},"modified":"2026-05-01T10:07:30","modified_gmt":"2026-05-01T08:07:30","slug":"gegevensbescherming","status":"publish","type":"page","link":"https:\/\/pension-brigitte-henkel.de\/nl\/gegevensbescherming\/","title":{"rendered":"Privacybeleid"},"content":{"rendered":"<h2>1. verantwoordelijke persoon<\/h2>\n<p>Verantwoordelijk in de zin van de General Data Protection Regulation (GDPR) is<\/p>\n<p><strong>Brigitte Henkel<\/strong><br \/>Pension Brigitte Henkel<br \/>Baldesgraben 12<br \/>56841 Traben-Trarbach\/Wolf<br \/>Duitsland<\/p>\n<p>Telefoon: +49 (0)65419262<br \/>E-Mail: <a href=\"mailto:pension.brigitte.henkel@gmail.com\">pension.brigitte.henkel@gmail.com<\/a><\/p>\n<h2>2. algemene informatie<\/h2>\n<p>De bescherming van je persoonlijke gegevens is belangrijk voor ons. Wij verwerken uw gegevens uitsluitend op basis van de wettelijke bepalingen (GDPR, BDSG). Dit privacybeleid informeert je over de belangrijkste aspecten van gegevensverwerking op onze website.<\/p>\n<h2>3. hosting- en serverlogbestanden<\/h2>\n<p>Deze website wordt beheerd door een Duitse hostingprovider. De hostingprovider verzamelt automatisch technische toegangsgegevens en slaat deze op in zogenaamde serverlogbestanden (bijv. IP-adres, datum en tijd van toegang, bron waartoe toegang is verkregen, verwijzende URL, gebruikte browser). Deze gegevens worden gebruikt om een probleemloze werking te garanderen en worden niet samengevoegd met andere gegevensbronnen.<\/p>\n<p>Rechtsgrondslag: Art. 6 para. 1 lit. f GDPR (gerechtvaardigd belang). Bewaartermijn: maximaal 7 dagen.<\/p>\n<h2>4. contactformulier en e-mailcontact<\/h2>\n<p>Als u contact met ons opneemt via het contactformulier of per e-mail, worden de door u verstrekte gegevens (bijv. naam, e-mailadres, telefoonnummer, bericht) door ons opgeslagen om uw aanvraag te verwerken en in geval van vervolgvragen.<\/p>\n<p>Rechtsgrondslag: Art. 6 para. 1 lit. b GDPR (precontractuele of contractuele maatregelen) en Art. 6 para. 1 lit. f GDPR (gerechtvaardigd belang). De gegevens worden verwijderd zodra de aanvraag definitief is verwerkt en er geen wettelijke bewaarplichten zijn die het tegendeel beweren.<\/p>\n<h2>5. koekjes<\/h2>\n<p>Deze website gebruikt alleen technisch noodzakelijke cookies die nodig zijn voor de goede werking van de site. Er worden geen tracking- of marketingcookies gebruikt.<\/p>\n<h2>6. geen analyse- en traceringsdiensten<\/h2>\n<p>Op deze website worden geen webanalysediensten (bijv. Google Analytics) of andere trackingtools gebruikt. Er vindt geen profilering van websitebezoekers plaats.<\/p>\n<h2>7. openbaarmaking van gegevens<\/h2>\n<p>Uw persoonlijke gegevens worden niet doorgegeven aan derden, tenzij dit noodzakelijk is voor het leveren van de hostingdienst als onderdeel van de orderverwerking in overeenstemming met art. 28 GDPR. Uw gegevens worden niet doorgegeven aan landen buiten de EU\/EER.<\/p>\n<h2>8. uw rechten als betrokkene<\/h2>\n<p>U hebt de volgende rechten ten opzichte van ons met betrekking tot uw persoonlijke gegevens:<\/p>\n<ul>\n<li>Recht op informatie (Art. 15 GDPR)<\/li>\n<li>Recht op rectificatie (Art. 16 GDPR)<\/li>\n<li>Recht op wissen (Art. 17 GDPR)<\/li>\n<li>Recht op beperking van de verwerking (Art. 18 GDPR)<\/li>\n<li>Recht op gegevensoverdraagbaarheid (Art. 20 GDPR)<\/li>\n<li>Recht op bezwaar (Art. 21 GDPR)<\/li>\n<\/ul>\n<p>Gebruik het bovenstaande contactadres om uw rechten te doen gelden. U hebt ook het recht om een klacht in te dienen bij een toezichthoudende autoriteit voor gegevensbescherming.<\/p>\n<h2>9. gegevensbeveiliging<\/h2>\n<p>Deze website gebruikt SSL- of TLS-codering om veiligheidsredenen en om de overdracht van vertrouwelijke inhoud te beschermen.<\/p>\n<h2>10. actualiteit van dit privacybeleid<\/h2>\n<p>Dit privacybeleid is momenteel geldig (status: mei 2025). We behouden ons het recht voor om dit privacybeleid indien nodig aan te passen om ervoor te zorgen dat het altijd voldoet aan de huidige wettelijke vereisten.<\/p>\n<p><a href=\"\/nl\/impressum\/\">\u2192 Naar de afdruk<\/a><\/p>","protected":false},"excerpt":{"rendered":"<p>1. Verantwoordelijke persoon in de zin van de Algemene Verordening Gegevensbescherming (GDPR) is: Brigitte HenkelPensioen Brigitte HenkelBaldesgraben 1256841 Traben-Trarbach\/WolfDuitsland Telefoon: +49 (0)65419262Email: pension.brigitte.henkel@gmail.com 2. algemene informatie De bescherming van uw persoonlijke gegevens is belangrijk voor ons. Wij verwerken uw gegevens uitsluitend op basis van de wettelijke bepalingen (GDPR, BDSG). Met dit privacybeleid informeren wij u over de belangrijkste aspecten van gegevensbescherming. <\/p>\n<div class=\"clear\"><\/div>\n<p><a href=\"https:\/\/pension-brigitte-henkel.de\/nl\/gegevensbescherming\/\" class=\"excerpt-read-more\">Verder lezen<i class=\"fa fa-long-arrow-right icon-long-arrow-right\"><\/i><\/a><\/p>","protected":false},"author":0,"featured_media":0,"parent":0,"menu_order":0,"comment_status":"closed","ping_status":"closed","template":"","meta":{"footnotes":""},"class_list":["post-5907","page","type-page","status-publish","hentry"],"yoast_head":"<!-- This site is optimized with the Yoast SEO Premium plugin v26.4 (Yoast SEO v27.5) - https:\/\/yoast.com\/product\/yoast-seo-premium-wordpress\/ -->\n<title>Datenschutzerkl\u00e4rung - Pension Brigitte Henkel<\/title>\n<meta name=\"robots\" content=\"index, follow, max-snippet:-1, max-image-preview:large, max-video-preview:-1\" \/>\n<link rel=\"canonical\" href=\"https:\/\/pension-brigitte-henkel.de\/nl\/gegevensbescherming\/\" \/>\n<meta property=\"og:locale\" content=\"nl_NL\" \/>\n<meta property=\"og:type\" content=\"article\" \/>\n<meta property=\"og:title\" content=\"Datenschutzerkl\u00e4rung\" \/>\n<meta property=\"og:description\" content=\"1. Verantwortlicher Verantwortlich im Sinne der Datenschutz-Grundverordnung (DSGVO) ist: Brigitte HenkelPension Brigitte HenkelBaldesgraben 1256841 Traben-Trarbach\/WolfDeutschland Telefon: +49 (0)65419262E-Mail: pension.brigitte.henkel@gmail.com 2. Allgemeine Hinweise Der Schutz Ihrer personenbezogenen Daten ist uns ein wichtiges Anliegen. Wir verarbeiten Ihre Daten ausschlie\u00dflich auf Grundlage der gesetzlichen Bestimmungen (DSGVO, BDSG). Mit dieser Datenschutzerkl\u00e4rung informieren wir Sie \u00fcber die wichtigsten Aspekte der... Continue Reading\" \/>\n<meta property=\"og:url\" content=\"https:\/\/pension-brigitte-henkel.de\/nl\/gegevensbescherming\/\" \/>\n<meta property=\"og:site_name\" content=\"Pension Brigitte Henkel\" \/>\n<meta name=\"twitter:card\" content=\"summary_large_image\" \/>\n<meta name=\"twitter:label1\" content=\"Geschatte leestijd\" \/>\n\t<meta name=\"twitter:data1\" content=\"2 minuten\" \/>\n<!-- \/ Yoast SEO Premium plugin. -->","yoast_head_json":{"title":"Privacybeleid - Pensioen Brigitte Henkel","robots":{"index":"index","follow":"follow","max-snippet":"max-snippet:-1","max-image-preview":"max-image-preview:large","max-video-preview":"max-video-preview:-1"},"canonical":"https:\/\/pension-brigitte-henkel.de\/nl\/gegevensbescherming\/","og_locale":"nl_NL","og_type":"article","og_title":"Datenschutzerkl\u00e4rung","og_description":"1. Verantwortlicher Verantwortlich im Sinne der Datenschutz-Grundverordnung (DSGVO) ist: Brigitte HenkelPension Brigitte HenkelBaldesgraben 1256841 Traben-Trarbach\/WolfDeutschland Telefon: +49 (0)65419262E-Mail: pension.brigitte.henkel@gmail.com 2. Allgemeine Hinweise Der Schutz Ihrer personenbezogenen Daten ist uns ein wichtiges Anliegen. Wir verarbeiten Ihre Daten ausschlie\u00dflich auf Grundlage der gesetzlichen Bestimmungen (DSGVO, BDSG). Mit dieser Datenschutzerkl\u00e4rung informieren wir Sie \u00fcber die wichtigsten Aspekte der... Continue Reading","og_url":"https:\/\/pension-brigitte-henkel.de\/nl\/gegevensbescherming\/","og_site_name":"Pension Brigitte Henkel","twitter_card":"summary_large_image","twitter_misc":{"Geschatte leestijd":"2 minuten"},"schema":{"@context":"https:\/\/schema.org","@graph":[{"@type":"WebPage","@id":"https:\/\/pension-brigitte-henkel.de\/datenschutz\/","url":"https:\/\/pension-brigitte-henkel.de\/datenschutz\/","name":"Privacybeleid - Pensioen Brigitte Henkel","isPartOf":{"@id":"https:\/\/pension-brigitte-henkel.de\/#website"},"datePublished":"2026-05-01T08:07:30+00:00","breadcrumb":{"@id":"https:\/\/pension-brigitte-henkel.de\/datenschutz\/#breadcrumb"},"inLanguage":"nl-NL","potentialAction":[{"@type":"ReadAction","target":["https:\/\/pension-brigitte-henkel.de\/datenschutz\/"]}]},{"@type":"BreadcrumbList","@id":"https:\/\/pension-brigitte-henkel.de\/datenschutz\/#breadcrumb","itemListElement":[{"@type":"ListItem","position":1,"name":"Startseite","item":"https:\/\/pension-brigitte-henkel.de\/"},{"@type":"ListItem","position":2,"name":"Datenschutzerkl\u00e4rung"}]},{"@type":"WebSite","@id":"https:\/\/pension-brigitte-henkel.de\/#website","url":"https:\/\/pension-brigitte-henkel.de\/","name":"Pension Brigitte Henkel","description":"Gastvrouw met hart in Wolf\/Traben-Trarbach aan de Moezel","publisher":{"@id":"https:\/\/pension-brigitte-henkel.de\/#organization"},"potentialAction":[{"@type":"SearchAction","target":{"@type":"EntryPoint","urlTemplate":"https:\/\/pension-brigitte-henkel.de\/?s={search_term_string}"},"query-input":{"@type":"PropertyValueSpecification","valueRequired":true,"valueName":"search_term_string"}}],"inLanguage":"nl-NL"},{"@type":"Organization","@id":"https:\/\/pension-brigitte-henkel.de\/#organization","name":"Pension Brigitte Henkel","url":"https:\/\/pension-brigitte-henkel.de\/","logo":{"@type":"ImageObject","inLanguage":"nl-NL","@id":"https:\/\/pension-brigitte-henkel.de\/#\/schema\/logo\/image\/","url":"https:\/\/pension-brigitte-henkel.de\/wp-content\/uploads\/2020\/08\/Logo-transparent.png","contentUrl":"https:\/\/pension-brigitte-henkel.de\/wp-content\/uploads\/2020\/08\/Logo-transparent.png","width":534,"height":123,"caption":"Pension Brigitte Henkel"},"image":{"@id":"https:\/\/pension-brigitte-henkel.de\/#\/schema\/logo\/image\/"}}]}},"_links":{"self":[{"href":"https:\/\/pension-brigitte-henkel.de\/nl\/wp-json\/wp\/v2\/pages\/5907","targetHints":{"allow":["GET"]}}],"collection":[{"href":"https:\/\/pension-brigitte-henkel.de\/nl\/wp-json\/wp\/v2\/pages"}],"about":[{"href":"https:\/\/pension-brigitte-henkel.de\/nl\/wp-json\/wp\/v2\/types\/page"}],"replies":[{"embeddable":true,"href":"https:\/\/pension-brigitte-henkel.de\/nl\/wp-json\/wp\/v2\/comments?post=5907"}],"version-history":[{"count":0,"href":"https:\/\/pension-brigitte-henkel.de\/nl\/wp-json\/wp\/v2\/pages\/5907\/revisions"}],"wp:attachment":[{"href":"https:\/\/pension-brigitte-henkel.de\/nl\/wp-json\/wp\/v2\/media?parent=5907"}],"curies":[{"name":"wp","href":"https:\/\/api.w.org\/{rel}","templated":true}]}}