{"id":5475,"date":"2025-07-11T23:27:09","date_gmt":"2025-07-11T21:27:09","guid":{"rendered":"https:\/\/pension-brigitte-henkel.de\/?page_id=5475"},"modified":"2025-07-24T13:53:07","modified_gmt":"2025-07-24T11:53:07","slug":"steiger-rondvaarten","status":"publish","type":"page","link":"https:\/\/pension-brigitte-henkel.de\/nl\/steiger-rondvaarten\/","title":{"rendered":"Moezel rondreizen"},"content":{"rendered":"<h2>De mooiste boottocht begint in Wolf<\/h2>\n<p>De prachtige Moezel en de steile wijngaarden ervaren vanaf een boot is een geweldige ervaring. Vanuit Wolf kun je hier perfect van genieten. Op slechts tweehonderd meter van mijn pension stap je aan boord bij de firma Kolb, die je in anderhalf uur naar Bernkastel brengt en natuurlijk weer terug nadat je een paar ontspannen uurtjes in het pittoreske Bernkastel-Kues hebt doorgebracht. Een dag met de boot op de Moezel is het ultieme genieten.<\/p>\n<p>Hier kun je de reistijden bekijken van de onderneming Gebr. Kolb voor de regio Bernkastel-Kues:<br \/>\n<a href=\"https:\/\/www.moselrundfahrten.de\/fahrten\/schiffstouren\/rundfahrt\/2#tour-info\" target=\"_blank\" rel=\"noopener\">Link Boottochten Kolb Bernkastel-Kues<\/a><\/p>\n<p>Website met alle aanlegplaatsen aan de Moezel:<\/p>\n<p><a href=\"https:\/\/www.moselrundfahrten.de\/fahrten\/anlegestellen\" target=\"_blank\" rel=\"noopener\">Link Boottochten Kolb ligplaatsen aan de Moezel<\/a><\/p>\n<p><strong>Vertrek Wolf aan de Moezel<\/strong><\/p>\n<p><a href=\"https:\/\/www.moselrundfahrten.de\/fahrten\/anlegestellen\">Link Moezelrondleidingen Kolb<\/a><\/p>\n<h2>Boottocht - Een boottocht is precies wat deze mensen nodig hebben<\/h2>\n<p>Een Moezelcruise op een van de toeristische boten is geschikt voor toeristen die graag de Moezelvallei willen bewonderen en met een groep vrienden de wijngaarden willen bekijken. Een Moezelcruise is echter ook ideaal om de afzonderlijke wijngaarden te bekijken en je kennis over deze verschillende wijngaarden te verdiepen. Met een beetje speurwerk kun je precies te weten komen waar de Wolfergoldgrube begint en eindigt of waar de beroemde Kr\u00f6ver Nacktarsch wijngaard, de Kirchlay wijngaard of de Paradis wijngaard in Kr\u00f6v liggen. Je komt ook langs het Erdener Treppchen of de \u00dcrziger W\u00fcrzgarten op weg naar Bernkastel-Kues. Je kunt ook het verschil zien tussen de terrasvormige wijngaarden (dwarse terrassen) in Wolf aan de buitenkant van de Moezelbocht en de verder typische steile hellingen aan de Moezel. Nu de temperaturen aan de Moezel in de loop der jaren stijgen, worden steeds meer wijngaarden in het dal interessant, en zo zie je dat wijngaarden aan de kop van het dal (de hoogste rand van het dal) steeds meer weer door de natuur worden overgenomen.<\/p>\n<h2>Opties voor een boottocht op de Moezel<\/h2>\n<p>De natuur, wijngaarden en bossen zijn ideaal voor wandel- of fietstochten. Dit kan worden gecombineerd met een wandeling over de Calmont in Wolf aan de Moezel naar Bernkastel-Kues of Brauneberg. Na een wandeling door het landschap is het verleidelijk om te lunchen in het wijndorp en dan terug te keren met de Moezelboot. De boottochten op de Moezel maken het mogelijk om wandelingen of fietstochten te combineren.<\/p>","protected":false},"excerpt":{"rendered":"<p>De mooiste boottocht begint in Wolf De prachtige Moezel en de steile wijngaarden ervaren vanaf een boot is een geweldige ervaring. Je kunt hier perfect van genieten vanuit Wolf. Op slechts tweehonderd meter van mijn pension stap je aan boord bij de firma Kolb, die je in anderhalf uur naar Bernkastel brengt en natuurlijk... <\/p>\n<div class=\"clear\"><\/div>\n<p><a href=\"https:\/\/pension-brigitte-henkel.de\/nl\/steiger-rondvaarten\/\" class=\"excerpt-read-more\">Verder lezen<i class=\"fa fa-long-arrow-right icon-long-arrow-right\"><\/i><\/a><\/p>","protected":false},"author":1,"featured_media":0,"parent":0,"menu_order":0,"comment_status":"closed","ping_status":"closed","template":"","meta":{"footnotes":""},"class_list":["post-5475","page","type-page","status-publish","hentry"],"yoast_head":"<!-- This site is optimized with the Yoast SEO Premium plugin v26.4 (Yoast SEO v27.5) - https:\/\/yoast.com\/product\/yoast-seo-premium-wordpress\/ -->\n<title>Mosel Rundfahrten - Pension Brigitte Henkel<\/title>\n<meta name=\"robots\" content=\"index, follow, max-snippet:-1, max-image-preview:large, max-video-preview:-1\" \/>\n<link rel=\"canonical\" href=\"https:\/\/pension-brigitte-henkel.de\/nl\/steiger-rondvaarten\/\" \/>\n<meta property=\"og:locale\" content=\"nl_NL\" \/>\n<meta property=\"og:type\" content=\"article\" \/>\n<meta property=\"og:title\" content=\"Mosel Rundfahrten\" \/>\n<meta property=\"og:description\" content=\"Die sch\u00f6nste Bootsfahrt beginnt in Wolf Die herrliche Mosel und die steilen Weinberge vom Schiff aus zu erleben ist ein gro\u00dfartiges Erlebnis. Das k\u00f6nnen Sie perfekt von Wolf aus genie\u00dfen. Nur zweihundert Meter von meiner Pension entfernt gehen Sie bei der Firma Kolb an Bord, die Sie in anderthalb Stunden nach Bernkastel bringt und nat\u00fcrlich... Continue Reading\" \/>\n<meta property=\"og:url\" content=\"https:\/\/pension-brigitte-henkel.de\/nl\/steiger-rondvaarten\/\" \/>\n<meta property=\"og:site_name\" content=\"Pension Brigitte Henkel\" \/>\n<meta property=\"article:modified_time\" content=\"2025-07-24T11:53:07+00:00\" \/>\n<meta name=\"twitter:card\" content=\"summary_large_image\" \/>\n<meta name=\"twitter:label1\" content=\"Geschatte leestijd\" \/>\n\t<meta name=\"twitter:data1\" content=\"3 minuten\" \/>\n<!-- \/ Yoast SEO Premium plugin. -->","yoast_head_json":{"title":"Rondvaarten Moezel - Pension Brigitte Henkel","robots":{"index":"index","follow":"follow","max-snippet":"max-snippet:-1","max-image-preview":"max-image-preview:large","max-video-preview":"max-video-preview:-1"},"canonical":"https:\/\/pension-brigitte-henkel.de\/nl\/steiger-rondvaarten\/","og_locale":"nl_NL","og_type":"article","og_title":"Mosel Rundfahrten","og_description":"Die sch\u00f6nste Bootsfahrt beginnt in Wolf Die herrliche Mosel und die steilen Weinberge vom Schiff aus zu erleben ist ein gro\u00dfartiges Erlebnis. Das k\u00f6nnen Sie perfekt von Wolf aus genie\u00dfen. Nur zweihundert Meter von meiner Pension entfernt gehen Sie bei der Firma Kolb an Bord, die Sie in anderthalb Stunden nach Bernkastel bringt und nat\u00fcrlich... Continue Reading","og_url":"https:\/\/pension-brigitte-henkel.de\/nl\/steiger-rondvaarten\/","og_site_name":"Pension Brigitte Henkel","article_modified_time":"2025-07-24T11:53:07+00:00","twitter_card":"summary_large_image","twitter_misc":{"Geschatte leestijd":"3 minuten"},"schema":{"@context":"https:\/\/schema.org","@graph":[{"@type":"WebPage","@id":"https:\/\/pension-brigitte-henkel.de\/schiffsanleger-rundfahrten\/","url":"https:\/\/pension-brigitte-henkel.de\/schiffsanleger-rundfahrten\/","name":"Rondvaarten Moezel - Pension Brigitte Henkel","isPartOf":{"@id":"https:\/\/pension-brigitte-henkel.de\/#website"},"datePublished":"2025-07-11T21:27:09+00:00","dateModified":"2025-07-24T11:53:07+00:00","breadcrumb":{"@id":"https:\/\/pension-brigitte-henkel.de\/schiffsanleger-rundfahrten\/#breadcrumb"},"inLanguage":"nl-NL","potentialAction":[{"@type":"ReadAction","target":["https:\/\/pension-brigitte-henkel.de\/schiffsanleger-rundfahrten\/"]}]},{"@type":"BreadcrumbList","@id":"https:\/\/pension-brigitte-henkel.de\/schiffsanleger-rundfahrten\/#breadcrumb","itemListElement":[{"@type":"ListItem","position":1,"name":"Startseite","item":"https:\/\/pension-brigitte-henkel.de\/"},{"@type":"ListItem","position":2,"name":"Mosel Rundfahrten"}]},{"@type":"WebSite","@id":"https:\/\/pension-brigitte-henkel.de\/#website","url":"https:\/\/pension-brigitte-henkel.de\/","name":"Pension Brigitte Henkel","description":"Gastvrouw met hart in Wolf\/Traben-Trarbach aan de Moezel","publisher":{"@id":"https:\/\/pension-brigitte-henkel.de\/#organization"},"potentialAction":[{"@type":"SearchAction","target":{"@type":"EntryPoint","urlTemplate":"https:\/\/pension-brigitte-henkel.de\/?s={search_term_string}"},"query-input":{"@type":"PropertyValueSpecification","valueRequired":true,"valueName":"search_term_string"}}],"inLanguage":"nl-NL"},{"@type":"Organization","@id":"https:\/\/pension-brigitte-henkel.de\/#organization","name":"Pension Brigitte Henkel","url":"https:\/\/pension-brigitte-henkel.de\/","logo":{"@type":"ImageObject","inLanguage":"nl-NL","@id":"https:\/\/pension-brigitte-henkel.de\/#\/schema\/logo\/image\/","url":"https:\/\/pension-brigitte-henkel.de\/wp-content\/uploads\/2020\/08\/Logo-transparent.png","contentUrl":"https:\/\/pension-brigitte-henkel.de\/wp-content\/uploads\/2020\/08\/Logo-transparent.png","width":534,"height":123,"caption":"Pension Brigitte Henkel"},"image":{"@id":"https:\/\/pension-brigitte-henkel.de\/#\/schema\/logo\/image\/"}}]}},"_links":{"self":[{"href":"https:\/\/pension-brigitte-henkel.de\/nl\/wp-json\/wp\/v2\/pages\/5475","targetHints":{"allow":["GET"]}}],"collection":[{"href":"https:\/\/pension-brigitte-henkel.de\/nl\/wp-json\/wp\/v2\/pages"}],"about":[{"href":"https:\/\/pension-brigitte-henkel.de\/nl\/wp-json\/wp\/v2\/types\/page"}],"author":[{"embeddable":true,"href":"https:\/\/pension-brigitte-henkel.de\/nl\/wp-json\/wp\/v2\/users\/1"}],"replies":[{"embeddable":true,"href":"https:\/\/pension-brigitte-henkel.de\/nl\/wp-json\/wp\/v2\/comments?post=5475"}],"version-history":[{"count":0,"href":"https:\/\/pension-brigitte-henkel.de\/nl\/wp-json\/wp\/v2\/pages\/5475\/revisions"}],"wp:attachment":[{"href":"https:\/\/pension-brigitte-henkel.de\/nl\/wp-json\/wp\/v2\/media?parent=5475"}],"curies":[{"name":"wp","href":"https:\/\/api.w.org\/{rel}","templated":true}]}}