{"id":5461,"date":"2025-07-11T23:07:23","date_gmt":"2025-07-11T21:07:23","guid":{"rendered":"https:\/\/pension-brigitte-henkel.de\/?page_id=5461"},"modified":"2025-07-24T12:40:06","modified_gmt":"2025-07-24T10:40:06","slug":"supermarkten","status":"publish","type":"page","link":"https:\/\/pension-brigitte-henkel.de\/nl\/supermarkten\/","title":{"rendered":"Supermarkten"},"content":{"rendered":"<div data-elementor-type=\"wp-page\" data-elementor-id=\"5461\" class=\"elementor elementor-5461\" data-elementor-post-type=\"page\">\n\t\t\t\t\t\t<section class=\"elementor-section elementor-top-section elementor-element elementor-element-2bcc19d elementor-section-boxed elementor-section-height-default elementor-section-height-default\" data-id=\"2bcc19d\" data-element_type=\"section\" data-e-type=\"section\">\n\t\t\t\t\t\t<div class=\"elementor-container elementor-column-gap-default\">\n\t\t\t\t\t<div class=\"elementor-column elementor-col-100 elementor-top-column elementor-element elementor-element-44337da\" data-id=\"44337da\" data-element_type=\"column\" data-e-type=\"column\">\n\t\t\t<div class=\"elementor-widget-wrap elementor-element-populated\">\n\t\t\t\t\t\t<div class=\"elementor-element elementor-element-a9c0e02 elementor-widget elementor-widget-heading\" data-id=\"a9c0e02\" data-element_type=\"widget\" data-e-type=\"widget\" data-widget_type=\"heading.default\">\n\t\t\t\t<div class=\"elementor-widget-container\">\n\t\t\t\t\t<h2 class=\"elementor-heading-title elementor-size-default\">Supermarkten<\/h2>\t\t\t\t<\/div>\n\t\t\t\t<\/div>\n\t\t\t\t<div class=\"elementor-element elementor-element-96d526a elementor-widget elementor-widget-text-editor\" data-id=\"96d526a\" data-element_type=\"widget\" data-e-type=\"widget\" data-widget_type=\"text-editor.default\">\n\t\t\t\t<div class=\"elementor-widget-container\">\n\t\t\t\t\t\t\t\t\t<p><strong>De<\/strong> De Moezel onderscheidt zich <strong>wat betreft<\/strong> Supermarkten en voedingswinkels met veel onbekende concepten en soms ook zeer kleine winkels <strong>van<\/strong>. Aan de Moezel vindt u ook enkele zeer kleine winkeltjes, zoals <strong>den<\/strong> Edeka in Kr\u00f6v of marktconcepten zoals Norma, die niet zo vaak te vinden zijn in de dichtbevolkte gebieden. <strong>Duitslands<\/strong>. Door de verspreiding van de kleine wijndorpjes langs de Moezel heeft natuurlijk niet elk dorp een levensmiddelenwinkel.<strong>laden<\/strong>. Zo is het zeker <strong>Betekenis,<\/strong> al v\u00f3\u00f3r de <strong>Benadering<\/strong> op weg om wat boodschappen te doen. Zo komt u bij uw aankomst <strong>naar<\/strong> ons <strong>over<\/strong> Traben-Trarbach of Kr\u00f6v voorbij**;** beide plaatsen hebben supermarkten voor u:<\/p>\t\t\t\t\t\t\t\t<\/div>\n\t\t\t\t<\/div>\n\t\t\t\t<div class=\"elementor-element elementor-element-6111270 elementor-widget elementor-widget-text-editor\" data-id=\"6111270\" data-element_type=\"widget\" data-e-type=\"widget\" data-widget_type=\"text-editor.default\">\n\t\t\t\t<div class=\"elementor-widget-container\">\n\t\t\t\t\t\t\t\t\t<p><strong>Edeka, Lidl en Aldi<\/strong>:<\/p><p><strong>In Traben-Trarbach, op 4 km afstand van Wolf:<\/strong><\/p>\t\t\t\t\t\t\t\t<\/div>\n\t\t\t\t<\/div>\n\t\t\t\t\t<\/div>\n\t\t<\/div>\n\t\t\t\t\t<\/div>\n\t\t<\/section>\n\t\t\t\t<section class=\"elementor-section elementor-top-section elementor-element elementor-element-5558cf1 elementor-section-boxed elementor-section-height-default elementor-section-height-default\" data-id=\"5558cf1\" data-element_type=\"section\" data-e-type=\"section\">\n\t\t\t\t\t\t<div class=\"elementor-container elementor-column-gap-default\">\n\t\t\t\t\t<div class=\"elementor-column elementor-col-33 elementor-top-column elementor-element elementor-element-117700d\" data-id=\"117700d\" data-element_type=\"column\" data-e-type=\"column\">\n\t\t\t<div class=\"elementor-widget-wrap elementor-element-populated\">\n\t\t\t\t\t\t<div class=\"elementor-element elementor-element-1f9ab8c elementor-widget elementor-widget-text-editor\" data-id=\"1f9ab8c\" data-element_type=\"widget\" data-e-type=\"widget\" data-widget_type=\"text-editor.default\">\n\t\t\t\t<div class=\"elementor-widget-container\">\n\t\t\t\t\t\t\t\t\t<p style=\"text-align: center;\"><strong>Edeka Neukauf Traben-Trarbach<\/strong><\/p><p style=\"text-align: center;\"><br \/>(<a href=\"https:\/\/g.co\/kgs\/KbaWk7i\" target=\"_blank\" rel=\"noreferrer noopener\">Google Maps-link<\/a>)<\/p>\t\t\t\t\t\t\t\t<\/div>\n\t\t\t\t<\/div>\n\t\t\t\t\t<\/div>\n\t\t<\/div>\n\t\t\t\t<div class=\"elementor-column elementor-col-33 elementor-top-column elementor-element elementor-element-3d26985\" data-id=\"3d26985\" data-element_type=\"column\" data-e-type=\"column\">\n\t\t\t<div class=\"elementor-widget-wrap elementor-element-populated\">\n\t\t\t\t\t\t<div class=\"elementor-element elementor-element-a923767 elementor-widget elementor-widget-text-editor\" data-id=\"a923767\" data-element_type=\"widget\" data-e-type=\"widget\" data-widget_type=\"text-editor.default\">\n\t\t\t\t<div class=\"elementor-widget-container\">\n\t\t\t\t\t\t\t\t\t<p style=\"text-align: center;\"><strong>Lidl-supermarkt Neue Str. 1 in Traben-Trarbach<\/strong><\/p><p style=\"text-align: center;\">(<a href=\"https:\/\/g.co\/kgs\/kfNoYei\" target=\"_blank\" rel=\"noreferrer noopener\">Google Maps-link<\/a>)<\/p>\t\t\t\t\t\t\t\t<\/div>\n\t\t\t\t<\/div>\n\t\t\t\t\t<\/div>\n\t\t<\/div>\n\t\t\t\t<div class=\"elementor-column elementor-col-33 elementor-top-column elementor-element elementor-element-146339b\" data-id=\"146339b\" data-element_type=\"column\" data-e-type=\"column\">\n\t\t\t<div class=\"elementor-widget-wrap elementor-element-populated\">\n\t\t\t\t\t\t<div class=\"elementor-element elementor-element-d8a6289 elementor-widget elementor-widget-text-editor\" data-id=\"d8a6289\" data-element_type=\"widget\" data-e-type=\"widget\" data-widget_type=\"text-editor.default\">\n\t\t\t\t<div class=\"elementor-widget-container\">\n\t\t\t\t\t\t\t\t\t<p style=\"text-align: center;\"><strong>ALDI S\u00dcD Am Bahnhof 11, Traben-Trarbach<\/strong><\/p><p style=\"text-align: center;\">(<a href=\"https:\/\/g.co\/kgs\/RuQbHRy\" target=\"_blank\" rel=\"noreferrer noopener\">Google Maps-link<\/a>)<\/p>\t\t\t\t\t\t\t\t<\/div>\n\t\t\t\t<\/div>\n\t\t\t\t\t<\/div>\n\t\t<\/div>\n\t\t\t\t\t<\/div>\n\t\t<\/section>\n\t\t\t\t<section class=\"elementor-section elementor-top-section elementor-element elementor-element-a9dd7a5 elementor-section-boxed elementor-section-height-default elementor-section-height-default\" data-id=\"a9dd7a5\" data-element_type=\"section\" data-e-type=\"section\">\n\t\t\t\t\t\t<div class=\"elementor-container elementor-column-gap-default\">\n\t\t\t\t\t<div class=\"elementor-column elementor-col-100 elementor-top-column elementor-element elementor-element-d6abb60\" data-id=\"d6abb60\" data-element_type=\"column\" data-e-type=\"column\">\n\t\t\t<div class=\"elementor-widget-wrap elementor-element-populated\">\n\t\t\t\t\t\t<div class=\"elementor-element elementor-element-b7458bc elementor-widget elementor-widget-text-editor\" data-id=\"b7458bc\" data-element_type=\"widget\" data-e-type=\"widget\" data-widget_type=\"text-editor.default\">\n\t\t\t\t<div class=\"elementor-widget-container\">\n\t\t\t\t\t\t\t\t\t<p><strong>In Kr\u00f6v  Afstand 3 km van Wolf:<\/strong><\/p>\t\t\t\t\t\t\t\t<\/div>\n\t\t\t\t<\/div>\n\t\t\t\t<section class=\"elementor-section elementor-inner-section elementor-element elementor-element-2996409 elementor-section-boxed elementor-section-height-default elementor-section-height-default\" data-id=\"2996409\" data-element_type=\"section\" data-e-type=\"section\">\n\t\t\t\t\t\t<div class=\"elementor-container elementor-column-gap-default\">\n\t\t\t\t\t<div class=\"elementor-column elementor-col-50 elementor-inner-column elementor-element elementor-element-13c1bf1\" data-id=\"13c1bf1\" data-element_type=\"column\" data-e-type=\"column\">\n\t\t\t<div class=\"elementor-widget-wrap elementor-element-populated\">\n\t\t\t\t\t\t<div class=\"elementor-element elementor-element-fc6b90f elementor-widget elementor-widget-text-editor\" data-id=\"fc6b90f\" data-element_type=\"widget\" data-e-type=\"widget\" data-widget_type=\"text-editor.default\">\n\t\t\t\t<div class=\"elementor-widget-container\">\n\t\t\t\t\t\t\t\t\t<p style=\"text-align: center;\"><strong>dichtbij en goed Peters<\/strong><\/p><p style=\"text-align: center;\">(<a href=\"https:\/\/g.co\/kgs\/8vf3CSS\" target=\"_blank\" rel=\"noreferrer noopener\">Google Maps-link<\/a>)<\/p>\t\t\t\t\t\t\t\t<\/div>\n\t\t\t\t<\/div>\n\t\t\t\t\t<\/div>\n\t\t<\/div>\n\t\t\t\t<div class=\"elementor-column elementor-col-50 elementor-inner-column elementor-element elementor-element-da20152\" data-id=\"da20152\" data-element_type=\"column\" data-e-type=\"column\">\n\t\t\t<div class=\"elementor-widget-wrap elementor-element-populated\">\n\t\t\t\t\t\t<div class=\"elementor-element elementor-element-7b8b51e elementor-widget elementor-widget-text-editor\" data-id=\"7b8b51e\" data-element_type=\"widget\" data-e-type=\"widget\" data-widget_type=\"text-editor.default\">\n\t\t\t\t<div class=\"elementor-widget-container\">\n\t\t\t\t\t\t\t\t\t<p style=\"text-align: center;\"><strong>NORMA-filiaal<\/strong><\/p><p style=\"text-align: center;\">(<a href=\"https:\/\/g.co\/kgs\/JKHFnWR\" target=\"_blank\" rel=\"noreferrer noopener\">Google Maps-link<\/a>)<\/p>\t\t\t\t\t\t\t\t<\/div>\n\t\t\t\t<\/div>\n\t\t\t\t\t<\/div>\n\t\t<\/div>\n\t\t\t\t\t<\/div>\n\t\t<\/section>\n\t\t\t\t<div class=\"elementor-element elementor-element-2a8c9a7 elementor-widget elementor-widget-spacer\" data-id=\"2a8c9a7\" data-element_type=\"widget\" data-e-type=\"widget\" data-widget_type=\"spacer.default\">\n\t\t\t\t<div class=\"elementor-widget-container\">\n\t\t\t\t\t\t\t<div class=\"elementor-spacer\">\n\t\t\t<div class=\"elementor-spacer-inner\"><\/div>\n\t\t<\/div>\n\t\t\t\t\t\t<\/div>\n\t\t\t\t<\/div>\n\t\t\t\t<div class=\"elementor-element elementor-element-09fe7d5 elementor-widget elementor-widget-heading\" data-id=\"09fe7d5\" data-element_type=\"widget\" data-e-type=\"widget\" data-widget_type=\"heading.default\">\n\t\t\t\t<div class=\"elementor-widget-container\">\n\t\t\t\t\t<h2 class=\"elementor-heading-title elementor-size-default\">Groot inkopen aan de Moezel - Zell aan de Moezel<\/h2>\t\t\t\t<\/div>\n\t\t\t\t<\/div>\n\t\t\t\t<div class=\"elementor-element elementor-element-3eaeaff elementor-widget elementor-widget-text-editor\" data-id=\"3eaeaff\" data-element_type=\"widget\" data-e-type=\"widget\" data-widget_type=\"text-editor.default\">\n\t\t\t\t<div class=\"elementor-widget-container\">\n\t\t\t\t\t\t\t\t\t<p>Zell aan de Moezel, reistijd met de auto ongeveer 30 minuten:<\/p>\t\t\t\t\t\t\t\t<\/div>\n\t\t\t\t<\/div>\n\t\t\t\t<section class=\"elementor-section elementor-inner-section elementor-element elementor-element-2e12860 elementor-section-boxed elementor-section-height-default elementor-section-height-default\" data-id=\"2e12860\" data-element_type=\"section\" data-e-type=\"section\">\n\t\t\t\t\t\t<div class=\"elementor-container elementor-column-gap-default\">\n\t\t\t\t\t<div class=\"elementor-column elementor-col-50 elementor-inner-column elementor-element elementor-element-f3ba363\" data-id=\"f3ba363\" data-element_type=\"column\" data-e-type=\"column\">\n\t\t\t<div class=\"elementor-widget-wrap elementor-element-populated\">\n\t\t\t\t\t\t<div class=\"elementor-element elementor-element-c857b8f elementor-widget elementor-widget-text-editor\" data-id=\"c857b8f\" data-element_type=\"widget\" data-e-type=\"widget\" data-widget_type=\"text-editor.default\">\n\t\t\t\t<div class=\"elementor-widget-container\">\n\t\t\t\t\t\t\t\t\t<p style=\"text-align: center;\"><strong>Globus Zell<\/strong><\/p><p style=\"text-align: center;\">(<a href=\"https:\/\/maps.app.goo.gl\/BGk3xL7LSN7jijDQA\" target=\"_blank\" rel=\"noopener\">Google Maps-link<\/a>)<\/p>\t\t\t\t\t\t\t\t<\/div>\n\t\t\t\t<\/div>\n\t\t\t\t\t<\/div>\n\t\t<\/div>\n\t\t\t\t<div class=\"elementor-column elementor-col-50 elementor-inner-column elementor-element elementor-element-ebc9ef5\" data-id=\"ebc9ef5\" data-element_type=\"column\" data-e-type=\"column\">\n\t\t\t<div class=\"elementor-widget-wrap elementor-element-populated\">\n\t\t\t\t\t\t<div class=\"elementor-element elementor-element-a072a5b elementor-widget elementor-widget-text-editor\" data-id=\"a072a5b\" data-element_type=\"widget\" data-e-type=\"widget\" data-widget_type=\"text-editor.default\">\n\t\t\t\t<div class=\"elementor-widget-container\">\n\t\t\t\t\t\t\t\t\t<div style=\"text-align: center;\"><strong>Lidl<\/strong><\/div><div>\u00a0<\/div><p style=\"text-align: center;\">(<a href=\"https:\/\/maps.app.goo.gl\/qq9VN3nAqv55Da8u5\" target=\"_blank\" rel=\"noreferrer noopener\">Google Maps-link<\/a>)<\/p>\t\t\t\t\t\t\t\t<\/div>\n\t\t\t\t<\/div>\n\t\t\t\t\t<\/div>\n\t\t<\/div>\n\t\t\t\t\t<\/div>\n\t\t<\/section>\n\t\t\t\t<div class=\"elementor-element elementor-element-7691633 elementor-widget elementor-widget-text-editor\" data-id=\"7691633\" data-element_type=\"widget\" data-e-type=\"widget\" data-widget_type=\"text-editor.default\">\n\t\t\t\t<div class=\"elementor-widget-container\">\n\t\t\t\t\t\t\t\t\t<p style=\"text-align: center;\">Aldi Zuid<\/p><p style=\"text-align: center;\">(<a href=\"https:\/\/maps.app.goo.gl\/aMM9choq2MBP6eF97\" target=\"_blank\" rel=\"noreferrer noopener\">Google Maps-link<\/a>)<\/p>\t\t\t\t\t\t\t\t<\/div>\n\t\t\t\t<\/div>\n\t\t\t\t<section class=\"elementor-section elementor-inner-section elementor-element elementor-element-ffee759 elementor-section-boxed elementor-section-height-default elementor-section-height-default\" data-id=\"ffee759\" data-element_type=\"section\" data-e-type=\"section\">\n\t\t\t\t\t\t<div class=\"elementor-container elementor-column-gap-default\">\n\t\t\t\t\t<div class=\"elementor-column elementor-col-50 elementor-inner-column elementor-element elementor-element-aad12c0\" data-id=\"aad12c0\" data-element_type=\"column\" data-e-type=\"column\">\n\t\t\t<div class=\"elementor-widget-wrap\">\n\t\t\t\t\t\t\t<\/div>\n\t\t<\/div>\n\t\t\t\t<div class=\"elementor-column elementor-col-50 elementor-inner-column elementor-element elementor-element-b6f901f\" data-id=\"b6f901f\" data-element_type=\"column\" data-e-type=\"column\">\n\t\t\t<div class=\"elementor-widget-wrap\">\n\t\t\t\t\t\t\t<\/div>\n\t\t<\/div>\n\t\t\t\t\t<\/div>\n\t\t<\/section>\n\t\t\t\t<div class=\"elementor-element elementor-element-c065a7a elementor-post-navigation-borders-yes elementor-widget elementor-widget-post-navigation\" data-id=\"c065a7a\" data-element_type=\"widget\" data-e-type=\"widget\" data-widget_type=\"post-navigation.default\">\n\t\t\t\t<div class=\"elementor-widget-container\">\n\t\t\t\t\t\t\t<div class=\"elementor-post-navigation\" role=\"navigation\" aria-label=\"Post Navigatie\">\n\t\t\t<div class=\"elementor-post-navigation__prev elementor-post-navigation__link\">\n\t\t\t\t<a href=\"https:\/\/pension-brigitte-henkel.de\/nl\/gasthuizen-en-pensions-aan-de-moezel-pension-brigitte-henkel\/\" rel=\"prev\"><span class=\"post-navigation__arrow-wrapper post-navigation__arrow-prev\"><i aria-hidden=\"true\" class=\"fas fa-angle-left\"><\/i><span class=\"elementor-screen-only\">Prev<\/span><\/span><span class=\"elementor-post-navigation__link__prev\"><span class=\"post-navigation__prev--label\">Vorige bijdrage<\/span><span class=\"post-navigation__prev--title\">Gasthuizen en pensions aan de Moezel<\/span><\/span><\/a>\t\t\t<\/div>\n\t\t\t\t\t\t\t<div class=\"elementor-post-navigation__separator-wrapper\">\n\t\t\t\t\t<div class=\"elementor-post-navigation__separator\"><\/div>\n\t\t\t\t<\/div>\n\t\t\t\t\t\t<div class=\"elementor-post-navigation__next elementor-post-navigation__link\">\n\t\t\t\t<a href=\"https:\/\/pension-brigitte-henkel.de\/nl\/apotheken-en-ziekenhuizen\/\" rel=\"next\"><span class=\"elementor-post-navigation__link__next\"><span class=\"post-navigation__next--label\">Volgende bericht<\/span><span class=\"post-navigation__next--title\">Apotheken en ziekenhuizen<\/span><\/span><span class=\"post-navigation__arrow-wrapper post-navigation__arrow-next\"><i aria-hidden=\"true\" class=\"fas fa-angle-right\"><\/i><span class=\"elementor-screen-only\">Volgende<\/span><\/span><\/a>\t\t\t<\/div>\n\t\t<\/div>\n\t\t\t\t\t\t<\/div>\n\t\t\t\t<\/div>\n\t\t\t\t\t<\/div>\n\t\t<\/div>\n\t\t\t\t\t<\/div>\n\t\t<\/section>\n\t\t\t\t<\/div>","protected":false},"excerpt":{"rendered":"<p>Supermarkten Als het gaat om supermarkten en levensmiddelenmarkten, wordt het Moezelgebied gekenmerkt door veel ongebruikelijke concepten en soms heel kleine winkels. Aan de Moezel vind je ook een aantal zeer kleine winkels zoals Edeka in Kr\u00f6v of marktconcepten zoals Norma, die niet zo gebruikelijk zijn in de stedelijke centra van Duitsland. Vanwege de... <\/p>\n<div class=\"clear\"><\/div>\n<p><a href=\"https:\/\/pension-brigitte-henkel.de\/nl\/supermarkten\/\" class=\"excerpt-read-more\">Verder lezen<i class=\"fa fa-long-arrow-right icon-long-arrow-right\"><\/i><\/a><\/p>","protected":false},"author":1,"featured_media":0,"parent":0,"menu_order":0,"comment_status":"closed","ping_status":"closed","template":"","meta":{"footnotes":""},"class_list":["post-5461","page","type-page","status-publish","hentry"],"yoast_head":"<!-- This site is optimized with the Yoast SEO Premium plugin v26.4 (Yoast SEO v27.5) - https:\/\/yoast.com\/product\/yoast-seo-premium-wordpress\/ -->\n<title>Superm\u00e4rkte - Pension Brigitte Henkel<\/title>\n<meta name=\"robots\" content=\"index, follow, max-snippet:-1, max-image-preview:large, max-video-preview:-1\" \/>\n<link rel=\"canonical\" href=\"https:\/\/pension-brigitte-henkel.de\/nl\/supermarkten\/\" \/>\n<meta property=\"og:locale\" content=\"nl_NL\" \/>\n<meta property=\"og:type\" content=\"article\" \/>\n<meta property=\"og:title\" content=\"Superm\u00e4rkte\" \/>\n<meta property=\"og:description\" content=\"Superm\u00e4rkte Die Mosel zeichnet sich in puncto Superm\u00e4rkte und Lebensmittelm\u00e4rkte durch viele auch ungewohnte Konzepte und zum Teil auch sehr kleine L\u00e4den aus. An der Mosel finden Sie teils auch sehr kleine L\u00e4den wie den Edeka in Kr\u00f6v oder Marktkonzepte wie Norma, welche nicht so h\u00e4ufig zu finden sind in den Ballungsgebieten Deutschlands. Durch die... Continue Reading\" \/>\n<meta property=\"og:url\" content=\"https:\/\/pension-brigitte-henkel.de\/nl\/supermarkten\/\" \/>\n<meta property=\"og:site_name\" content=\"Pension Brigitte Henkel\" \/>\n<meta property=\"article:modified_time\" content=\"2025-07-24T10:40:06+00:00\" \/>\n<meta name=\"twitter:card\" content=\"summary_large_image\" \/>\n<meta name=\"twitter:label1\" content=\"Geschatte leestijd\" \/>\n\t<meta name=\"twitter:data1\" content=\"2 minuten\" \/>\n<!-- \/ Yoast SEO Premium plugin. -->","yoast_head_json":{"title":"Supermarkten - Pension Brigitte Henkel","robots":{"index":"index","follow":"follow","max-snippet":"max-snippet:-1","max-image-preview":"max-image-preview:large","max-video-preview":"max-video-preview:-1"},"canonical":"https:\/\/pension-brigitte-henkel.de\/nl\/supermarkten\/","og_locale":"nl_NL","og_type":"article","og_title":"Superm\u00e4rkte","og_description":"Superm\u00e4rkte Die Mosel zeichnet sich in puncto Superm\u00e4rkte und Lebensmittelm\u00e4rkte durch viele auch ungewohnte Konzepte und zum Teil auch sehr kleine L\u00e4den aus. An der Mosel finden Sie teils auch sehr kleine L\u00e4den wie den Edeka in Kr\u00f6v oder Marktkonzepte wie Norma, welche nicht so h\u00e4ufig zu finden sind in den Ballungsgebieten Deutschlands. Durch die... Continue Reading","og_url":"https:\/\/pension-brigitte-henkel.de\/nl\/supermarkten\/","og_site_name":"Pension Brigitte Henkel","article_modified_time":"2025-07-24T10:40:06+00:00","twitter_card":"summary_large_image","twitter_misc":{"Geschatte leestijd":"2 minuten"},"schema":{"@context":"https:\/\/schema.org","@graph":[{"@type":"WebPage","@id":"https:\/\/pension-brigitte-henkel.de\/supermaerkte\/","url":"https:\/\/pension-brigitte-henkel.de\/supermaerkte\/","name":"Supermarkten - Pension Brigitte Henkel","isPartOf":{"@id":"https:\/\/pension-brigitte-henkel.de\/#website"},"datePublished":"2025-07-11T21:07:23+00:00","dateModified":"2025-07-24T10:40:06+00:00","breadcrumb":{"@id":"https:\/\/pension-brigitte-henkel.de\/supermaerkte\/#breadcrumb"},"inLanguage":"nl-NL","potentialAction":[{"@type":"ReadAction","target":["https:\/\/pension-brigitte-henkel.de\/supermaerkte\/"]}]},{"@type":"BreadcrumbList","@id":"https:\/\/pension-brigitte-henkel.de\/supermaerkte\/#breadcrumb","itemListElement":[{"@type":"ListItem","position":1,"name":"Startseite","item":"https:\/\/pension-brigitte-henkel.de\/"},{"@type":"ListItem","position":2,"name":"Superm\u00e4rkte"}]},{"@type":"WebSite","@id":"https:\/\/pension-brigitte-henkel.de\/#website","url":"https:\/\/pension-brigitte-henkel.de\/","name":"Pension Brigitte Henkel","description":"Gastvrouw met hart in Wolf\/Traben-Trarbach aan de Moezel","publisher":{"@id":"https:\/\/pension-brigitte-henkel.de\/#organization"},"potentialAction":[{"@type":"SearchAction","target":{"@type":"EntryPoint","urlTemplate":"https:\/\/pension-brigitte-henkel.de\/?s={search_term_string}"},"query-input":{"@type":"PropertyValueSpecification","valueRequired":true,"valueName":"search_term_string"}}],"inLanguage":"nl-NL"},{"@type":"Organization","@id":"https:\/\/pension-brigitte-henkel.de\/#organization","name":"Pension Brigitte Henkel","url":"https:\/\/pension-brigitte-henkel.de\/","logo":{"@type":"ImageObject","inLanguage":"nl-NL","@id":"https:\/\/pension-brigitte-henkel.de\/#\/schema\/logo\/image\/","url":"https:\/\/pension-brigitte-henkel.de\/wp-content\/uploads\/2020\/08\/Logo-transparent.png","contentUrl":"https:\/\/pension-brigitte-henkel.de\/wp-content\/uploads\/2020\/08\/Logo-transparent.png","width":534,"height":123,"caption":"Pension Brigitte Henkel"},"image":{"@id":"https:\/\/pension-brigitte-henkel.de\/#\/schema\/logo\/image\/"}}]}},"_links":{"self":[{"href":"https:\/\/pension-brigitte-henkel.de\/nl\/wp-json\/wp\/v2\/pages\/5461","targetHints":{"allow":["GET"]}}],"collection":[{"href":"https:\/\/pension-brigitte-henkel.de\/nl\/wp-json\/wp\/v2\/pages"}],"about":[{"href":"https:\/\/pension-brigitte-henkel.de\/nl\/wp-json\/wp\/v2\/types\/page"}],"author":[{"embeddable":true,"href":"https:\/\/pension-brigitte-henkel.de\/nl\/wp-json\/wp\/v2\/users\/1"}],"replies":[{"embeddable":true,"href":"https:\/\/pension-brigitte-henkel.de\/nl\/wp-json\/wp\/v2\/comments?post=5461"}],"version-history":[{"count":10,"href":"https:\/\/pension-brigitte-henkel.de\/nl\/wp-json\/wp\/v2\/pages\/5461\/revisions"}],"predecessor-version":[{"id":5779,"href":"https:\/\/pension-brigitte-henkel.de\/nl\/wp-json\/wp\/v2\/pages\/5461\/revisions\/5779"}],"wp:attachment":[{"href":"https:\/\/pension-brigitte-henkel.de\/nl\/wp-json\/wp\/v2\/media?parent=5461"}],"curies":[{"name":"wp","href":"https:\/\/api.w.org\/{rel}","templated":true}]}}