{"id":292,"date":"2017-01-08T22:40:44","date_gmt":"2017-01-08T21:40:44","guid":{"rendered":"https:\/\/pension-brigitte-henkel.de\/?page_id=292"},"modified":"2024-03-25T18:33:41","modified_gmt":"2024-03-25T17:33:41","slug":"werfhoppen","status":"publish","type":"page","link":"https:\/\/pension-brigitte-henkel.de\/nl\/werfhoppen\/","title":{"rendered":"Boerderijen-hopping"},"content":{"rendered":"<h1 class=\"wp-block-heading\" id=\"h-das-weinfest-der-neuen-art-am-dritten-wochenende-im-september\">Een nieuw soort wijnfestival in het derde weekend van september<\/h1>\n\n\n\n<p><p>Als je in de herfst aan de Moezel op vakantie bent, mag je de vele wijnfeesten niet missen. En als je toevallig in een belangrijk weekend aan de Moezel bent, waarom bezoek je dan niet een van de vele festivals? Niets is gezelliger en leuker dan de combinatie van heerlijk Duits eten en een goed glas Moezelwijn. En natuurlijk mag een originele fanfare niet ontbreken om een geweldige sfeer te cre\u00ebren.<\/p>\n<p>Hieronder vind je het huidige plan voor het Hoffest in Wolf an der Mosel 2024:<\/p>\n<p><img fetchpriority=\"high\" decoding=\"async\" class=\"alignnone size-full wp-image-5188\" src=\"https:\/\/pension-brigitte-henkel.de\/wp-content\/uploads\/2024\/03\/Comes-Weingut.png\" alt=\"Mosel Wolfshof Festival\" width=\"1497\" height=\"939\" srcset=\"https:\/\/pension-brigitte-henkel.de\/wp-content\/uploads\/2024\/03\/Comes-Weingut.png 1497w, https:\/\/pension-brigitte-henkel.de\/wp-content\/uploads\/2024\/03\/Comes-Weingut-300x188.png 300w, https:\/\/pension-brigitte-henkel.de\/wp-content\/uploads\/2024\/03\/Comes-Weingut-1024x642.png 1024w, https:\/\/pension-brigitte-henkel.de\/wp-content\/uploads\/2024\/03\/Comes-Weingut-768x482.png 768w\" sizes=\"(max-width: 1497px) 100vw, 1497px\" \/> <img decoding=\"async\" class=\"alignnone size-full wp-image-5189\" src=\"https:\/\/pension-brigitte-henkel.de\/wp-content\/uploads\/2024\/03\/Jungweine-leckers-aus-der-Winzerkueche.png\" alt=\"Mosel Wolfshof Festival\" width=\"1369\" height=\"924\" srcset=\"https:\/\/pension-brigitte-henkel.de\/wp-content\/uploads\/2024\/03\/Jungweine-leckers-aus-der-Winzerkueche.png 1369w, https:\/\/pension-brigitte-henkel.de\/wp-content\/uploads\/2024\/03\/Jungweine-leckers-aus-der-Winzerkueche-300x202.png 300w, https:\/\/pension-brigitte-henkel.de\/wp-content\/uploads\/2024\/03\/Jungweine-leckers-aus-der-Winzerkueche-1024x691.png 1024w, https:\/\/pension-brigitte-henkel.de\/wp-content\/uploads\/2024\/03\/Jungweine-leckers-aus-der-Winzerkueche-768x518.png 768w\" sizes=\"(max-width: 1369px) 100vw, 1369px\" \/><\/p>\n<p>&nbsp;<\/p>\n<p>&nbsp;<\/p><\/p>\n\n\n\n<figure class=\"wp-block-image alignnone wp-image-5020 size-full\"><img decoding=\"async\" width=\"2560\" height=\"1321\" src=\"https:\/\/pension-brigitte-henkel.de\/wp-content\/uploads\/2022\/08\/IMG_20210625_161245_resized_20220830_102515915-scaled.jpg\" alt=\"Boerderijhoppen in Wolf aan de Moezel\" class=\"wp-image-5020\" srcset=\"https:\/\/pension-brigitte-henkel.de\/wp-content\/uploads\/2022\/08\/IMG_20210625_161245_resized_20220830_102515915-scaled.jpg 2560w, https:\/\/pension-brigitte-henkel.de\/wp-content\/uploads\/2022\/08\/IMG_20210625_161245_resized_20220830_102515915-300x155.jpg 300w, https:\/\/pension-brigitte-henkel.de\/wp-content\/uploads\/2022\/08\/IMG_20210625_161245_resized_20220830_102515915-1024x528.jpg 1024w, https:\/\/pension-brigitte-henkel.de\/wp-content\/uploads\/2022\/08\/IMG_20210625_161245_resized_20220830_102515915-768x396.jpg 768w, https:\/\/pension-brigitte-henkel.de\/wp-content\/uploads\/2022\/08\/IMG_20210625_161245_resized_20220830_102515915-1536x792.jpg 1536w, https:\/\/pension-brigitte-henkel.de\/wp-content\/uploads\/2022\/08\/IMG_20210625_161245_resized_20220830_102515915-2048x1056.jpg 2048w\" sizes=\"(max-width: 2560px) 100vw, 2560px\" \/><figcaption class=\"wp-element-caption\">Van boerderij naar boerderij aan de Moezel - Weingut Comes<\/figcaption><\/figure>\n\n\n\n<p>In het centrum van Wolf is het niet anders. In het derde weekend van september kun je van wijnboer naar wijnboer wandelen.<\/p>\n\n\n\n<p>Bij elke wijnmakerij kun je genieten van een goed glas wijn en een lekker hapje. Het is heerlijk ontspannend om te genieten van een goed glas wijn en een lekker hapje.<\/p>\n\n\n\n<blockquote class=\"wp-block-quote is-layout-flow wp-block-quote-is-layout-flow\">\n<p>Tip: Boek <strong>tijdig<\/strong> een kamer, want het is erg moeilijk om een \u201ekamer vrij\u201c te krijgen in Wolf als je niet vroeg een kamer boekt voor het derde weekend van september.<\/p>\n<cite>Brigitte Henkel<\/cite><\/blockquote>\n\n\n\n<figure class=\"wp-block-image size-large\"><img loading=\"lazy\" decoding=\"async\" width=\"1024\" height=\"768\" src=\"https:\/\/pension-brigitte-henkel.de\/wp-content\/uploads\/2022\/08\/390572812968466794_resized_20220830_102518092-1-1024x768.jpg\" alt=\"\" class=\"wp-image-5032\" srcset=\"https:\/\/pension-brigitte-henkel.de\/wp-content\/uploads\/2022\/08\/390572812968466794_resized_20220830_102518092-1-1024x768.jpg 1024w, https:\/\/pension-brigitte-henkel.de\/wp-content\/uploads\/2022\/08\/390572812968466794_resized_20220830_102518092-1-300x225.jpg 300w, https:\/\/pension-brigitte-henkel.de\/wp-content\/uploads\/2022\/08\/390572812968466794_resized_20220830_102518092-1-768x576.jpg 768w, https:\/\/pension-brigitte-henkel.de\/wp-content\/uploads\/2022\/08\/390572812968466794_resized_20220830_102518092-1-1536x1152.jpg 1536w, https:\/\/pension-brigitte-henkel.de\/wp-content\/uploads\/2022\/08\/390572812968466794_resized_20220830_102518092-1-2048x1536.jpg 2048w, https:\/\/pension-brigitte-henkel.de\/wp-content\/uploads\/2022\/08\/390572812968466794_resized_20220830_102518092-1-400x300.jpg 400w\" sizes=\"(max-width: 1024px) 100vw, 1024px\" \/><\/figure>\n\n\n\n<p>Boerderijhoppen bij de wijnboer komt in Wolf<\/p>\n\n\n\n<figure class=\"wp-block-image size-large\"><img loading=\"lazy\" decoding=\"async\" width=\"1024\" height=\"366\" src=\"https:\/\/pension-brigitte-henkel.de\/wp-content\/uploads\/2022\/08\/IMG_20200829_135157_resized_20220830_102516571-scaled-e1661891849685-1024x366.jpg\" alt=\"\" class=\"wp-image-5019\" srcset=\"https:\/\/pension-brigitte-henkel.de\/wp-content\/uploads\/2022\/08\/IMG_20200829_135157_resized_20220830_102516571-scaled-e1661891849685-1024x366.jpg 1024w, https:\/\/pension-brigitte-henkel.de\/wp-content\/uploads\/2022\/08\/IMG_20200829_135157_resized_20220830_102516571-scaled-e1661891849685-300x107.jpg 300w, https:\/\/pension-brigitte-henkel.de\/wp-content\/uploads\/2022\/08\/IMG_20200829_135157_resized_20220830_102516571-scaled-e1661891849685-768x275.jpg 768w, https:\/\/pension-brigitte-henkel.de\/wp-content\/uploads\/2022\/08\/IMG_20200829_135157_resized_20220830_102516571-scaled-e1661891849685-1536x550.jpg 1536w, https:\/\/pension-brigitte-henkel.de\/wp-content\/uploads\/2022\/08\/IMG_20200829_135157_resized_20220830_102516571-scaled-e1661891849685-2048x733.jpg 2048w\" sizes=\"(max-width: 1024px) 100vw, 1024px\" \/><figcaption class=\"wp-element-caption\">Boerderijhoppen bij de wijnboer komt in Wolf<\/figcaption><\/figure>\n\n\n\n<figure class=\"wp-block-image size-large\"><img loading=\"lazy\" decoding=\"async\" width=\"1024\" height=\"768\" src=\"https:\/\/pension-brigitte-henkel.de\/wp-content\/uploads\/2022\/08\/100_3594-1024x768.jpg\" alt=\"\" class=\"wp-image-5043\" srcset=\"https:\/\/pension-brigitte-henkel.de\/wp-content\/uploads\/2022\/08\/100_3594-1024x768.jpg 1024w, https:\/\/pension-brigitte-henkel.de\/wp-content\/uploads\/2022\/08\/100_3594-300x225.jpg 300w, https:\/\/pension-brigitte-henkel.de\/wp-content\/uploads\/2022\/08\/100_3594-768x576.jpg 768w, https:\/\/pension-brigitte-henkel.de\/wp-content\/uploads\/2022\/08\/100_3594-1536x1152.jpg 1536w, https:\/\/pension-brigitte-henkel.de\/wp-content\/uploads\/2022\/08\/100_3594-2048x1536.jpg 2048w, https:\/\/pension-brigitte-henkel.de\/wp-content\/uploads\/2022\/08\/100_3594-400x300.jpg 400w\" sizes=\"(max-width: 1024px) 100vw, 1024px\" \/><\/figure>\n\n\n\n<p>Boerderijhoppen met wijnmaker Bohr<\/p>","protected":false},"excerpt":{"rendered":"<p>Een nieuw soort wijnfeest in het derde weekend van september Als je in de herfst vakantie viert aan de Moezel, mag je de vele wijnfeesten niet missen. En als je toevallig tijdens dit belangrijke weekend aan de Moezel bent, waarom zou je dan niet een van de vele festivals bezoeken? Niets is gezelliger en leuker dan de... <\/p>\n<div class=\"clear\"><\/div>\n<p><a href=\"https:\/\/pension-brigitte-henkel.de\/nl\/werfhoppen\/\" class=\"excerpt-read-more\">Verder lezen<i class=\"fa fa-long-arrow-right icon-long-arrow-right\"><\/i><\/a><\/p>","protected":false},"author":1,"featured_media":0,"parent":0,"menu_order":0,"comment_status":"closed","ping_status":"closed","template":"","meta":{"footnotes":""},"class_list":["post-292","page","type-page","status-publish","hentry"],"yoast_head":"<!-- This site is optimized with the Yoast SEO Premium plugin v26.4 (Yoast SEO v27.5) - https:\/\/yoast.com\/product\/yoast-seo-premium-wordpress\/ -->\n<title>Das Weinfest H\u00f6fe-Hopping von Wolf ein beliebtes neues Weinfest<\/title>\n<meta name=\"description\" content=\"Das H\u00f6fe-Hopping ist ein neues Weinfest in Wolf. Wirtin mit Herz \u2665 pers\u00f6nlich ???? reichhaltiges Fr\u00fchst\u00fcck ????sch\u00f6ne Terrasse????\ufe0fKlicken Sie hier!\" \/>\n<meta name=\"robots\" content=\"index, follow, max-snippet:-1, max-image-preview:large, max-video-preview:-1\" \/>\n<link rel=\"canonical\" href=\"https:\/\/pension-brigitte-henkel.de\/nl\/werfhoppen\/\" \/>\n<meta property=\"og:locale\" content=\"nl_NL\" \/>\n<meta property=\"og:type\" content=\"article\" \/>\n<meta property=\"og:title\" content=\"H\u00f6fe-Hopping\" \/>\n<meta property=\"og:description\" content=\"Das H\u00f6fe-Hopping ist ein neues Weinfest in Wolf. Wirtin mit Herz \u2665 pers\u00f6nlich ???? reichhaltiges Fr\u00fchst\u00fcck ????sch\u00f6ne Terrasse????\ufe0fKlicken Sie hier!\" \/>\n<meta property=\"og:url\" content=\"https:\/\/pension-brigitte-henkel.de\/nl\/werfhoppen\/\" \/>\n<meta property=\"og:site_name\" content=\"Pension Brigitte Henkel\" \/>\n<meta property=\"article:modified_time\" content=\"2024-03-25T17:33:41+00:00\" \/>\n<meta property=\"og:image\" content=\"https:\/\/pension-brigitte-henkel.de\/wp-content\/uploads\/2024\/03\/Comes-Weingut.png\" \/>\n<meta name=\"twitter:card\" content=\"summary_large_image\" \/>\n<meta name=\"twitter:label1\" content=\"Geschatte leestijd\" \/>\n\t<meta name=\"twitter:data1\" content=\"3 minuten\" \/>\n<!-- \/ Yoast SEO Premium plugin. -->","yoast_head_json":{"title":"Wolf's H\u00f6fe-Hopping wijnfestival een populair nieuw wijnfestival","description":"Boerderijhoppen is een nieuw wijnfestival in Wolf. Landlady met hart \u2665 persoonlijk ???? uitgebreid ontbijt ????mooi terras????\ufe0fKlik hier!","robots":{"index":"index","follow":"follow","max-snippet":"max-snippet:-1","max-image-preview":"max-image-preview:large","max-video-preview":"max-video-preview:-1"},"canonical":"https:\/\/pension-brigitte-henkel.de\/nl\/werfhoppen\/","og_locale":"nl_NL","og_type":"article","og_title":"H\u00f6fe-Hopping","og_description":"Das H\u00f6fe-Hopping ist ein neues Weinfest in Wolf. Wirtin mit Herz \u2665 pers\u00f6nlich ???? reichhaltiges Fr\u00fchst\u00fcck ????sch\u00f6ne Terrasse????\ufe0fKlicken Sie hier!","og_url":"https:\/\/pension-brigitte-henkel.de\/nl\/werfhoppen\/","og_site_name":"Pension Brigitte Henkel","article_modified_time":"2024-03-25T17:33:41+00:00","og_image":[{"url":"https:\/\/pension-brigitte-henkel.de\/wp-content\/uploads\/2024\/03\/Comes-Weingut.png","type":"","width":"","height":""}],"twitter_card":"summary_large_image","twitter_misc":{"Geschatte leestijd":"3 minuten"},"schema":{"@context":"https:\/\/schema.org","@graph":[{"@type":"WebPage","@id":"https:\/\/pension-brigitte-henkel.de\/hofe-hopping\/","url":"https:\/\/pension-brigitte-henkel.de\/hofe-hopping\/","name":"Wolf's H\u00f6fe-Hopping wijnfestival een populair nieuw wijnfestival","isPartOf":{"@id":"https:\/\/pension-brigitte-henkel.de\/#website"},"primaryImageOfPage":{"@id":"https:\/\/pension-brigitte-henkel.de\/hofe-hopping\/#primaryimage"},"image":{"@id":"https:\/\/pension-brigitte-henkel.de\/hofe-hopping\/#primaryimage"},"thumbnailUrl":"https:\/\/pension-brigitte-henkel.de\/wp-content\/uploads\/2024\/03\/Comes-Weingut.png","datePublished":"2017-01-08T21:40:44+00:00","dateModified":"2024-03-25T17:33:41+00:00","description":"Boerderijhoppen is een nieuw wijnfestival in Wolf. Landlady met hart \u2665 persoonlijk ???? uitgebreid ontbijt ????mooi terras????\ufe0fKlik hier!","breadcrumb":{"@id":"https:\/\/pension-brigitte-henkel.de\/hofe-hopping\/#breadcrumb"},"inLanguage":"nl-NL","potentialAction":[{"@type":"ReadAction","target":["https:\/\/pension-brigitte-henkel.de\/hofe-hopping\/"]}]},{"@type":"ImageObject","inLanguage":"nl-NL","@id":"https:\/\/pension-brigitte-henkel.de\/hofe-hopping\/#primaryimage","url":"https:\/\/pension-brigitte-henkel.de\/wp-content\/uploads\/2024\/03\/Comes-Weingut.png","contentUrl":"https:\/\/pension-brigitte-henkel.de\/wp-content\/uploads\/2024\/03\/Comes-Weingut.png"},{"@type":"BreadcrumbList","@id":"https:\/\/pension-brigitte-henkel.de\/hofe-hopping\/#breadcrumb","itemListElement":[{"@type":"ListItem","position":1,"name":"Startseite","item":"https:\/\/pension-brigitte-henkel.de\/"},{"@type":"ListItem","position":2,"name":"H\u00f6fe-Hopping"}]},{"@type":"WebSite","@id":"https:\/\/pension-brigitte-henkel.de\/#website","url":"https:\/\/pension-brigitte-henkel.de\/","name":"Pension Brigitte Henkel","description":"Gastvrouw met hart in Wolf\/Traben-Trarbach aan de Moezel","publisher":{"@id":"https:\/\/pension-brigitte-henkel.de\/#organization"},"potentialAction":[{"@type":"SearchAction","target":{"@type":"EntryPoint","urlTemplate":"https:\/\/pension-brigitte-henkel.de\/?s={search_term_string}"},"query-input":{"@type":"PropertyValueSpecification","valueRequired":true,"valueName":"search_term_string"}}],"inLanguage":"nl-NL"},{"@type":"Organization","@id":"https:\/\/pension-brigitte-henkel.de\/#organization","name":"Pension Brigitte Henkel","url":"https:\/\/pension-brigitte-henkel.de\/","logo":{"@type":"ImageObject","inLanguage":"nl-NL","@id":"https:\/\/pension-brigitte-henkel.de\/#\/schema\/logo\/image\/","url":"https:\/\/pension-brigitte-henkel.de\/wp-content\/uploads\/2020\/08\/Logo-transparent.png","contentUrl":"https:\/\/pension-brigitte-henkel.de\/wp-content\/uploads\/2020\/08\/Logo-transparent.png","width":534,"height":123,"caption":"Pension Brigitte Henkel"},"image":{"@id":"https:\/\/pension-brigitte-henkel.de\/#\/schema\/logo\/image\/"}}]}},"_links":{"self":[{"href":"https:\/\/pension-brigitte-henkel.de\/nl\/wp-json\/wp\/v2\/pages\/292","targetHints":{"allow":["GET"]}}],"collection":[{"href":"https:\/\/pension-brigitte-henkel.de\/nl\/wp-json\/wp\/v2\/pages"}],"about":[{"href":"https:\/\/pension-brigitte-henkel.de\/nl\/wp-json\/wp\/v2\/types\/page"}],"author":[{"embeddable":true,"href":"https:\/\/pension-brigitte-henkel.de\/nl\/wp-json\/wp\/v2\/users\/1"}],"replies":[{"embeddable":true,"href":"https:\/\/pension-brigitte-henkel.de\/nl\/wp-json\/wp\/v2\/comments?post=292"}],"version-history":[{"count":0,"href":"https:\/\/pension-brigitte-henkel.de\/nl\/wp-json\/wp\/v2\/pages\/292\/revisions"}],"wp:attachment":[{"href":"https:\/\/pension-brigitte-henkel.de\/nl\/wp-json\/wp\/v2\/media?parent=292"}],"curies":[{"name":"wp","href":"https:\/\/api.w.org\/{rel}","templated":true}]}}