{"id":216,"date":"2017-01-03T00:09:12","date_gmt":"2017-01-02T23:09:12","guid":{"rendered":"https:\/\/pension-brigitte-henkel.de\/?page_id=216"},"modified":"2019-02-24T00:21:43","modified_gmt":"2019-02-23T23:21:43","slug":"pensioen","status":"publish","type":"page","link":"https:\/\/pension-brigitte-henkel.de\/nl\/pensioen\/","title":{"rendered":"pension"},"content":{"rendered":"<h1>Unser Profil<\/h1>\n<h3>Unsere Pension hei\u00dft Sie willkommen<\/h3>\n<p><i>Sie m\u00f6chten gerne an die Mosel kommen? Dann machen Sie sich doch mal ein Bild von<a href=\"httpss:\/\/pension-brigitte-henkel.de\/ihre-pension-im-herzen-von-wolf\/\">Wolf<\/a>, unser romantisches kleines Dorf mit einer langen Geschichte und einem der \u00e4ltesten Klosterruinen an der Mosel. Au\u00dferdem ist unser Standort zentral an der Mosel gelegen und somit haben Sie etwa die gleiche Entfernung von Trier nach Wolf, wie wenn Sie von Wolf nach Koblenz fahren. Die beiden Touristenst\u00e4dte Cochem und Bernkastel-Kues sind ebenfalls leicht zu erreichen. Wenn Sie auf dem Weg nach Cochem sind mit Ihrem Fahrrad, dann machen Sie doch auch mal Rast und \u00fcbernachten Sie bei uns. Sie sind in unserer Pension <strong>Herzlich Willkommen<\/strong>.<\/i><\/p>\n<h2>Was Sie bei uns alles bekommen [wp-svg-icons icon=&#8220;cool&#8220; wrap=&#8220;i&#8220;]<\/h2>\n<p>[wp-svg-icons icon=&#8220;point-right&#8220; wrap=&#8220;i&#8220;] Eine gro\u00dfe Garage f\u00fcr ihr Fahrrad oder selbst Kanu<\/p>\n<p><br class=\"clear\">[wp-svg-icons icon=&#8220;point-right&#8220; wrap=&#8220;i&#8220;] Eine Terrasse inmitten von Oleanderbl\u00fcten<\/p>\n<p><br class=\"clear\">[wp-svg-icons icon=&#8220;point-right&#8220; wrap=&#8220;i&#8220;] Weinlaube f\u00fcr einen gem\u00fctlichen Abend<\/p>\n<p><br class=\"clear\">[wp-svg-icons icon=&#8220;point-right&#8220; wrap=&#8220;i&#8220;] Kinderfreundliche Unterkunft<\/p>\n<p><br class=\"clear\">[wp-svg-icons icon=&#8220;point-right&#8220; wrap=&#8220;i&#8220;] Eine ruhige Nacht in einem kleinen Dorf<\/p>\n<p><br class=\"clear\">[wp-svg-icons icon=&#8220;point-right&#8220; wrap=&#8220;i&#8220;] warmer pers\u00f6nlicher Kontakt<\/p>\n<p><br class=\"clear\">[wp-svg-icons icon=&#8220;point-right&#8220; wrap=&#8220;i&#8220;] liebevoll und romantische Schlafzimmer in den Ferienwohnungen<\/p>\n<p><br class=\"clear\"><\/p>\n<blockquote><p>Bei uns werden Sie sicherlich einmal abschalten k\u00f6nnen, sodass Ihre Sorgen mit dem Strom der Mosel abtreiben. Bei sonnigem Wetter sind die Weinberge ein traumhafter Anblick und laden zu Aktivit\u00e4ten rund um die Mosel an.<\/p><\/blockquote>\n<table style=\"height: 289px;\" width=\"801\">\n<tbody>\n<tr>\n<td><a href=\"httpss:\/\/pension-brigitte-henkel.de\/wp-content\/uploads\/2017\/01\/schirm-e1484836502474.jpg\" data-lightbox=\"image-h10\" data-title=\"Sonne &amp; Oleanderbl\u00fcten\"><img fetchpriority=\"high\" decoding=\"async\" class=\"bilderhome\" src=\"httpss:\/\/pension-brigitte-henkel.de\/wp-content\/uploads\/2017\/01\/zwischen-den-Blumen-300x192.png\" alt=\"Fr\u00fchst\u00fccken Sie drau\u00dfen\" width=\"300\" height=\"197\"><\/a><\/td>\n<td>&nbsp;Bei uns sitzen Sie am genau richtigen Fleck. In mitten von Blumen genie\u00dfen Sie den Sommer und den Wein in vollen Z\u00fcgen. Wir laden Sie gerne ein.<\/td>\n<\/tr>\n<tr>\n<td><strong>Kommen Sie nur rein zu uns<\/strong><\/td>\n<td><a href=\"httpss:\/\/pension-brigitte-henkel.de\/wp-content\/uploads\/2017\/01\/057.jpg\" data-lightbox=\"image-h10\" data-title=\"Eingangsbereich\"><img decoding=\"async\" class=\"bilderhome\" src=\"httpss:\/\/pension-brigitte-henkel.de\/wp-content\/uploads\/2017\/01\/Haus-300x197.png\" alt=\"Terrasse mit Oleanderbl\u00fcten\" width=\"300\" height=\"197\"><\/a><\/td>\n<\/tr>\n<tr>\n<td><a href=\"httpss:\/\/pension-brigitte-henkel.de\/wp-content\/uploads\/2017\/01\/pension-e1484836437160.jpg\" data-lightbox=\"image-h10\" data-title=\"Ihre Pension\"><img decoding=\"async\" class=\"bilderhome\" src=\"httpss:\/\/pension-brigitte-henkel.de\/wp-content\/uploads\/2017\/01\/pension-e1484836437160.jpg\" alt=\"Pension mit Blumen\" width=\"300\" height=\"197\"><\/a><\/td>\n<td>Wir wollen nicht nur Ihnen ein sch\u00f6nes Zimmer bieten. Auch alles drum herum soll passend f\u00fcr Sie sein<\/td>\n<\/tr>\n<\/tbody>\n<\/table>\n","protected":false},"excerpt":{"rendered":"<p>Ons profiel Ons pension heet u van harte welkom Wilt u naar de Moezel komen? Kijk dan eens bij Wolf, ons romantische dorpje met een lange geschiedenis en een van de oudste kloosterru\u00efnes aan de Moezel. Bovendien ligt onze locatie centraal aan de Moezel en daardoor heb je ongeveer dezelfde... <\/p>\n<div class=\"clear\"><\/div>\n<p><a href=\"https:\/\/pension-brigitte-henkel.de\/nl\/pensioen\/\" class=\"excerpt-read-more\">Verder lezen<i class=\"fa fa-long-arrow-right icon-long-arrow-right\"><\/i><\/a><\/p>","protected":false},"author":1,"featured_media":0,"parent":0,"menu_order":0,"comment_status":"closed","ping_status":"closed","template":"","meta":{"footnotes":""},"class_list":["post-216","page","type-page","status-publish","hentry"],"yoast_head":"<!-- This site is optimized with the Yoast SEO Premium plugin v26.4 (Yoast SEO v27.5) - https:\/\/yoast.com\/product\/yoast-seo-premium-wordpress\/ -->\n<title>Unterkunft mit liebevollen G\u00e4stezimmern. Einfach eine Pension mit herzlicher Wirtin<\/title>\n<meta name=\"description\" content=\"\u00dcbernachten in Wolf an der Mosel ? Wir sind Ihre Pension f\u00fcr ein gutes Fr\u00fchst\u00fcck und mit liebevoll eingerichteten Zimmern und schnellem Wlan.\" \/>\n<meta name=\"robots\" content=\"index, follow, max-snippet:-1, max-image-preview:large, max-video-preview:-1\" \/>\n<link rel=\"canonical\" href=\"https:\/\/pension-brigitte-henkel.de\/nl\/pensioen\/\" \/>\n<meta property=\"og:locale\" content=\"nl_NL\" \/>\n<meta property=\"og:type\" content=\"article\" \/>\n<meta property=\"og:title\" content=\"Pension\" \/>\n<meta property=\"og:description\" content=\"\u00dcbernachten in Wolf an der Mosel ? Wir sind Ihre Pension f\u00fcr ein gutes Fr\u00fchst\u00fcck und mit liebevoll eingerichteten Zimmern und schnellem Wlan.\" \/>\n<meta property=\"og:url\" content=\"https:\/\/pension-brigitte-henkel.de\/nl\/pensioen\/\" \/>\n<meta property=\"og:site_name\" content=\"Pension Brigitte Henkel\" \/>\n<meta property=\"article:modified_time\" content=\"2019-02-23T23:21:43+00:00\" \/>\n<meta property=\"og:image\" content=\"\" \/>\n<meta name=\"twitter:card\" content=\"summary_large_image\" \/>\n<meta name=\"twitter:label1\" content=\"Geschatte leestijd\" \/>\n\t<meta name=\"twitter:data1\" content=\"1 minuut\" \/>\n<!-- \/ Yoast SEO Premium plugin. -->","yoast_head_json":{"title":"Accommodatie met mooie gastenkamers. Gewoon een pension met een vriendelijke eigenaresse","description":"Overnachten in Wolf aan de Moezel? Wij zijn uw pension voor een goed ontbijt en met liefdevol ingerichte kamers en snelle wifi.","robots":{"index":"index","follow":"follow","max-snippet":"max-snippet:-1","max-image-preview":"max-image-preview:large","max-video-preview":"max-video-preview:-1"},"canonical":"https:\/\/pension-brigitte-henkel.de\/nl\/pensioen\/","og_locale":"nl_NL","og_type":"article","og_title":"Pension","og_description":"\u00dcbernachten in Wolf an der Mosel ? Wir sind Ihre Pension f\u00fcr ein gutes Fr\u00fchst\u00fcck und mit liebevoll eingerichteten Zimmern und schnellem Wlan.","og_url":"https:\/\/pension-brigitte-henkel.de\/nl\/pensioen\/","og_site_name":"Pension Brigitte Henkel","article_modified_time":"2019-02-23T23:21:43+00:00","og_image":[{"url":"httpss:\/\/pension-brigitte-henkel.de\/wp-content\/uploads\/2017\/01\/zwischen-den-Blumen-300x192.png","type":"","width":"","height":""}],"twitter_card":"summary_large_image","twitter_misc":{"Geschatte leestijd":"1 minuut"},"schema":{"@context":"https:\/\/schema.org","@graph":[{"@type":"WebPage","@id":"https:\/\/pension-brigitte-henkel.de\/pension\/","url":"https:\/\/pension-brigitte-henkel.de\/pension\/","name":"Accommodatie met mooie gastenkamers. Gewoon een pension met een vriendelijke eigenaresse","isPartOf":{"@id":"https:\/\/pension-brigitte-henkel.de\/#website"},"primaryImageOfPage":{"@id":"https:\/\/pension-brigitte-henkel.de\/pension\/#primaryimage"},"image":{"@id":"https:\/\/pension-brigitte-henkel.de\/pension\/#primaryimage"},"thumbnailUrl":"httpss:\/\/pension-brigitte-henkel.de\/wp-content\/uploads\/2017\/01\/zwischen-den-Blumen-300x192.png","datePublished":"2017-01-02T23:09:12+00:00","dateModified":"2019-02-23T23:21:43+00:00","description":"Overnachten in Wolf aan de Moezel? Wij zijn uw pension voor een goed ontbijt en met liefdevol ingerichte kamers en snelle wifi.","breadcrumb":{"@id":"https:\/\/pension-brigitte-henkel.de\/pension\/#breadcrumb"},"inLanguage":"nl-NL","potentialAction":[{"@type":"ReadAction","target":["https:\/\/pension-brigitte-henkel.de\/pension\/"]}]},{"@type":"ImageObject","inLanguage":"nl-NL","@id":"https:\/\/pension-brigitte-henkel.de\/pension\/#primaryimage","url":"httpss:\/\/pension-brigitte-henkel.de\/wp-content\/uploads\/2017\/01\/zwischen-den-Blumen-300x192.png","contentUrl":"httpss:\/\/pension-brigitte-henkel.de\/wp-content\/uploads\/2017\/01\/zwischen-den-Blumen-300x192.png"},{"@type":"BreadcrumbList","@id":"https:\/\/pension-brigitte-henkel.de\/pension\/#breadcrumb","itemListElement":[{"@type":"ListItem","position":1,"name":"Startseite","item":"https:\/\/pension-brigitte-henkel.de\/"},{"@type":"ListItem","position":2,"name":"Pension"}]},{"@type":"WebSite","@id":"https:\/\/pension-brigitte-henkel.de\/#website","url":"https:\/\/pension-brigitte-henkel.de\/","name":"Pension Brigitte Henkel","description":"Gastvrouw met hart in Wolf\/Traben-Trarbach aan de Moezel","publisher":{"@id":"https:\/\/pension-brigitte-henkel.de\/#organization"},"potentialAction":[{"@type":"SearchAction","target":{"@type":"EntryPoint","urlTemplate":"https:\/\/pension-brigitte-henkel.de\/?s={search_term_string}"},"query-input":{"@type":"PropertyValueSpecification","valueRequired":true,"valueName":"search_term_string"}}],"inLanguage":"nl-NL"},{"@type":"Organization","@id":"https:\/\/pension-brigitte-henkel.de\/#organization","name":"Pension Brigitte Henkel","url":"https:\/\/pension-brigitte-henkel.de\/","logo":{"@type":"ImageObject","inLanguage":"nl-NL","@id":"https:\/\/pension-brigitte-henkel.de\/#\/schema\/logo\/image\/","url":"https:\/\/pension-brigitte-henkel.de\/wp-content\/uploads\/2020\/08\/Logo-transparent.png","contentUrl":"https:\/\/pension-brigitte-henkel.de\/wp-content\/uploads\/2020\/08\/Logo-transparent.png","width":534,"height":123,"caption":"Pension Brigitte Henkel"},"image":{"@id":"https:\/\/pension-brigitte-henkel.de\/#\/schema\/logo\/image\/"}}]}},"_links":{"self":[{"href":"https:\/\/pension-brigitte-henkel.de\/nl\/wp-json\/wp\/v2\/pages\/216","targetHints":{"allow":["GET"]}}],"collection":[{"href":"https:\/\/pension-brigitte-henkel.de\/nl\/wp-json\/wp\/v2\/pages"}],"about":[{"href":"https:\/\/pension-brigitte-henkel.de\/nl\/wp-json\/wp\/v2\/types\/page"}],"author":[{"embeddable":true,"href":"https:\/\/pension-brigitte-henkel.de\/nl\/wp-json\/wp\/v2\/users\/1"}],"replies":[{"embeddable":true,"href":"https:\/\/pension-brigitte-henkel.de\/nl\/wp-json\/wp\/v2\/comments?post=216"}],"version-history":[{"count":0,"href":"https:\/\/pension-brigitte-henkel.de\/nl\/wp-json\/wp\/v2\/pages\/216\/revisions"}],"wp:attachment":[{"href":"https:\/\/pension-brigitte-henkel.de\/nl\/wp-json\/wp\/v2\/media?parent=216"}],"curies":[{"name":"wp","href":"https:\/\/api.w.org\/{rel}","templated":true}]}}