{"id":869,"date":"2017-06-26T21:40:43","date_gmt":"2017-06-26T19:40:43","guid":{"rendered":"https:\/\/pension-brigitte-henkel.de\/?page_id=869"},"modified":"2025-07-24T14:27:31","modified_gmt":"2025-07-24T12:27:31","slug":"apartamento-mose","status":"publish","type":"page","link":"https:\/\/pension-brigitte-henkel.de\/es\/apartamento-mose\/","title":{"rendered":"Nuestro apartamento vacacional en el Medio Mosela"},"content":{"rendered":"<p>Mi pensi\u00f3n, situada en la regi\u00f3n del Mosela Medio, ofrece dos rom\u00e1nticos apartamentos vacacionales. Al\u00f3jese en mi rom\u00e1ntica casa de entramado de madera y disfrute de total tranquilidad y privacidad. Gracias a una r\u00e1pida conexi\u00f3n de fibra \u00f3ptica, nuestros apartamentos disponen de wifi de alta velocidad (25 Mb\/s). Si por la noche le apetece ver las noticias o una pel\u00edcula, cada sal\u00f3n de los apartamentos cuenta con un televisor de pantalla plana.<br \/>\nGracias a la ubicaci\u00f3n c\u00e9ntrica de nuestros dos apartamentos vacacionales en el centro del pueblo, en pocos minutos a pie llegar\u00e1 directamente a uno de nuestros restaurantes.<\/p>\n<p>A solo cincuenta metros de distancia de los dos apartamentos vacacionales se encuentra nuestra orilla del Mosela. Desde all\u00ed le espera una impresionante vista de 180\u00b0 sobre los escarpados vi\u00f1edos y, por supuesto, sobre el Mosela.<\/p>\n<h3>Nuestro apartamento vacacional en pocas palabras<\/h3>\n<p>\ud83c\udfe1 <strong>Alojamiento para cuatro personas<\/strong><\/p>\n<p>\ud83d\udcfb Sala de estar con TV<\/p>\n<p>\ud83c\udf74 Varios restaurantes, terrazas y tabernas en las inmediaciones.<\/p>\n<p>\ud83c\udf75 Cocina independiente y bien equipada.<\/p>\n<p>\u2728 Pabell\u00f3n en una glorieta cubierta de parras frente a la puerta del apartamento.<\/p>","protected":false},"excerpt":{"rendered":"<p>Mi casa de hu\u00e9spedes ofrece dos rom\u00e1nticos apartamentos de vacaciones en el Mosela Medio. Pase la noche conmigo en una rom\u00e1ntica casa con entramado de madera. Disfrutar\u00e1 de total tranquilidad y privacidad. Gracias a un r\u00e1pido cable de fibra \u00f3ptica dispondr\u00e1 de una r\u00e1pida W-Lan (Wifi) de 25 mb\/s en nuestros pisos de vacaciones. Si quiere ver las noticias o una pel\u00edcula por la noche, hay un televisor en cada sal\u00f3n. <\/p>\n<div class=\"clear\"><\/div>\n<p><a href=\"https:\/\/pension-brigitte-henkel.de\/es\/apartamento-mose\/\" class=\"excerpt-read-more\">Continuar leyendo<i class=\"fa fa-long-arrow-right icon-long-arrow-right\"><\/i><\/a><\/p>","protected":false},"author":1,"featured_media":0,"parent":0,"menu_order":0,"comment_status":"closed","ping_status":"closed","template":"","meta":{"footnotes":""},"class_list":["post-869","page","type-page","status-publish","hentry"],"yoast_head":"<!-- This site is optimized with the Yoast SEO Premium plugin v26.4 (Yoast SEO v27.4) - https:\/\/yoast.com\/product\/yoast-seo-premium-wordpress\/ -->\n<title>Unsere Ferienwohnung an der Mittelmosel - Pension Brigitte Henkel<\/title>\n<meta name=\"robots\" content=\"index, follow, max-snippet:-1, max-image-preview:large, max-video-preview:-1\" \/>\n<link rel=\"canonical\" href=\"https:\/\/pension-brigitte-henkel.de\/es\/apartamento-mose\/\" \/>\n<meta property=\"og:locale\" content=\"es_ES\" \/>\n<meta property=\"og:type\" content=\"article\" \/>\n<meta property=\"og:title\" content=\"Unsere Ferienwohnung an der Mittelmosel\" \/>\n<meta property=\"og:description\" content=\"An der Mittelmosel bietet meine Pension zwei romantische Ferienwohnungen an. \u00dcbernachten Sie bei mir in einem romantischen Fachwerkhaus. Dabei genie\u00dfen Sie v\u00f6llige Ruhe und Privatsph\u00e4re. Dank einer schnellen Glasfaserleitung haben Sie in unseren Ferienwohnungen ein schnelles W-Lan (Wifi) mit 25 mb\/s. Wenn Sie Abends die Nachrichten oder einen Film schauen m\u00f6chten, dann steht\u00a0in jedem Wohnzimmer... Continue Reading\" \/>\n<meta property=\"og:url\" content=\"https:\/\/pension-brigitte-henkel.de\/es\/apartamento-mose\/\" \/>\n<meta property=\"og:site_name\" content=\"Pension Brigitte Henkel\" \/>\n<meta property=\"article:modified_time\" content=\"2025-07-24T12:27:31+00:00\" \/>\n<meta name=\"twitter:card\" content=\"summary_large_image\" \/>\n<meta name=\"twitter:label1\" content=\"Tiempo de lectura\" \/>\n\t<meta name=\"twitter:data1\" content=\"1 minuto\" \/>\n<!-- \/ Yoast SEO Premium plugin. -->","yoast_head_json":{"title":"Nuestro apartamento vacacional en el Medio Mosela - Pensi\u00f3n Brigitte Henkel","robots":{"index":"index","follow":"follow","max-snippet":"max-snippet:-1","max-image-preview":"max-image-preview:large","max-video-preview":"max-video-preview:-1"},"canonical":"https:\/\/pension-brigitte-henkel.de\/es\/apartamento-mose\/","og_locale":"es_ES","og_type":"article","og_title":"Unsere Ferienwohnung an der Mittelmosel","og_description":"An der Mittelmosel bietet meine Pension zwei romantische Ferienwohnungen an. \u00dcbernachten Sie bei mir in einem romantischen Fachwerkhaus. Dabei genie\u00dfen Sie v\u00f6llige Ruhe und Privatsph\u00e4re. Dank einer schnellen Glasfaserleitung haben Sie in unseren Ferienwohnungen ein schnelles W-Lan (Wifi) mit 25 mb\/s. Wenn Sie Abends die Nachrichten oder einen Film schauen m\u00f6chten, dann steht\u00a0in jedem Wohnzimmer... Continue Reading","og_url":"https:\/\/pension-brigitte-henkel.de\/es\/apartamento-mose\/","og_site_name":"Pension Brigitte Henkel","article_modified_time":"2025-07-24T12:27:31+00:00","twitter_card":"summary_large_image","twitter_misc":{"Tiempo de lectura":"1 minuto"},"schema":{"@context":"https:\/\/schema.org","@graph":[{"@type":"WebPage","@id":"https:\/\/pension-brigitte-henkel.de\/mose-ferienwohnung\/","url":"https:\/\/pension-brigitte-henkel.de\/mose-ferienwohnung\/","name":"Nuestro apartamento vacacional en el Medio Mosela - Pensi\u00f3n Brigitte Henkel","isPartOf":{"@id":"https:\/\/pension-brigitte-henkel.de\/#website"},"datePublished":"2017-06-26T19:40:43+00:00","dateModified":"2025-07-24T12:27:31+00:00","breadcrumb":{"@id":"https:\/\/pension-brigitte-henkel.de\/mose-ferienwohnung\/#breadcrumb"},"inLanguage":"es","potentialAction":[{"@type":"ReadAction","target":["https:\/\/pension-brigitte-henkel.de\/mose-ferienwohnung\/"]}]},{"@type":"BreadcrumbList","@id":"https:\/\/pension-brigitte-henkel.de\/mose-ferienwohnung\/#breadcrumb","itemListElement":[{"@type":"ListItem","position":1,"name":"Startseite","item":"https:\/\/pension-brigitte-henkel.de\/"},{"@type":"ListItem","position":2,"name":"Unsere Ferienwohnung an der Mittelmosel"}]},{"@type":"WebSite","@id":"https:\/\/pension-brigitte-henkel.de\/#website","url":"https:\/\/pension-brigitte-henkel.de\/","name":"Pensi\u00f3n Brigitte Henkel","description":"Anfitriona con coraz\u00f3n en Wolf\/Traben-Trarbach, a orillas del Mosela","publisher":{"@id":"https:\/\/pension-brigitte-henkel.de\/#organization"},"potentialAction":[{"@type":"SearchAction","target":{"@type":"EntryPoint","urlTemplate":"https:\/\/pension-brigitte-henkel.de\/?s={search_term_string}"},"query-input":{"@type":"PropertyValueSpecification","valueRequired":true,"valueName":"search_term_string"}}],"inLanguage":"es"},{"@type":"Organization","@id":"https:\/\/pension-brigitte-henkel.de\/#organization","name":"Pensi\u00f3n Brigitte Henkel","url":"https:\/\/pension-brigitte-henkel.de\/","logo":{"@type":"ImageObject","inLanguage":"es","@id":"https:\/\/pension-brigitte-henkel.de\/#\/schema\/logo\/image\/","url":"https:\/\/pension-brigitte-henkel.de\/wp-content\/uploads\/2020\/08\/Logo-transparent.png","contentUrl":"https:\/\/pension-brigitte-henkel.de\/wp-content\/uploads\/2020\/08\/Logo-transparent.png","width":534,"height":123,"caption":"Pension Brigitte Henkel"},"image":{"@id":"https:\/\/pension-brigitte-henkel.de\/#\/schema\/logo\/image\/"}}]}},"_links":{"self":[{"href":"https:\/\/pension-brigitte-henkel.de\/es\/wp-json\/wp\/v2\/pages\/869","targetHints":{"allow":["GET"]}}],"collection":[{"href":"https:\/\/pension-brigitte-henkel.de\/es\/wp-json\/wp\/v2\/pages"}],"about":[{"href":"https:\/\/pension-brigitte-henkel.de\/es\/wp-json\/wp\/v2\/types\/page"}],"author":[{"embeddable":true,"href":"https:\/\/pension-brigitte-henkel.de\/es\/wp-json\/wp\/v2\/users\/1"}],"replies":[{"embeddable":true,"href":"https:\/\/pension-brigitte-henkel.de\/es\/wp-json\/wp\/v2\/comments?post=869"}],"version-history":[{"count":1,"href":"https:\/\/pension-brigitte-henkel.de\/es\/wp-json\/wp\/v2\/pages\/869\/revisions"}],"predecessor-version":[{"id":5811,"href":"https:\/\/pension-brigitte-henkel.de\/es\/wp-json\/wp\/v2\/pages\/869\/revisions\/5811"}],"wp:attachment":[{"href":"https:\/\/pension-brigitte-henkel.de\/es\/wp-json\/wp\/v2\/media?parent=869"}],"curies":[{"name":"wp","href":"https:\/\/api.w.org\/{rel}","templated":true}]}}