{"id":66,"date":"2016-09-09T20:44:36","date_gmt":"2016-09-09T18:44:36","guid":{"rendered":"https:\/\/testareaweb.wordpress.com\/?page_id=66"},"modified":"2025-07-24T02:53:59","modified_gmt":"2025-07-24T00:53:59","slug":"actividades-deportivas","status":"publish","type":"page","link":"https:\/\/pension-brigitte-henkel.de\/es\/actividades-deportivas\/","title":{"rendered":"Actividades deportivas: vacaciones en el Mosela"},"content":{"rendered":"","protected":false},"excerpt":{"rendered":"","protected":false},"author":1,"featured_media":0,"parent":0,"menu_order":0,"comment_status":"closed","ping_status":"closed","template":"","meta":{"footnotes":""},"class_list":["post-66","page","type-page","status-publish","hentry"],"yoast_head":"<!-- This site is optimized with the Yoast SEO Premium plugin v26.4 (Yoast SEO v27.4) - https:\/\/yoast.com\/product\/yoast-seo-premium-wordpress\/ -->\n<title>Fahrrad- oder Kanutour. Finden Sie hier Informationen zu ihrer sportlichen Planung<\/title>\n<meta name=\"description\" content=\"Finden Sie hier Informationen zu einer gelungenen Fahrradtour oder anderen sportlichen M\u00f6glichkeiten die Mosel einmal in Ihrer vollen L\u00e4nge zu betrachten\" \/>\n<meta name=\"robots\" content=\"index, follow, max-snippet:-1, max-image-preview:large, max-video-preview:-1\" \/>\n<link rel=\"canonical\" href=\"https:\/\/pension-brigitte-henkel.de\/es\/actividades-deportivas\/\" \/>\n<meta property=\"og:locale\" content=\"es_ES\" \/>\n<meta property=\"og:type\" content=\"article\" \/>\n<meta property=\"og:title\" content=\"Sportliche Aktivit\u00e4ten - Urlaub an der Mosel\" \/>\n<meta property=\"og:description\" content=\"Finden Sie hier Informationen zu einer gelungenen Fahrradtour oder anderen sportlichen M\u00f6glichkeiten die Mosel einmal in Ihrer vollen L\u00e4nge zu betrachten\" \/>\n<meta property=\"og:url\" content=\"https:\/\/pension-brigitte-henkel.de\/es\/actividades-deportivas\/\" \/>\n<meta property=\"og:site_name\" content=\"Pension Brigitte Henkel\" \/>\n<meta property=\"article:modified_time\" content=\"2025-07-24T00:53:59+00:00\" \/>\n<meta name=\"twitter:card\" content=\"summary_large_image\" \/>\n<!-- \/ Yoast SEO Premium plugin. -->","yoast_head_json":{"title":"Excursi\u00f3n en bicicleta o en canoa. Aqu\u00ed encontrar\u00e1 informaci\u00f3n para planificar sus actividades deportivas.","description":"Aqu\u00ed encontrar\u00e1 informaci\u00f3n sobre una ruta en bicicleta muy recomendable y otras actividades deportivas para recorrer el Mosela en toda su extensi\u00f3n.","robots":{"index":"index","follow":"follow","max-snippet":"max-snippet:-1","max-image-preview":"max-image-preview:large","max-video-preview":"max-video-preview:-1"},"canonical":"https:\/\/pension-brigitte-henkel.de\/es\/actividades-deportivas\/","og_locale":"es_ES","og_type":"article","og_title":"Sportliche Aktivit\u00e4ten - Urlaub an der Mosel","og_description":"Finden Sie hier Informationen zu einer gelungenen Fahrradtour oder anderen sportlichen M\u00f6glichkeiten die Mosel einmal in Ihrer vollen L\u00e4nge zu betrachten","og_url":"https:\/\/pension-brigitte-henkel.de\/es\/actividades-deportivas\/","og_site_name":"Pension Brigitte Henkel","article_modified_time":"2025-07-24T00:53:59+00:00","twitter_card":"summary_large_image","schema":{"@context":"https:\/\/schema.org","@graph":[{"@type":"WebPage","@id":"https:\/\/pension-brigitte-henkel.de\/sportliche-aktivitaeten\/","url":"https:\/\/pension-brigitte-henkel.de\/sportliche-aktivitaeten\/","name":"Excursi\u00f3n en bicicleta o en canoa. Aqu\u00ed encontrar\u00e1 informaci\u00f3n para planificar sus actividades deportivas.","isPartOf":{"@id":"https:\/\/pension-brigitte-henkel.de\/#website"},"datePublished":"2016-09-09T18:44:36+00:00","dateModified":"2025-07-24T00:53:59+00:00","description":"Aqu\u00ed encontrar\u00e1 informaci\u00f3n sobre una ruta en bicicleta muy recomendable y otras actividades deportivas para recorrer el Mosela en toda su extensi\u00f3n.","breadcrumb":{"@id":"https:\/\/pension-brigitte-henkel.de\/sportliche-aktivitaeten\/#breadcrumb"},"inLanguage":"es","potentialAction":[{"@type":"ReadAction","target":["https:\/\/pension-brigitte-henkel.de\/sportliche-aktivitaeten\/"]}]},{"@type":"BreadcrumbList","@id":"https:\/\/pension-brigitte-henkel.de\/sportliche-aktivitaeten\/#breadcrumb","itemListElement":[{"@type":"ListItem","position":1,"name":"Startseite","item":"https:\/\/pension-brigitte-henkel.de\/"},{"@type":"ListItem","position":2,"name":"Sportliche Aktivit\u00e4ten &#8211; Urlaub an der Mosel"}]},{"@type":"WebSite","@id":"https:\/\/pension-brigitte-henkel.de\/#website","url":"https:\/\/pension-brigitte-henkel.de\/","name":"Pensi\u00f3n Brigitte Henkel","description":"Anfitriona con coraz\u00f3n en Wolf\/Traben-Trarbach, a orillas del Mosela","publisher":{"@id":"https:\/\/pension-brigitte-henkel.de\/#organization"},"potentialAction":[{"@type":"SearchAction","target":{"@type":"EntryPoint","urlTemplate":"https:\/\/pension-brigitte-henkel.de\/?s={search_term_string}"},"query-input":{"@type":"PropertyValueSpecification","valueRequired":true,"valueName":"search_term_string"}}],"inLanguage":"es"},{"@type":"Organization","@id":"https:\/\/pension-brigitte-henkel.de\/#organization","name":"Pensi\u00f3n Brigitte Henkel","url":"https:\/\/pension-brigitte-henkel.de\/","logo":{"@type":"ImageObject","inLanguage":"es","@id":"https:\/\/pension-brigitte-henkel.de\/#\/schema\/logo\/image\/","url":"https:\/\/pension-brigitte-henkel.de\/wp-content\/uploads\/2020\/08\/Logo-transparent.png","contentUrl":"https:\/\/pension-brigitte-henkel.de\/wp-content\/uploads\/2020\/08\/Logo-transparent.png","width":534,"height":123,"caption":"Pension Brigitte Henkel"},"image":{"@id":"https:\/\/pension-brigitte-henkel.de\/#\/schema\/logo\/image\/"}}]}},"_links":{"self":[{"href":"https:\/\/pension-brigitte-henkel.de\/es\/wp-json\/wp\/v2\/pages\/66","targetHints":{"allow":["GET"]}}],"collection":[{"href":"https:\/\/pension-brigitte-henkel.de\/es\/wp-json\/wp\/v2\/pages"}],"about":[{"href":"https:\/\/pension-brigitte-henkel.de\/es\/wp-json\/wp\/v2\/types\/page"}],"author":[{"embeddable":true,"href":"https:\/\/pension-brigitte-henkel.de\/es\/wp-json\/wp\/v2\/users\/1"}],"replies":[{"embeddable":true,"href":"https:\/\/pension-brigitte-henkel.de\/es\/wp-json\/wp\/v2\/comments?post=66"}],"version-history":[{"count":1,"href":"https:\/\/pension-brigitte-henkel.de\/es\/wp-json\/wp\/v2\/pages\/66\/revisions"}],"predecessor-version":[{"id":5759,"href":"https:\/\/pension-brigitte-henkel.de\/es\/wp-json\/wp\/v2\/pages\/66\/revisions\/5759"}],"wp:attachment":[{"href":"https:\/\/pension-brigitte-henkel.de\/es\/wp-json\/wp\/v2\/media?parent=66"}],"curies":[{"name":"wp","href":"https:\/\/api.w.org\/{rel}","templated":true}]}}