{"id":5907,"date":"2026-05-01T10:07:30","date_gmt":"2026-05-01T08:07:30","guid":{"rendered":"https:\/\/pension-brigitte-henkel.de\/datenschutz\/"},"modified":"2026-05-01T10:07:30","modified_gmt":"2026-05-01T08:07:30","slug":"proteccion-de-datos","status":"publish","type":"page","link":"https:\/\/pension-brigitte-henkel.de\/es\/proteccion-de-datos\/","title":{"rendered":"Pol\u00edtica de privacidad"},"content":{"rendered":"<h2>1. persona responsable<\/h2>\n<p>El responsable del tratamiento en el sentido del Reglamento general de protecci\u00f3n de datos (RGPD) es<\/p>\n<p><strong>Brigitte Henkel<\/strong><br \/>Pensi\u00f3n Brigitte Henkel<br \/>Baldesgraben 12<br \/>56841 Traben-Trarbach\/Wolf<br \/>Alemania<\/p>\n<p>Tel\u00e9fono: +49 (0)65419262<br \/>correo electr\u00f3nico: <a href=\"mailto:pension.brigitte.henkel@gmail.com\">pension.brigitte.henkel@gmail.com<\/a><\/p>\n<h2>2. informaci\u00f3n general<\/h2>\n<p>La protecci\u00f3n de sus datos personales es importante para nosotros. Procesamos sus datos exclusivamente sobre la base de las disposiciones legales (GDPR, BDSG). Esta pol\u00edtica de privacidad le informa sobre los aspectos m\u00e1s importantes del tratamiento de datos en nuestro sitio web.<\/p>\n<h2>3. archivos de registro del servidor y del alojamiento<\/h2>\n<p>Este sitio web est\u00e1 gestionado por un proveedor de alojamiento alem\u00e1n. El proveedor de alojamiento recopila y almacena autom\u00e1ticamente datos t\u00e9cnicos de acceso en los denominados archivos de registro del servidor (por ejemplo, direcci\u00f3n IP, fecha y hora de acceso, recurso consultado, URL de referencia, navegador utilizado). Estos datos se utilizan para garantizar un funcionamiento sin problemas y no se combinan con otras fuentes de datos.<\/p>\n<p>Base jur\u00eddica: art. 6, apdo. 1, letra f del RGPD (inter\u00e9s leg\u00edtimo). Plazo de conservaci\u00f3n: 7 d\u00edas como m\u00e1ximo.<\/p>\n<h2>4. formulario de contacto y correo electr\u00f3nico de contacto<\/h2>\n<p>Si se pone en contacto con nosotros a trav\u00e9s del formulario de contacto o por correo electr\u00f3nico, los datos que nos proporcione (por ejemplo, nombre, direcci\u00f3n de correo electr\u00f3nico, n\u00famero de tel\u00e9fono, mensaje) ser\u00e1n almacenados por nosotros con el fin de procesar su consulta y en caso de preguntas de seguimiento.<\/p>\n<p>Base jur\u00eddica: art\u00edculo 6, apartado 1, letra b) del RGPD (medidas precontractuales o contractuales) y art\u00edculo 6, apartado 1, letra f) del RGPD (inter\u00e9s leg\u00edtimo). Los datos se suprimir\u00e1n en cuanto se haya tramitado definitivamente la consulta y no existan obligaciones legales de conservaci\u00f3n en sentido contrario.<\/p>\n<h2>5. galletas<\/h2>\n<p>Este sitio web s\u00f3lo utiliza las cookies t\u00e9cnicamente necesarias para su correcto funcionamiento. No se utilizan cookies de seguimiento ni de marketing.<\/p>\n<h2>6. no hay servicios de an\u00e1lisis y seguimiento<\/h2>\n<p>En este sitio web no se utilizan servicios de an\u00e1lisis web (por ejemplo, Google Analytics) ni otras herramientas de seguimiento. No se elaboran perfiles de los visitantes del sitio web.<\/p>\n<h2>7. divulgaci\u00f3n de datos<\/h2>\n<p>Sus datos personales no se transmitir\u00e1n a terceros a menos que sea necesario para la prestaci\u00f3n del servicio de alojamiento como parte de la tramitaci\u00f3n del pedido de conformidad con el art. 28 del GDPR. Sus datos no se transferir\u00e1n a pa\u00edses fuera de la UE\/EEE.<\/p>\n<h2>8. sus derechos como interesado<\/h2>\n<p>Usted tiene los siguientes derechos frente a nosotros en relaci\u00f3n con sus datos personales:<\/p>\n<ul>\n<li>Derecho a la informaci\u00f3n (Art. 15 GDPR)<\/li>\n<li>Derecho de rectificaci\u00f3n (Art. 16 GDPR)<\/li>\n<li>Derecho de supresi\u00f3n (Art. 17 GDPR)<\/li>\n<li>Derecho a la restricci\u00f3n del tratamiento (Art. 18 GDPR)<\/li>\n<li>Derecho a la portabilidad de los datos (Art. 20 GDPR)<\/li>\n<li>Derecho de oposici\u00f3n (Art. 21 GDPR)<\/li>\n<\/ul>\n<p>Para hacer valer sus derechos, utilice la direcci\u00f3n de contacto arriba indicada. Tambi\u00e9n tiene derecho a presentar una reclamaci\u00f3n ante una autoridad de control de protecci\u00f3n de datos.<\/p>\n<h2>9. seguridad de los datos<\/h2>\n<p>Este sitio web utiliza encriptaci\u00f3n SSL o TLS por razones de seguridad y para proteger la transmisi\u00f3n de contenidos confidenciales.<\/p>\n<h2>10. actualidad de esta pol\u00edtica de privacidad<\/h2>\n<p>Esta pol\u00edtica de privacidad es actualmente v\u00e1lida (estado: mayo de 2025). Nos reservamos el derecho a modificar esta pol\u00edtica de privacidad si es necesario para garantizar que siempre cumpla con los requisitos legales vigentes.<\/p>\n<p><a href=\"\/es\/aviso-legal\/\">\u2192 A la huella<\/a><\/p>","protected":false},"excerpt":{"rendered":"<p>1. persona responsable en el sentido del Reglamento General de Protecci\u00f3n de Datos (GDPR) es: Brigitte HenkelPension Brigitte HenkelBaldesgraben 1256841 Traben-Trarbach\/WolfAlemania Tel\u00e9fono: +49 (0)65419262Correo electr\u00f3nico: pension.brigitte.henkel@gmail.com 2. informaci\u00f3n general La protecci\u00f3n de sus datos personales es importante para nosotros. Procesamos sus datos exclusivamente sobre la base de las disposiciones legales (GDPR, BDSG). Con esta pol\u00edtica de privacidad le informamos sobre los aspectos m\u00e1s importantes de la protecci\u00f3n de datos. <\/p>\n<div class=\"clear\"><\/div>\n<p><a href=\"https:\/\/pension-brigitte-henkel.de\/es\/proteccion-de-datos\/\" class=\"excerpt-read-more\">Continuar leyendo<i class=\"fa fa-long-arrow-right icon-long-arrow-right\"><\/i><\/a><\/p>","protected":false},"author":0,"featured_media":0,"parent":0,"menu_order":0,"comment_status":"closed","ping_status":"closed","template":"","meta":{"footnotes":""},"class_list":["post-5907","page","type-page","status-publish","hentry"],"yoast_head":"<!-- This site is optimized with the Yoast SEO Premium plugin v26.4 (Yoast SEO v27.5) - https:\/\/yoast.com\/product\/yoast-seo-premium-wordpress\/ -->\n<title>Datenschutzerkl\u00e4rung - Pension Brigitte Henkel<\/title>\n<meta name=\"robots\" content=\"index, follow, max-snippet:-1, max-image-preview:large, max-video-preview:-1\" \/>\n<link rel=\"canonical\" href=\"https:\/\/pension-brigitte-henkel.de\/es\/proteccion-de-datos\/\" \/>\n<meta property=\"og:locale\" content=\"es_ES\" \/>\n<meta property=\"og:type\" content=\"article\" \/>\n<meta property=\"og:title\" content=\"Datenschutzerkl\u00e4rung\" \/>\n<meta property=\"og:description\" content=\"1. Verantwortlicher Verantwortlich im Sinne der Datenschutz-Grundverordnung (DSGVO) ist: Brigitte HenkelPension Brigitte HenkelBaldesgraben 1256841 Traben-Trarbach\/WolfDeutschland Telefon: +49 (0)65419262E-Mail: pension.brigitte.henkel@gmail.com 2. Allgemeine Hinweise Der Schutz Ihrer personenbezogenen Daten ist uns ein wichtiges Anliegen. Wir verarbeiten Ihre Daten ausschlie\u00dflich auf Grundlage der gesetzlichen Bestimmungen (DSGVO, BDSG). Mit dieser Datenschutzerkl\u00e4rung informieren wir Sie \u00fcber die wichtigsten Aspekte der... Continue Reading\" \/>\n<meta property=\"og:url\" content=\"https:\/\/pension-brigitte-henkel.de\/es\/proteccion-de-datos\/\" \/>\n<meta property=\"og:site_name\" content=\"Pension Brigitte Henkel\" \/>\n<meta name=\"twitter:card\" content=\"summary_large_image\" \/>\n<meta name=\"twitter:label1\" content=\"Tiempo de lectura\" \/>\n\t<meta name=\"twitter:data1\" content=\"2 minutos\" \/>\n<!-- \/ Yoast SEO Premium plugin. -->","yoast_head_json":{"title":"Pol\u00edtica de privacidad - Pension Brigitte Henkel","robots":{"index":"index","follow":"follow","max-snippet":"max-snippet:-1","max-image-preview":"max-image-preview:large","max-video-preview":"max-video-preview:-1"},"canonical":"https:\/\/pension-brigitte-henkel.de\/es\/proteccion-de-datos\/","og_locale":"es_ES","og_type":"article","og_title":"Datenschutzerkl\u00e4rung","og_description":"1. Verantwortlicher Verantwortlich im Sinne der Datenschutz-Grundverordnung (DSGVO) ist: Brigitte HenkelPension Brigitte HenkelBaldesgraben 1256841 Traben-Trarbach\/WolfDeutschland Telefon: +49 (0)65419262E-Mail: pension.brigitte.henkel@gmail.com 2. Allgemeine Hinweise Der Schutz Ihrer personenbezogenen Daten ist uns ein wichtiges Anliegen. Wir verarbeiten Ihre Daten ausschlie\u00dflich auf Grundlage der gesetzlichen Bestimmungen (DSGVO, BDSG). Mit dieser Datenschutzerkl\u00e4rung informieren wir Sie \u00fcber die wichtigsten Aspekte der... Continue Reading","og_url":"https:\/\/pension-brigitte-henkel.de\/es\/proteccion-de-datos\/","og_site_name":"Pension Brigitte Henkel","twitter_card":"summary_large_image","twitter_misc":{"Tiempo de lectura":"2 minutos"},"schema":{"@context":"https:\/\/schema.org","@graph":[{"@type":"WebPage","@id":"https:\/\/pension-brigitte-henkel.de\/datenschutz\/","url":"https:\/\/pension-brigitte-henkel.de\/datenschutz\/","name":"Pol\u00edtica de privacidad - Pension Brigitte Henkel","isPartOf":{"@id":"https:\/\/pension-brigitte-henkel.de\/#website"},"datePublished":"2026-05-01T08:07:30+00:00","breadcrumb":{"@id":"https:\/\/pension-brigitte-henkel.de\/datenschutz\/#breadcrumb"},"inLanguage":"es","potentialAction":[{"@type":"ReadAction","target":["https:\/\/pension-brigitte-henkel.de\/datenschutz\/"]}]},{"@type":"BreadcrumbList","@id":"https:\/\/pension-brigitte-henkel.de\/datenschutz\/#breadcrumb","itemListElement":[{"@type":"ListItem","position":1,"name":"Startseite","item":"https:\/\/pension-brigitte-henkel.de\/"},{"@type":"ListItem","position":2,"name":"Datenschutzerkl\u00e4rung"}]},{"@type":"WebSite","@id":"https:\/\/pension-brigitte-henkel.de\/#website","url":"https:\/\/pension-brigitte-henkel.de\/","name":"Pensi\u00f3n Brigitte Henkel","description":"Anfitriona con coraz\u00f3n en Wolf\/Traben-Trarbach en el Mosela","publisher":{"@id":"https:\/\/pension-brigitte-henkel.de\/#organization"},"potentialAction":[{"@type":"SearchAction","target":{"@type":"EntryPoint","urlTemplate":"https:\/\/pension-brigitte-henkel.de\/?s={search_term_string}"},"query-input":{"@type":"PropertyValueSpecification","valueRequired":true,"valueName":"search_term_string"}}],"inLanguage":"es"},{"@type":"Organization","@id":"https:\/\/pension-brigitte-henkel.de\/#organization","name":"Pensi\u00f3n Brigitte Henkel","url":"https:\/\/pension-brigitte-henkel.de\/","logo":{"@type":"ImageObject","inLanguage":"es","@id":"https:\/\/pension-brigitte-henkel.de\/#\/schema\/logo\/image\/","url":"https:\/\/pension-brigitte-henkel.de\/wp-content\/uploads\/2020\/08\/Logo-transparent.png","contentUrl":"https:\/\/pension-brigitte-henkel.de\/wp-content\/uploads\/2020\/08\/Logo-transparent.png","width":534,"height":123,"caption":"Pension Brigitte Henkel"},"image":{"@id":"https:\/\/pension-brigitte-henkel.de\/#\/schema\/logo\/image\/"}}]}},"_links":{"self":[{"href":"https:\/\/pension-brigitte-henkel.de\/es\/wp-json\/wp\/v2\/pages\/5907","targetHints":{"allow":["GET"]}}],"collection":[{"href":"https:\/\/pension-brigitte-henkel.de\/es\/wp-json\/wp\/v2\/pages"}],"about":[{"href":"https:\/\/pension-brigitte-henkel.de\/es\/wp-json\/wp\/v2\/types\/page"}],"replies":[{"embeddable":true,"href":"https:\/\/pension-brigitte-henkel.de\/es\/wp-json\/wp\/v2\/comments?post=5907"}],"version-history":[{"count":0,"href":"https:\/\/pension-brigitte-henkel.de\/es\/wp-json\/wp\/v2\/pages\/5907\/revisions"}],"wp:attachment":[{"href":"https:\/\/pension-brigitte-henkel.de\/es\/wp-json\/wp\/v2\/media?parent=5907"}],"curies":[{"name":"wp","href":"https:\/\/api.w.org\/{rel}","templated":true}]}}