{"id":5659,"date":"2025-07-23T20:06:26","date_gmt":"2025-07-23T18:06:26","guid":{"rendered":"https:\/\/pension-brigitte-henkel.de\/?page_id=5659"},"modified":"2025-07-24T03:20:56","modified_gmt":"2025-07-24T01:20:56","slug":"acceso","status":"publish","type":"page","link":"https:\/\/pension-brigitte-henkel.de\/es\/acceso\/","title":{"rendered":"C\u00f3mo llegar"},"content":{"rendered":"<div data-elementor-type=\"wp-page\" data-elementor-id=\"5659\" class=\"elementor elementor-5659\" data-elementor-post-type=\"page\">\n\t\t\t\t\t\t<section class=\"elementor-section elementor-top-section elementor-element elementor-element-b884862 elementor-section-boxed elementor-section-height-default elementor-section-height-default\" data-id=\"b884862\" data-element_type=\"section\" data-e-type=\"section\">\n\t\t\t\t\t\t<div class=\"elementor-container elementor-column-gap-default\">\n\t\t\t\t\t<div class=\"elementor-column elementor-col-100 elementor-top-column elementor-element elementor-element-05cbb4d\" data-id=\"05cbb4d\" data-element_type=\"column\" data-e-type=\"column\">\n\t\t\t<div class=\"elementor-widget-wrap elementor-element-populated\">\n\t\t\t\t\t\t<div class=\"elementor-element elementor-element-7cb84d0 elementor-align-left elementor-widget elementor-widget-breadcrumbs\" data-id=\"7cb84d0\" data-element_type=\"widget\" data-e-type=\"widget\" data-widget_type=\"breadcrumbs.default\">\n\t\t\t\t<div class=\"elementor-widget-container\">\n\t\t\t\t\t<nav id=\"breadcrumbs\"><span><span><a href=\"https:\/\/pension-brigitte-henkel.de\/es\/\">P\u00e1gina de inicio<\/a><\/span><\/span><\/nav>\t\t\t\t<\/div>\n\t\t\t\t<\/div>\n\t\t\t\t<div class=\"elementor-element elementor-element-aa373b5 elementor-widget elementor-widget-google_maps\" data-id=\"aa373b5\" data-element_type=\"widget\" data-e-type=\"widget\" data-widget_type=\"google_maps.default\">\n\t\t\t\t<div class=\"elementor-widget-container\">\n\t\t\t\t\t\t\t<div class=\"elementor-custom-embed\">\n\t\t\t<iframe loading=\"lazy\"\n\t\t\t\t\tsrc=\"https:\/\/maps.google.com\/maps?q=Pension%20Brigitte%20Henkel%20Wolf&#038;t=m&#038;z=10&#038;output=embed&#038;iwloc=near\"\n\t\t\t\t\ttitle=\"Pensi\u00f3n Brigitte Henkel Wolf\"\n\t\t\t\t\taria-label=\"Pensi\u00f3n Brigitte Henkel Wolf\"\n\t\t\t><\/iframe>\n\t\t<\/div>\n\t\t\t\t\t\t<\/div>\n\t\t\t\t<\/div>\n\t\t\t\t<div class=\"elementor-element elementor-element-174be0e elementor-widget elementor-widget-theme-site-logo elementor-widget-image\" data-id=\"174be0e\" data-element_type=\"widget\" data-e-type=\"widget\" data-widget_type=\"theme-site-logo.default\">\n\t\t\t\t<div class=\"elementor-widget-container\">\n\t\t\t\t\t\t\t\t\t\t\t<a href=\"https:\/\/pension-brigitte-henkel.de\/es\">\n\t\t\t<img fetchpriority=\"high\" decoding=\"async\" width=\"534\" height=\"123\" src=\"https:\/\/pension-brigitte-henkel.de\/wp-content\/uploads\/2020\/08\/Logo-transparent.png\" class=\"attachment-full size-full wp-image-4687\" alt=\"Logotipo: Brigitte Henkel\" srcset=\"https:\/\/pension-brigitte-henkel.de\/wp-content\/uploads\/2020\/08\/Logo-transparent.png 534w, https:\/\/pension-brigitte-henkel.de\/wp-content\/uploads\/2020\/08\/Logo-transparent-300x69.png 300w\" sizes=\"(max-width: 534px) 100vw, 534px\" \/>\t\t\t\t<\/a>\n\t\t\t\t\t\t\t\t\t\t\t<\/div>\n\t\t\t\t<\/div>\n\t\t\t\t<div class=\"elementor-element elementor-element-5c6d515 elementor-view-default elementor-widget elementor-widget-icon\" data-id=\"5c6d515\" data-element_type=\"widget\" data-e-type=\"widget\" data-widget_type=\"icon.default\">\n\t\t\t\t<div class=\"elementor-widget-container\">\n\t\t\t\t\t\t\t<div class=\"elementor-icon-wrapper\">\n\t\t\t<a class=\"elementor-icon\" href=\"https:\/\/www.google.com\/maps\/dir\/\/Pension+Brigitte+Henkel+%7C+Wirtin+mit+Herz+Baldesgraben+12+56841+Traben-Trarbach+Germany\/@49.9785781,7.1044427,10z\/data=!4m5!4m4!1m0!1m2!1m1!1s0x47be3ac521161671:0x2910bce1dcfd980c\">\n\t\t\t<i aria-hidden=\"true\" class=\"fas fa-street-view\"><\/i>\t\t\t<\/a>\n\t\t<\/div>\n\t\t\t\t\t\t<\/div>\n\t\t\t\t<\/div>\n\t\t\t\t<div class=\"elementor-element elementor-element-4623afc elementor-widget elementor-widget-text-editor\" data-id=\"4623afc\" data-element_type=\"widget\" data-e-type=\"widget\" data-widget_type=\"text-editor.default\">\n\t\t\t\t<div class=\"elementor-widget-container\">\n\t\t\t\t\t\t\t\t\t<p>Mi direcci\u00f3n:<br \/>Brigitte Henkel<br \/>Baldesgraben 12<br \/>56841 Traben-Trarbach\/Wolf <br \/>Alemania<\/p>\t\t\t\t\t\t\t\t<\/div>\n\t\t\t\t<\/div>\n\t\t\t\t<div class=\"elementor-element elementor-element-f9ece7c elementor-widget elementor-widget-heading\" data-id=\"f9ece7c\" data-element_type=\"widget\" data-e-type=\"widget\" data-widget_type=\"heading.default\">\n\t\t\t\t<div class=\"elementor-widget-container\">\n\t\t\t\t\t<h2 class=\"elementor-heading-title elementor-size-default\">C\u00f3mo llegar desde Renania del Norte-Westfalia (D\u00fcsseldorf o Colonia) a la pensi\u00f3n Brigitte Henkel<\/h2>\t\t\t\t<\/div>\n\t\t\t\t<\/div>\n\t\t\t\t<div class=\"elementor-element elementor-element-5f17ddc elementor-widget elementor-widget-text-editor\" data-id=\"5f17ddc\" data-element_type=\"widget\" data-e-type=\"widget\" data-widget_type=\"text-editor.default\">\n\t\t\t\t<div class=\"elementor-widget-container\">\n\t\t\t\t\t\t\t\t\t<p>\u00a0<\/p><p>Queridos viajeros de Renania del Norte-Westfalia: \u00a1abr\u00f3chense los cinturones y disfruten de un pintoresco viaje que les llevar\u00e1 directamente al coraz\u00f3n de la regi\u00f3n del Mosela! Tanto si parten de la bulliciosa D\u00fcsseldorf como de la hist\u00f3rica Colonia, el trayecto hasta la encantadora pensi\u00f3n Brigitte Henkel en Wolf\/Traben-Trarbach es un placer para los sentidos.<\/p><p>Para llegar a la pensi\u00f3n Brigitte Henkel en Wolf \/ Traben-Trarbach desde <b>D\u00fcsseldorf<\/b> Tome la A3 en direcci\u00f3n sur. En Colonia, cambie a la A4 y luego a la <b>A1 en direcci\u00f3n a Tr\u00e9veris<\/b>. Los conductores de Colonia se incorporan directamente a la <b>A1 en direcci\u00f3n sur\/Tr\u00e9veris<\/b> . Siga la A1 hasta la <b>Salida Wittlich Mitte<\/b>. All\u00ed, tome la <b>B50 en direcci\u00f3n a Cochem\/Traben-Trarbach<\/b>. Permanezca en la B50, que le llevar\u00e1 directamente a lo largo del Mosela. Siga las indicaciones hacia Traben-Trarbach. La pensi\u00f3n Brigitte Henkel se encuentra en el barrio de Wolf. En Wolf, preste atenci\u00f3n a las se\u00f1ales que le indicar\u00e1n c\u00f3mo llegar a su alojamiento. El trayecto est\u00e1 bien se\u00f1alizado y le llevar\u00e1 directamente a su destino en el Mosela.<\/p>\t\t\t\t\t\t\t\t<\/div>\n\t\t\t\t<\/div>\n\t\t\t\t<div class=\"elementor-element elementor-element-360b4cb elementor-widget elementor-widget-spacer\" data-id=\"360b4cb\" data-element_type=\"widget\" data-e-type=\"widget\" data-widget_type=\"spacer.default\">\n\t\t\t\t<div class=\"elementor-widget-container\">\n\t\t\t\t\t\t\t<div class=\"elementor-spacer\">\n\t\t\t<div class=\"elementor-spacer-inner\"><\/div>\n\t\t<\/div>\n\t\t\t\t\t\t<\/div>\n\t\t\t\t<\/div>\n\t\t\t\t<div class=\"elementor-element elementor-element-dc4fc95 elementor-widget elementor-widget-heading\" data-id=\"dc4fc95\" data-element_type=\"widget\" data-e-type=\"widget\" data-widget_type=\"heading.default\">\n\t\t\t\t<div class=\"elementor-widget-container\">\n\t\t\t\t\t<h2 class=\"elementor-heading-title elementor-size-default\">C\u00f3mo llegar desde M\u00fanich a la pensi\u00f3n Brigitte Henkel<\/h2>\t\t\t\t<\/div>\n\t\t\t\t<\/div>\n\t\t\t\t<div class=\"elementor-element elementor-element-59126d5 elementor-widget elementor-widget-text-editor\" data-id=\"59126d5\" data-element_type=\"widget\" data-e-type=\"widget\" data-widget_type=\"text-editor.default\">\n\t\t\t\t<div class=\"elementor-widget-container\">\n\t\t\t\t\t\t\t\t\t<p>\u00a1Bienvenidos, queridos exploradores del Mosela desde la soleada M\u00fanich! El camino hasta la pensi\u00f3n Brigitte Henkel en Wolf\/Traben-Trarbach es un viaje a trav\u00e9s del centro de Alemania que les regalar\u00e1 paisajes maravillosos e impresiones inolvidables. T\u00f3mense su tiempo y disfruten de la ilusi\u00f3n por descubrir el id\u00edlico Mosela.<\/p><p>Su viaje desde <b>M\u00fanich<\/b> La pensi\u00f3n Brigitte Henkel en Wolf \/ Traben-Trarbach comienza en la <b>A9 en direcci\u00f3n a N\u00faremberg<\/b>. En el cruce de autopistas de N\u00faremberg, cambie a la <b>A3 en direcci\u00f3n a W\u00fcrzburg\/Fr\u00e1ncfort del Meno<\/b>. Permanezca en la A3 hasta el cruce M\u00f6nchhof-Dreieck y all\u00ed cambie a la <b>A67 en direcci\u00f3n a Maguncia\/Wiesbaden<\/b>. Siga por la A67 hasta el cruce de R\u00fcsselsheim y all\u00ed cambie a la <b>A60 en direcci\u00f3n a Mainz\/Bingen<\/b>. Siga la A60 hasta el cruce Dreieck Nahetal, donde deber\u00e1 incorporarse a la <b>A61 en direcci\u00f3n a Coblenza\/Tr\u00e9veris<\/b> Cambie. Siga por la A61 hasta la <b>Salida Rheinb\u00f6llen<\/b> y seguir la <b>B50 en direcci\u00f3n al aeropuerto Hahn\/Traben-Trarbach<\/b>. Esta carretera le llevar\u00e1 directamente a la regi\u00f3n del Mosela y a Traben-Trarbach. En Wolf, un barrio de Traben-Trarbach, se encuentra la pensi\u00f3n Brigitte Henkel.<\/p>\t\t\t\t\t\t\t\t<\/div>\n\t\t\t\t<\/div>\n\t\t\t\t<div class=\"elementor-element elementor-element-e06ceb4 elementor-widget elementor-widget-spacer\" data-id=\"e06ceb4\" data-element_type=\"widget\" data-e-type=\"widget\" data-widget_type=\"spacer.default\">\n\t\t\t\t<div class=\"elementor-widget-container\">\n\t\t\t\t\t\t\t<div class=\"elementor-spacer\">\n\t\t\t<div class=\"elementor-spacer-inner\"><\/div>\n\t\t<\/div>\n\t\t\t\t\t\t<\/div>\n\t\t\t\t<\/div>\n\t\t\t\t<div class=\"elementor-element elementor-element-ebe3013 elementor-widget elementor-widget-heading\" data-id=\"ebe3013\" data-element_type=\"widget\" data-e-type=\"widget\" data-widget_type=\"heading.default\">\n\t\t\t\t<div class=\"elementor-widget-container\">\n\t\t\t\t\t<h2 class=\"elementor-heading-title elementor-size-default\">De Berl\u00edn a la pensi\u00f3n Brigitte Henkel<\/h2>\t\t\t\t<\/div>\n\t\t\t\t<\/div>\n\t\t\t\t<div class=\"elementor-element elementor-element-cbdc341 elementor-widget elementor-widget-text-editor\" data-id=\"cbdc341\" data-element_type=\"widget\" data-e-type=\"widget\" data-widget_type=\"text-editor.default\">\n\t\t\t\t<div class=\"elementor-widget-container\">\n\t\t\t\t\t\t\t\t\t<p>De <b>Berl\u00edn<\/b> Saque la <b>A115 en direcci\u00f3n a Potsdam<\/b>, entonces la <b>A9 en direcci\u00f3n Leipzig\/M\u00fanich<\/b>. En el cruce de Schkeuditzer, cambie a la <b>A38 en direcci\u00f3n a G\u00f6ttingen\/Kassel<\/b>. En el tri\u00e1ngulo Drammetal, cambie a la <b>A7 en direcci\u00f3n a Kassel\/Fr\u00e1ncfort del Meno<\/b>. Siga la A7 hasta el cruce Kirchheimer Dreieck y all\u00ed cambie a la <b>A4 en direcci\u00f3n a Erfurt\/Bad Hersfeld<\/b>. Tome la A4 hasta Hattenbacher Dreieck y all\u00ed cambie a la <b>A5 en direcci\u00f3n a Fr\u00e1ncfort del Meno<\/b>. En el cruce de Reiskirchen, cambie a la <b>A45 en direcci\u00f3n a Hanau\/Gie\u00dfen<\/b>. Siga la A45 hasta Gambacher Kreuz y all\u00ed cambie a la <b>A48 en direcci\u00f3n a Tr\u00e9veris\/Coblenza<\/b>. Esta autopista le llevar\u00e1 directamente a las proximidades del Mosela. Cambie en la <b>Salida Wittlich por la B50 en direcci\u00f3n a Traben-Trarbach.<\/b>. La B50 le lleva directamente a Wolf, donde se encuentra la pensi\u00f3n Brigitte Henkel.<\/p>\t\t\t\t\t\t\t\t<\/div>\n\t\t\t\t<\/div>\n\t\t\t\t\t<\/div>\n\t\t<\/div>\n\t\t\t\t\t<\/div>\n\t\t<\/section>\n\t\t\t\t<\/div>","protected":false},"excerpt":{"rendered":"<p>Mi direcci\u00f3n:Brigitte HenkelBaldesgraben 1256841 Traben-Trarbach\/Wolf Alemania C\u00f3mo llegar desde Renania del Norte-Westfalia (D\u00fcsseldorf o Colonia) a la pensi\u00f3n Brigitte Henkel Estimados viajeros de Renania del Norte-Westfalia, \u00a1abr\u00f3chense los cinturones y disfruten de un viaje panor\u00e1mico que les llevar\u00e1 directamente al coraz\u00f3n de la regi\u00f3n del Mosela! Ya sea desde la bulliciosa ciudad de D\u00fcsseldorf o desde la hist\u00f3rica Colonia, su viaje... <\/p>\n<div class=\"clear\"><\/div>\n<p><a href=\"https:\/\/pension-brigitte-henkel.de\/es\/acceso\/\" class=\"excerpt-read-more\">Continuar leyendo<i class=\"fa fa-long-arrow-right icon-long-arrow-right\"><\/i><\/a><\/p>","protected":false},"author":1,"featured_media":4728,"parent":0,"menu_order":0,"comment_status":"closed","ping_status":"closed","template":"","meta":{"footnotes":""},"class_list":["post-5659","page","type-page","status-publish","has-post-thumbnail","hentry"],"yoast_head":"<!-- This site is optimized with the Yoast SEO Premium plugin v26.4 (Yoast SEO v27.4) - https:\/\/yoast.com\/product\/yoast-seo-premium-wordpress\/ -->\n<title>Anfahrt - Pension Brigitte Henkel<\/title>\n<meta name=\"robots\" content=\"index, follow, max-snippet:-1, max-image-preview:large, max-video-preview:-1\" \/>\n<link rel=\"canonical\" href=\"https:\/\/pension-brigitte-henkel.de\/es\/acceso\/\" \/>\n<meta property=\"og:locale\" content=\"es_ES\" \/>\n<meta property=\"og:type\" content=\"article\" \/>\n<meta property=\"og:title\" content=\"Anfahrt\" \/>\n<meta property=\"og:description\" content=\"Meine Adresse:Brigitte HenkelBaldesgraben 1256841 Traben-Trarbach\/Wolf Deutschland Anfahrt von Nordrhein-Westfalen (D\u00fcsseldorf oder K\u00f6ln) zur Pension Brigitte Henkel \u00a0 Liebe Reisende aus Nordrhein-Westfalen, schnallen Sie sich an und freuen Sie sich auf eine malerische Fahrt, die Sie direkt in das Herz der Moselregion f\u00fchrt! Egal ob Sie aus dem gesch\u00e4ftigen D\u00fcsseldorf oder dem historischen K\u00f6ln starten, Ihr... Continue Reading\" \/>\n<meta property=\"og:url\" content=\"https:\/\/pension-brigitte-henkel.de\/es\/acceso\/\" \/>\n<meta property=\"og:site_name\" content=\"Pension Brigitte Henkel\" \/>\n<meta property=\"article:modified_time\" content=\"2025-07-24T01:20:56+00:00\" \/>\n<meta property=\"og:image\" content=\"https:\/\/pension-brigitte-henkel.de\/wp-content\/uploads\/2020\/08\/anfahrt1.jpg\" \/>\n\t<meta property=\"og:image:width\" content=\"2000\" \/>\n\t<meta property=\"og:image:height\" content=\"611\" \/>\n\t<meta property=\"og:image:type\" content=\"image\/jpeg\" \/>\n<meta name=\"twitter:card\" content=\"summary_large_image\" \/>\n<meta name=\"twitter:label1\" content=\"Tiempo de lectura\" \/>\n\t<meta name=\"twitter:data1\" content=\"3 minutos\" \/>\n<!-- \/ Yoast SEO Premium plugin. -->","yoast_head_json":{"title":"C\u00f3mo llegar - Pensi\u00f3n Brigitte Henkel","robots":{"index":"index","follow":"follow","max-snippet":"max-snippet:-1","max-image-preview":"max-image-preview:large","max-video-preview":"max-video-preview:-1"},"canonical":"https:\/\/pension-brigitte-henkel.de\/es\/acceso\/","og_locale":"es_ES","og_type":"article","og_title":"Anfahrt","og_description":"Meine Adresse:Brigitte HenkelBaldesgraben 1256841 Traben-Trarbach\/Wolf Deutschland Anfahrt von Nordrhein-Westfalen (D\u00fcsseldorf oder K\u00f6ln) zur Pension Brigitte Henkel \u00a0 Liebe Reisende aus Nordrhein-Westfalen, schnallen Sie sich an und freuen Sie sich auf eine malerische Fahrt, die Sie direkt in das Herz der Moselregion f\u00fchrt! Egal ob Sie aus dem gesch\u00e4ftigen D\u00fcsseldorf oder dem historischen K\u00f6ln starten, Ihr... Continue Reading","og_url":"https:\/\/pension-brigitte-henkel.de\/es\/acceso\/","og_site_name":"Pension Brigitte Henkel","article_modified_time":"2025-07-24T01:20:56+00:00","og_image":[{"width":2000,"height":611,"url":"https:\/\/pension-brigitte-henkel.de\/wp-content\/uploads\/2020\/08\/anfahrt1.jpg","type":"image\/jpeg"}],"twitter_card":"summary_large_image","twitter_misc":{"Tiempo de lectura":"3 minutos"},"schema":{"@context":"https:\/\/schema.org","@graph":[{"@type":"WebPage","@id":"https:\/\/pension-brigitte-henkel.de\/anfahrt\/","url":"https:\/\/pension-brigitte-henkel.de\/anfahrt\/","name":"C\u00f3mo llegar - Pensi\u00f3n Brigitte Henkel","isPartOf":{"@id":"https:\/\/pension-brigitte-henkel.de\/#website"},"primaryImageOfPage":{"@id":"https:\/\/pension-brigitte-henkel.de\/anfahrt\/#primaryimage"},"image":{"@id":"https:\/\/pension-brigitte-henkel.de\/anfahrt\/#primaryimage"},"thumbnailUrl":"https:\/\/pension-brigitte-henkel.de\/wp-content\/uploads\/2020\/08\/anfahrt1.jpg","datePublished":"2025-07-23T18:06:26+00:00","dateModified":"2025-07-24T01:20:56+00:00","breadcrumb":{"@id":"https:\/\/pension-brigitte-henkel.de\/anfahrt\/#breadcrumb"},"inLanguage":"es","potentialAction":[{"@type":"ReadAction","target":["https:\/\/pension-brigitte-henkel.de\/anfahrt\/"]}]},{"@type":"ImageObject","inLanguage":"es","@id":"https:\/\/pension-brigitte-henkel.de\/anfahrt\/#primaryimage","url":"https:\/\/pension-brigitte-henkel.de\/wp-content\/uploads\/2020\/08\/anfahrt1.jpg","contentUrl":"https:\/\/pension-brigitte-henkel.de\/wp-content\/uploads\/2020\/08\/anfahrt1.jpg","width":2000,"height":611,"caption":"kontakt-anfahrt"},{"@type":"BreadcrumbList","@id":"https:\/\/pension-brigitte-henkel.de\/anfahrt\/#breadcrumb","itemListElement":[{"@type":"ListItem","position":1,"name":"Startseite","item":"https:\/\/pension-brigitte-henkel.de\/"},{"@type":"ListItem","position":2,"name":"Anfahrt"}]},{"@type":"WebSite","@id":"https:\/\/pension-brigitte-henkel.de\/#website","url":"https:\/\/pension-brigitte-henkel.de\/","name":"Pensi\u00f3n Brigitte Henkel","description":"Anfitriona con coraz\u00f3n en Wolf\/Traben-Trarbach, a orillas del Mosela","publisher":{"@id":"https:\/\/pension-brigitte-henkel.de\/#organization"},"potentialAction":[{"@type":"SearchAction","target":{"@type":"EntryPoint","urlTemplate":"https:\/\/pension-brigitte-henkel.de\/?s={search_term_string}"},"query-input":{"@type":"PropertyValueSpecification","valueRequired":true,"valueName":"search_term_string"}}],"inLanguage":"es"},{"@type":"Organization","@id":"https:\/\/pension-brigitte-henkel.de\/#organization","name":"Pensi\u00f3n Brigitte Henkel","url":"https:\/\/pension-brigitte-henkel.de\/","logo":{"@type":"ImageObject","inLanguage":"es","@id":"https:\/\/pension-brigitte-henkel.de\/#\/schema\/logo\/image\/","url":"https:\/\/pension-brigitte-henkel.de\/wp-content\/uploads\/2020\/08\/Logo-transparent.png","contentUrl":"https:\/\/pension-brigitte-henkel.de\/wp-content\/uploads\/2020\/08\/Logo-transparent.png","width":534,"height":123,"caption":"Pension Brigitte Henkel"},"image":{"@id":"https:\/\/pension-brigitte-henkel.de\/#\/schema\/logo\/image\/"}}]}},"_links":{"self":[{"href":"https:\/\/pension-brigitte-henkel.de\/es\/wp-json\/wp\/v2\/pages\/5659","targetHints":{"allow":["GET"]}}],"collection":[{"href":"https:\/\/pension-brigitte-henkel.de\/es\/wp-json\/wp\/v2\/pages"}],"about":[{"href":"https:\/\/pension-brigitte-henkel.de\/es\/wp-json\/wp\/v2\/types\/page"}],"author":[{"embeddable":true,"href":"https:\/\/pension-brigitte-henkel.de\/es\/wp-json\/wp\/v2\/users\/1"}],"replies":[{"embeddable":true,"href":"https:\/\/pension-brigitte-henkel.de\/es\/wp-json\/wp\/v2\/comments?post=5659"}],"version-history":[{"count":10,"href":"https:\/\/pension-brigitte-henkel.de\/es\/wp-json\/wp\/v2\/pages\/5659\/revisions"}],"predecessor-version":[{"id":5771,"href":"https:\/\/pension-brigitte-henkel.de\/es\/wp-json\/wp\/v2\/pages\/5659\/revisions\/5771"}],"wp:featuredmedia":[{"embeddable":true,"href":"https:\/\/pension-brigitte-henkel.de\/es\/wp-json\/wp\/v2\/media\/4728"}],"wp:attachment":[{"href":"https:\/\/pension-brigitte-henkel.de\/es\/wp-json\/wp\/v2\/media?parent=5659"}],"curies":[{"name":"wp","href":"https:\/\/api.w.org\/{rel}","templated":true}]}}