{"id":34,"date":"2016-09-04T11:05:25","date_gmt":"2016-09-04T09:05:25","guid":{"rendered":"https:\/\/testareaweb.wordpress.com\/?page_id=34"},"modified":"2020-08-16T21:42:08","modified_gmt":"2020-08-16T19:42:08","slug":"recesiones","status":"publish","type":"page","link":"https:\/\/pension-brigitte-henkel.de\/es\/recesiones\/","title":{"rendered":"Libro de visitas"},"content":{"rendered":"<table>\n<tbody>\n<tr>\n<td>Schauen Sie sich Ausz\u00fcge aus unserem schriftlichen G\u00e4stebuch an. Sie werden sicherlich \u00fcber manchen Eintrag lachen m\u00fcssen [wp-svg-icons icon=&#8220;grin&#8220; wrap=&#8220;i&#8220;].<br \/>\nViele unserer G\u00e4ste sind mittlerweile lange Stammkunden geworden und man kennt sich teilweise sogar schon 20 Jahre. Eine lange Zeit in der man viele sch\u00f6ne Momente miteinander geteilt hat.<\/td>\n<\/tr>\n<tr>\n<td><div id=\"metaslider-id-678\" style=\"max-width: 600px; margin: 0 auto;\" class=\"ml-slider-3-108-0 metaslider metaslider-flex metaslider-678 ml-slider has-dots-nav ms-theme-default\" role=\"region\" aria-label=\"Eintr\u00e4ge G\u00e4stebuch\" data-height=\"800\" data-width=\"600\">\n    <div id=\"metaslider_container_678\">\n        <div id=\"metaslider_678\" class=\"flexslider\">\n            <ul class='slides'>\n                <li style=\"display: block; width: 100%;\" class=\"slide-1052 ms-image \" aria-roledescription=\"slide\" data-date=\"2018-06-28 23:02:36\" data-filename=\"WhatsApp-Image-2018-06-22-at-14.03.56-600x800.jpeg\" data-slide-type=\"image\"><img fetchpriority=\"high\" decoding=\"async\" src=\"https:\/\/pension-brigitte-henkel.de\/wp-content\/uploads\/2018\/06\/WhatsApp-Image-2018-06-22-at-14.03.56-600x800.jpeg\" height=\"800\" width=\"600\" alt=\"\" class=\"slider-678 slide-1052 msDefaultImage\" title=\"WhatsApp Image 2018-06-22 at 14.03.56\" \/><\/li>\n                <li style=\"display: none; width: 100%;\" class=\"slide-679 ms-image \" aria-roledescription=\"slide\" data-date=\"2017-01-27 19:43:38\" data-filename=\"IMG_20170127_182835487-600x800.jpg\" data-slide-type=\"image\"><img decoding=\"async\" src=\"https:\/\/pension-brigitte-henkel.de\/wp-content\/uploads\/2017\/01\/IMG_20170127_182835487-600x800.jpg\" height=\"800\" width=\"600\" alt=\"Kunst im G\u00e4stebucheintrag\" class=\"slider-678 slide-679 msDefaultImage\" title=\"G\u00e4stebucheintrag von 2016\" \/><div class=\"caption-wrap\"><div class=\"caption\">G\u00e4stebucheintrag von 2016<\/div><\/div><\/li>\n                <li style=\"display: none; width: 100%;\" class=\"slide-680 ms-image \" aria-roledescription=\"slide\" data-date=\"2017-01-27 19:43:39\" data-filename=\"IMG_20170127_182905478-600x800.jpg\" data-slide-type=\"image\"><img decoding=\"async\" src=\"https:\/\/pension-brigitte-henkel.de\/wp-content\/uploads\/2017\/01\/IMG_20170127_182905478-600x800.jpg\" height=\"800\" width=\"600\" alt=\"Niederl\u00e4ndische G\u00e4ste\" class=\"slider-678 slide-680 msDefaultImage\" title=\"G\u00e4stebucheintrag von 2010\" \/><\/li>\n                <li style=\"display: none; width: 100%;\" class=\"slide-681 ms-image \" aria-roledescription=\"slide\" data-date=\"2017-01-27 19:43:41\" data-filename=\"IMG_20170127_182958495-600x800.jpg\" data-slide-type=\"image\"><img loading=\"lazy\" decoding=\"async\" src=\"https:\/\/pension-brigitte-henkel.de\/wp-content\/uploads\/2017\/01\/IMG_20170127_182958495-600x800.jpg\" height=\"800\" width=\"600\" alt=\"familienurlaub\" class=\"slider-678 slide-681 msDefaultImage\" title=\"Elena,Linda &amp; Christoph\" \/><\/li>\n                <li style=\"display: none; width: 100%;\" class=\"slide-682 ms-image \" aria-roledescription=\"slide\" data-date=\"2017-01-27 19:43:42\" data-filename=\"IMG_20170127_183018494.jpg\" data-slide-type=\"image\"><img loading=\"lazy\" decoding=\"async\" src=\"https:\/\/pension-brigitte-henkel.de\/wp-content\/uploads\/2017\/01\/IMG_20170127_183018494.jpg\" height=\"800\" width=\"600\" alt=\"Ferienwohnung-Zeichnung\" class=\"slider-678 slide-682 msDefaultImage\" title=\" G\u00e4ste unserer Ferienwohnungen \" \/><div class=\"caption-wrap\"><div class=\"caption\"> G\u00e4ste unserer Ferienwohnungen <\/div><\/div><\/li>\n                <li style=\"display: none; width: 100%;\" class=\"slide-683 ms-image \" aria-roledescription=\"slide\" data-date=\"2017-01-27 19:43:44\" data-filename=\"IMG_20170127_183027-600x800.jpg\" data-slide-type=\"image\"><img loading=\"lazy\" decoding=\"async\" src=\"https:\/\/pension-brigitte-henkel.de\/wp-content\/uploads\/2017\/01\/IMG_20170127_183027-600x800.jpg\" height=\"800\" width=\"600\" alt=\"unsere-g\u00e4ste\" class=\"slider-678 slide-683 msDefaultImage\" title=\"Stammkunde Gerrit aus den Niederlande\" \/><div class=\"caption-wrap\"><div class=\"caption\">Stammkunde Gerrit aus den Niederlande<\/div><\/div><\/li>\n                <li style=\"display: none; width: 100%;\" class=\"slide-684 ms-image \" aria-roledescription=\"slide\" data-date=\"2017-01-27 19:43:45\" data-filename=\"IMG_20170127_183034490.jpg\" data-slide-type=\"image\"><img loading=\"lazy\" decoding=\"async\" src=\"https:\/\/pension-brigitte-henkel.de\/wp-content\/uploads\/2017\/01\/IMG_20170127_183034490.jpg\" height=\"800\" width=\"600\" alt=\"venlo-g\u00e4stezimmer\" class=\"slider-678 slide-684 msDefaultImage\" title=\"G\u00e4ste aus Venlo\" \/><div class=\"caption-wrap\"><div class=\"caption\">G\u00e4ste aus Venlo<\/div><\/div><\/li>\n                <li style=\"display: none; width: 100%;\" class=\"slide-685 ms-image \" aria-roledescription=\"slide\" data-date=\"2017-01-27 19:43:46\" data-filename=\"IMG_20170127_183120-600x800.jpg\" data-slide-type=\"image\"><img loading=\"lazy\" decoding=\"async\" src=\"https:\/\/pension-brigitte-henkel.de\/wp-content\/uploads\/2017\/01\/IMG_20170127_183120-600x800.jpg\" height=\"800\" width=\"600\" alt=\"2010-Wolf\" class=\"slider-678 slide-685 msDefaultImage\" title=\"G\u00e4stebucheintrag von 2010\" \/><\/li>\n                <li style=\"display: none; width: 100%;\" class=\"slide-686 ms-image \" aria-roledescription=\"slide\" data-date=\"2017-01-27 19:43:48\" data-filename=\"IMG_20170127_183203479-600x800.jpg\" data-slide-type=\"image\"><img loading=\"lazy\" decoding=\"async\" src=\"https:\/\/pension-brigitte-henkel.de\/wp-content\/uploads\/2017\/01\/IMG_20170127_183203479-600x800.jpg\" height=\"800\" width=\"600\" alt=\"Moselurlaub-2005\" class=\"slider-678 slide-686 msDefaultImage\" title=\"2005 G\u00e4ste aus den Niederlande\" \/><div class=\"caption-wrap\"><div class=\"caption\">2005 G\u00e4ste aus den Niederlande<\/div><\/div><\/li>\n                <li style=\"display: none; width: 100%;\" class=\"slide-687 ms-image \" aria-roledescription=\"slide\" data-date=\"2017-01-27 19:43:49\" data-filename=\"IMG_20170127_183238475-600x800.jpg\" data-slide-type=\"image\"><img loading=\"lazy\" decoding=\"async\" src=\"https:\/\/pension-brigitte-henkel.de\/wp-content\/uploads\/2017\/01\/IMG_20170127_183238475-600x800.jpg\" height=\"800\" width=\"600\" alt=\"unsere-pension\" class=\"slider-678 slide-687 msDefaultImage\" title=\"G\u00e4ste aus K\u00f6ln und D\u00fcsseldorf\" \/><div class=\"caption-wrap\"><div class=\"caption\">G\u00e4ste aus K\u00f6ln und D\u00fcsseldorf<\/div><\/div><\/li>\n                <li style=\"display: none; width: 100%;\" class=\"slide-695 ms-image \" aria-roledescription=\"slide\" data-date=\"2017-01-27 19:59:26\" data-filename=\"IMG_20170127_182652476-600x800.jpg\" data-slide-type=\"image\"><img loading=\"lazy\" decoding=\"async\" src=\"https:\/\/pension-brigitte-henkel.de\/wp-content\/uploads\/2017\/01\/IMG_20170127_182652476-600x800.jpg\" height=\"800\" width=\"600\" alt=\"G\u00e4ste aus Neiterstadt\" class=\"slider-678 slide-695 msDefaultImage\" title=\"2012 der August an der Mosel\" \/><div class=\"caption-wrap\"><div class=\"caption\">2012 der August an der Mosel<\/div><\/div><\/li>\n            <\/ul>\n        <\/div>\n        \n    <\/div>\n<\/div><\/td>\n<\/tr>\n<\/tbody>\n<\/table>\n<h1>Was waren Ihre Erlebnisse bei uns? Wie hat Ihnen der Aufenthalt bei uns gefallen?<\/h1>\n<p>Teilen Sie hier Ihre Erlebnisse mit anderen Interessenten, damit diese von Ihrem Wissensschatz profitieren k\u00f6nnen. Eine positive Bewertung oder eine konstruktive Anmerkung zu Ihrem Aufenthalt helfen uns sehr, damit wir unseren Service nochmals optimieren k\u00f6nnen.<\/p>\n<h2><\/h2>\n","protected":false},"excerpt":{"rendered":"<p>Schauen Sie sich Ausz\u00fcge aus unserem schriftlichen G\u00e4stebuch an. Sie werden sicherlich \u00fcber manchen Eintrag lachen m\u00fcssen [wp-svg-icons icon=&#8220;grin&#8220; wrap=&#8220;i&#8220;]. Viele unserer G\u00e4ste sind mittlerweile lange Stammkunden geworden und man kennt sich teilweise sogar schon 20 Jahre. Eine lange Zeit in der man viele sch\u00f6ne Momente miteinander geteilt hat. Was waren Ihre Erlebnisse bei uns?&#8230; <\/p>\n<div class=\"clear\"><\/div>\n<p><a href=\"https:\/\/pension-brigitte-henkel.de\/es\/recesiones\/\" class=\"excerpt-read-more\">Continue Reading<i class=\"fa fa-long-arrow-right icon-long-arrow-right\"><\/i><\/a><\/p>\n","protected":false},"author":1,"featured_media":0,"parent":0,"menu_order":0,"comment_status":"open","ping_status":"closed","template":"","meta":{"footnotes":""},"class_list":["post-34","page","type-page","status-publish","hentry"],"yoast_head":"<!-- This site is optimized with the Yoast SEO Premium plugin v26.4 (Yoast SEO v27.4) - https:\/\/yoast.com\/product\/yoast-seo-premium-wordpress\/ -->\n<title>Schauen Sie was unsere G\u00e4ste \u00fcber uns sagen - G\u00e4stebucheintr\u00e4ge<\/title>\n<meta name=\"description\" content=\"Unsere Kundschaft ist uns wichtig und zugleich ist der empfundene Wohlf\u00fchlfaktor unserer G\u00e4ste unser gr\u00f6\u00dftes Kriterium f\u00fcr die Qualit\u00e4t unserer Pension.\" \/>\n<meta name=\"robots\" content=\"index, follow, max-snippet:-1, max-image-preview:large, max-video-preview:-1\" \/>\n<link rel=\"canonical\" href=\"https:\/\/pension-brigitte-henkel.de\/es\/recesiones\/\" \/>\n<meta property=\"og:locale\" content=\"es_ES\" \/>\n<meta property=\"og:type\" content=\"article\" \/>\n<meta property=\"og:title\" content=\"G\u00e4stebuch\" \/>\n<meta property=\"og:description\" content=\"Unsere Kundschaft ist uns wichtig und zugleich ist der empfundene Wohlf\u00fchlfaktor unserer G\u00e4ste unser gr\u00f6\u00dftes Kriterium f\u00fcr die Qualit\u00e4t unserer Pension.\" \/>\n<meta property=\"og:url\" content=\"https:\/\/pension-brigitte-henkel.de\/es\/recesiones\/\" \/>\n<meta property=\"og:site_name\" content=\"Pension Brigitte Henkel\" \/>\n<meta property=\"article:modified_time\" content=\"2020-08-16T19:42:08+00:00\" \/>\n<meta name=\"twitter:card\" content=\"summary_large_image\" \/>\n<meta name=\"twitter:label1\" content=\"Tiempo de lectura\" \/>\n\t<meta name=\"twitter:data1\" content=\"1 minuto\" \/>\n<!-- \/ Yoast SEO Premium plugin. -->","yoast_head_json":{"title":"Vea lo que dicen nuestros hu\u00e9spedes sobre nosotros: comentarios en el libro de visitas.","description":"Nuestra clientela es muy importante para nosotros y, al mismo tiempo, la sensaci\u00f3n de bienestar de nuestros hu\u00e9spedes es nuestro principal criterio para evaluar la calidad de nuestra pensi\u00f3n.","robots":{"index":"index","follow":"follow","max-snippet":"max-snippet:-1","max-image-preview":"max-image-preview:large","max-video-preview":"max-video-preview:-1"},"canonical":"https:\/\/pension-brigitte-henkel.de\/es\/recesiones\/","og_locale":"es_ES","og_type":"article","og_title":"G\u00e4stebuch","og_description":"Unsere Kundschaft ist uns wichtig und zugleich ist der empfundene Wohlf\u00fchlfaktor unserer G\u00e4ste unser gr\u00f6\u00dftes Kriterium f\u00fcr die Qualit\u00e4t unserer Pension.","og_url":"https:\/\/pension-brigitte-henkel.de\/es\/recesiones\/","og_site_name":"Pension Brigitte Henkel","article_modified_time":"2020-08-16T19:42:08+00:00","twitter_card":"summary_large_image","twitter_misc":{"Tiempo de lectura":"1 minuto"},"schema":{"@context":"https:\/\/schema.org","@graph":[{"@type":"WebPage","@id":"https:\/\/pension-brigitte-henkel.de\/rezessionen\/","url":"https:\/\/pension-brigitte-henkel.de\/rezessionen\/","name":"Vea lo que dicen nuestros hu\u00e9spedes sobre nosotros: comentarios en el libro de visitas.","isPartOf":{"@id":"https:\/\/pension-brigitte-henkel.de\/#website"},"datePublished":"2016-09-04T09:05:25+00:00","dateModified":"2020-08-16T19:42:08+00:00","description":"Nuestra clientela es muy importante para nosotros y, al mismo tiempo, la sensaci\u00f3n de bienestar de nuestros hu\u00e9spedes es nuestro principal criterio para evaluar la calidad de nuestra pensi\u00f3n.","breadcrumb":{"@id":"https:\/\/pension-brigitte-henkel.de\/rezessionen\/#breadcrumb"},"inLanguage":"es","potentialAction":[{"@type":"ReadAction","target":["https:\/\/pension-brigitte-henkel.de\/rezessionen\/"]}]},{"@type":"BreadcrumbList","@id":"https:\/\/pension-brigitte-henkel.de\/rezessionen\/#breadcrumb","itemListElement":[{"@type":"ListItem","position":1,"name":"Startseite","item":"https:\/\/pension-brigitte-henkel.de\/"},{"@type":"ListItem","position":2,"name":"G\u00e4stebuch"}]},{"@type":"WebSite","@id":"https:\/\/pension-brigitte-henkel.de\/#website","url":"https:\/\/pension-brigitte-henkel.de\/","name":"Pensi\u00f3n Brigitte Henkel","description":"Anfitriona con coraz\u00f3n en Wolf\/Traben-Trarbach, a orillas del Mosela","publisher":{"@id":"https:\/\/pension-brigitte-henkel.de\/#organization"},"potentialAction":[{"@type":"SearchAction","target":{"@type":"EntryPoint","urlTemplate":"https:\/\/pension-brigitte-henkel.de\/?s={search_term_string}"},"query-input":{"@type":"PropertyValueSpecification","valueRequired":true,"valueName":"search_term_string"}}],"inLanguage":"es"},{"@type":"Organization","@id":"https:\/\/pension-brigitte-henkel.de\/#organization","name":"Pensi\u00f3n Brigitte Henkel","url":"https:\/\/pension-brigitte-henkel.de\/","logo":{"@type":"ImageObject","inLanguage":"es","@id":"https:\/\/pension-brigitte-henkel.de\/#\/schema\/logo\/image\/","url":"https:\/\/pension-brigitte-henkel.de\/wp-content\/uploads\/2020\/08\/Logo-transparent.png","contentUrl":"https:\/\/pension-brigitte-henkel.de\/wp-content\/uploads\/2020\/08\/Logo-transparent.png","width":534,"height":123,"caption":"Pension Brigitte Henkel"},"image":{"@id":"https:\/\/pension-brigitte-henkel.de\/#\/schema\/logo\/image\/"}}]}},"_links":{"self":[{"href":"https:\/\/pension-brigitte-henkel.de\/es\/wp-json\/wp\/v2\/pages\/34","targetHints":{"allow":["GET"]}}],"collection":[{"href":"https:\/\/pension-brigitte-henkel.de\/es\/wp-json\/wp\/v2\/pages"}],"about":[{"href":"https:\/\/pension-brigitte-henkel.de\/es\/wp-json\/wp\/v2\/types\/page"}],"author":[{"embeddable":true,"href":"https:\/\/pension-brigitte-henkel.de\/es\/wp-json\/wp\/v2\/users\/1"}],"replies":[{"embeddable":true,"href":"https:\/\/pension-brigitte-henkel.de\/es\/wp-json\/wp\/v2\/comments?post=34"}],"version-history":[{"count":0,"href":"https:\/\/pension-brigitte-henkel.de\/es\/wp-json\/wp\/v2\/pages\/34\/revisions"}],"wp:attachment":[{"href":"https:\/\/pension-brigitte-henkel.de\/es\/wp-json\/wp\/v2\/media?parent=34"}],"curies":[{"name":"wp","href":"https:\/\/api.w.org\/{rel}","templated":true}]}}