{"id":14,"date":"2016-09-04T08:58:48","date_gmt":"2016-09-04T06:58:48","guid":{"rendered":"https:\/\/testareaweb.wordpress.com\/kontakt\/"},"modified":"2025-07-23T19:59:13","modified_gmt":"2025-07-23T17:59:13","slug":"contacto","status":"publish","type":"page","link":"https:\/\/pension-brigitte-henkel.de\/es\/contacto\/","title":{"rendered":"Contacto"},"content":{"rendered":"<div data-elementor-type=\"wp-page\" data-elementor-id=\"14\" class=\"elementor elementor-14\" data-elementor-post-type=\"page\">\n\t\t\t\t\t\t<section class=\"elementor-section elementor-top-section elementor-element elementor-element-732f185 elementor-section-boxed elementor-section-height-default elementor-section-height-default\" data-id=\"732f185\" data-element_type=\"section\" data-e-type=\"section\">\n\t\t\t\t\t\t<div class=\"elementor-container elementor-column-gap-default\">\n\t\t\t\t\t<div class=\"elementor-column elementor-col-100 elementor-top-column elementor-element elementor-element-60da1e2\" data-id=\"60da1e2\" data-element_type=\"column\" data-e-type=\"column\">\n\t\t\t<div class=\"elementor-widget-wrap elementor-element-populated\">\n\t\t\t\t\t\t<div class=\"elementor-element elementor-element-3d049d8 elementor-widget elementor-widget-google_maps\" data-id=\"3d049d8\" data-element_type=\"widget\" data-e-type=\"widget\" data-widget_type=\"google_maps.default\">\n\t\t\t\t<div class=\"elementor-widget-container\">\n\t\t\t\t\t\t\t<div class=\"elementor-custom-embed\">\n\t\t\t<iframe loading=\"lazy\"\n\t\t\t\t\tsrc=\"https:\/\/maps.google.com\/maps?q=Pension%20Brigitte%20Henkel&#038;t=m&#038;z=10&#038;output=embed&#038;iwloc=near\"\n\t\t\t\t\ttitle=\"Pensi\u00f3n Brigitte Henkel\"\n\t\t\t\t\taria-label=\"Pensi\u00f3n Brigitte Henkel\"\n\t\t\t><\/iframe>\n\t\t<\/div>\n\t\t\t\t\t\t<\/div>\n\t\t\t\t<\/div>\n\t\t\t\t<div class=\"elementor-element elementor-element-7601c59 elementor-widget elementor-widget-text-editor\" data-id=\"7601c59\" data-element_type=\"widget\" data-e-type=\"widget\" data-widget_type=\"text-editor.default\">\n\t\t\t\t<div class=\"elementor-widget-container\">\n\t\t\t\t\t\t\t\t\t<div class=\"gdlr-item gdlr-content-item\"><h2>Contacto<\/h2><div><div>Correo electr\u00f3nico: Correo electr\u00f3nico para reservas: <a href=\"mailto:pension.brigitte.henkel@gmail.com?Subject=Kontakt%20Webseite:\" target=\"_top\" rel=\"noopener noreferrer\">pension.brigitte.henkel@gmail.com<\/a><\/div><div>Tel\u00e9fono: <a href=\"tel:+4965419262\">+49 (0)65419262<\/a><\/div><div>\u00a0<\/div><div>Mi direcci\u00f3n:<\/div><div>Brigitte Henkel<\/div><div>Baldesgraben 12<\/div><div>56841 Traben-Trarbach\/Wolf\u00a0<\/div><div>Alemania<\/div><\/div><\/div>\t\t\t\t\t\t\t\t<\/div>\n\t\t\t\t<\/div>\n\t\t\t\t\t<\/div>\n\t\t<\/div>\n\t\t\t\t\t<\/div>\n\t\t<\/section>\n\t\t\t\t<\/div>","protected":false},"excerpt":{"rendered":"<p>Correo electr\u00f3nico de contacto: correo electr\u00f3nico para reservas: pension.brigitte.henkel@gmail.comTelefon: +49 (0)65419262 Mi direcci\u00f3n:Brigitte HenkelBaldesgraben 1256841 Traben-Trarbach\/Wolf Alemania<\/p>","protected":false},"author":1,"featured_media":0,"parent":0,"menu_order":0,"comment_status":"closed","ping_status":"closed","template":"","meta":{"footnotes":""},"class_list":["post-14","page","type-page","status-publish","hentry"],"yoast_head":"<!-- This site is optimized with the Yoast SEO Premium plugin v26.4 (Yoast SEO v27.4) - https:\/\/yoast.com\/product\/yoast-seo-premium-wordpress\/ -->\n<title>Kontaktdaten Telefonnummer Brigitte Henkel Pension in Wolf<\/title>\n<meta name=\"description\" content=\"Kontakt: Die Kontaktdaten zu Pension Brigitte Henkel. Wie finden sie uns. Unsere E-Mail Adresse und unsere google maps Karte wird Ihnen helfen.\" \/>\n<meta name=\"robots\" content=\"index, follow, max-snippet:-1, max-image-preview:large, max-video-preview:-1\" \/>\n<link rel=\"canonical\" href=\"https:\/\/pension-brigitte-henkel.de\/es\/contacto\/\" \/>\n<meta property=\"og:locale\" content=\"es_ES\" \/>\n<meta property=\"og:type\" content=\"article\" \/>\n<meta property=\"og:title\" content=\"Kontakt\" \/>\n<meta property=\"og:description\" content=\"Kontakt: Die Kontaktdaten zu Pension Brigitte Henkel. Wie finden sie uns. Unsere E-Mail Adresse und unsere google maps Karte wird Ihnen helfen.\" \/>\n<meta property=\"og:url\" content=\"https:\/\/pension-brigitte-henkel.de\/es\/contacto\/\" \/>\n<meta property=\"og:site_name\" content=\"Pension Brigitte Henkel\" \/>\n<meta property=\"article:modified_time\" content=\"2025-07-23T17:59:13+00:00\" \/>\n<meta name=\"twitter:card\" content=\"summary_large_image\" \/>\n<meta name=\"twitter:label1\" content=\"Tiempo de lectura\" \/>\n\t<meta name=\"twitter:data1\" content=\"1 minuto\" \/>\n<!-- \/ Yoast SEO Premium plugin. -->","yoast_head_json":{"title":"Datos de contacto N\u00famero de tel\u00e9fono Brigitte Henkel Pensi\u00f3n en Wolf","description":"Contacto: Datos de contacto de la pensi\u00f3n Brigitte Henkel. C\u00f3mo llegar. Nuestra direcci\u00f3n de correo electr\u00f3nico y nuestro mapa de Google Maps le ayudar\u00e1n.","robots":{"index":"index","follow":"follow","max-snippet":"max-snippet:-1","max-image-preview":"max-image-preview:large","max-video-preview":"max-video-preview:-1"},"canonical":"https:\/\/pension-brigitte-henkel.de\/es\/contacto\/","og_locale":"es_ES","og_type":"article","og_title":"Kontakt","og_description":"Kontakt: Die Kontaktdaten zu Pension Brigitte Henkel. Wie finden sie uns. Unsere E-Mail Adresse und unsere google maps Karte wird Ihnen helfen.","og_url":"https:\/\/pension-brigitte-henkel.de\/es\/contacto\/","og_site_name":"Pension Brigitte Henkel","article_modified_time":"2025-07-23T17:59:13+00:00","twitter_card":"summary_large_image","twitter_misc":{"Tiempo de lectura":"1 minuto"},"schema":{"@context":"https:\/\/schema.org","@graph":[{"@type":"WebPage","@id":"https:\/\/pension-brigitte-henkel.de\/kontakt\/","url":"https:\/\/pension-brigitte-henkel.de\/kontakt\/","name":"Datos de contacto N\u00famero de tel\u00e9fono Brigitte Henkel Pensi\u00f3n en Wolf","isPartOf":{"@id":"https:\/\/pension-brigitte-henkel.de\/#website"},"datePublished":"2016-09-04T06:58:48+00:00","dateModified":"2025-07-23T17:59:13+00:00","description":"Contacto: Datos de contacto de la pensi\u00f3n Brigitte Henkel. C\u00f3mo llegar. Nuestra direcci\u00f3n de correo electr\u00f3nico y nuestro mapa de Google Maps le ayudar\u00e1n.","breadcrumb":{"@id":"https:\/\/pension-brigitte-henkel.de\/kontakt\/#breadcrumb"},"inLanguage":"es","potentialAction":[{"@type":"ReadAction","target":["https:\/\/pension-brigitte-henkel.de\/kontakt\/"]}]},{"@type":"BreadcrumbList","@id":"https:\/\/pension-brigitte-henkel.de\/kontakt\/#breadcrumb","itemListElement":[{"@type":"ListItem","position":1,"name":"Startseite","item":"https:\/\/pension-brigitte-henkel.de\/"},{"@type":"ListItem","position":2,"name":"Kontakt"}]},{"@type":"WebSite","@id":"https:\/\/pension-brigitte-henkel.de\/#website","url":"https:\/\/pension-brigitte-henkel.de\/","name":"Pensi\u00f3n Brigitte Henkel","description":"Anfitriona con coraz\u00f3n en Wolf\/Traben-Trarbach, a orillas del Mosela","publisher":{"@id":"https:\/\/pension-brigitte-henkel.de\/#organization"},"potentialAction":[{"@type":"SearchAction","target":{"@type":"EntryPoint","urlTemplate":"https:\/\/pension-brigitte-henkel.de\/?s={search_term_string}"},"query-input":{"@type":"PropertyValueSpecification","valueRequired":true,"valueName":"search_term_string"}}],"inLanguage":"es"},{"@type":"Organization","@id":"https:\/\/pension-brigitte-henkel.de\/#organization","name":"Pensi\u00f3n Brigitte Henkel","url":"https:\/\/pension-brigitte-henkel.de\/","logo":{"@type":"ImageObject","inLanguage":"es","@id":"https:\/\/pension-brigitte-henkel.de\/#\/schema\/logo\/image\/","url":"https:\/\/pension-brigitte-henkel.de\/wp-content\/uploads\/2020\/08\/Logo-transparent.png","contentUrl":"https:\/\/pension-brigitte-henkel.de\/wp-content\/uploads\/2020\/08\/Logo-transparent.png","width":534,"height":123,"caption":"Pension Brigitte Henkel"},"image":{"@id":"https:\/\/pension-brigitte-henkel.de\/#\/schema\/logo\/image\/"}}]}},"_links":{"self":[{"href":"https:\/\/pension-brigitte-henkel.de\/es\/wp-json\/wp\/v2\/pages\/14","targetHints":{"allow":["GET"]}}],"collection":[{"href":"https:\/\/pension-brigitte-henkel.de\/es\/wp-json\/wp\/v2\/pages"}],"about":[{"href":"https:\/\/pension-brigitte-henkel.de\/es\/wp-json\/wp\/v2\/types\/page"}],"author":[{"embeddable":true,"href":"https:\/\/pension-brigitte-henkel.de\/es\/wp-json\/wp\/v2\/users\/1"}],"replies":[{"embeddable":true,"href":"https:\/\/pension-brigitte-henkel.de\/es\/wp-json\/wp\/v2\/comments?post=14"}],"version-history":[{"count":10,"href":"https:\/\/pension-brigitte-henkel.de\/es\/wp-json\/wp\/v2\/pages\/14\/revisions"}],"predecessor-version":[{"id":5669,"href":"https:\/\/pension-brigitte-henkel.de\/es\/wp-json\/wp\/v2\/pages\/14\/revisions\/5669"}],"wp:attachment":[{"href":"https:\/\/pension-brigitte-henkel.de\/es\/wp-json\/wp\/v2\/media?parent=14"}],"curies":[{"name":"wp","href":"https:\/\/api.w.org\/{rel}","templated":true}]}}