{"id":5907,"date":"2026-05-01T10:07:30","date_gmt":"2026-05-01T08:07:30","guid":{"rendered":"https:\/\/pension-brigitte-henkel.de\/datenschutz\/"},"modified":"2026-05-01T10:07:30","modified_gmt":"2026-05-01T08:07:30","slug":"data-protection","status":"publish","type":"page","link":"https:\/\/pension-brigitte-henkel.de\/en\/data-protection\/","title":{"rendered":"Privacy policy"},"content":{"rendered":"<h2>1. responsible person<\/h2>\n<p>Responsible within the meaning of the General Data Protection Regulation (GDPR) is<\/p>\n<p><strong>Brigitte Henkel<\/strong><br \/>Pension Brigitte Henkel<br \/>12 Baldesgraben<br \/>56841 Traben-Trarbach\/Wolf<br \/>Germany<\/p>\n<p>Phone: +49 (0)65419262<br \/>e-mail: <a href=\"mailto:pension.brigitte.henkel@gmail.com\">pension.brigitte.henkel@gmail.com<\/a><\/p>\n<h2>2. general information<\/h2>\n<p>The protection of your personal data is important to us. We process your data exclusively on the basis of the statutory provisions (GDPR, BDSG). This privacy policy informs you about the most important aspects of data processing on our website.<\/p>\n<h2>3. hosting and server log files<\/h2>\n<p>This website is operated by a German hosting provider. The hosting provider automatically collects and stores technical access data in so-called server log files (e.g. IP address, date and time of access, resource accessed, referrer URL, browser used). This data is used to ensure trouble-free operation and is not merged with other data sources.<\/p>\n<p>Legal basis: Art. 6 para. 1 lit. f GDPR (legitimate interest). Storage period: maximum 7 days.<\/p>\n<h2>4. contact form and e-mail contact<\/h2>\n<p>If you contact us via the contact form or by e-mail, the data you provide (e.g. name, e-mail address, telephone number, message) will be stored by us for the purpose of processing your enquiry and in the event of follow-up questions.<\/p>\n<p>Legal basis: Art. 6 para. 1 lit. b GDPR (pre-contractual or contractual measures) and Art. 6 para. 1 lit. f GDPR (legitimate interest). The data will be deleted as soon as the enquiry has been finally processed and there are no statutory retention obligations to the contrary.<\/p>\n<h2>5. cookies<\/h2>\n<p>This website only uses technically necessary cookies that are required for the proper operation of the site. No tracking or marketing cookies are used.<\/p>\n<h2>6. no analysis and tracking services<\/h2>\n<p>No web analysis services (e.g. Google Analytics) or other tracking tools are used on this website. No profiling of website visitors takes place.<\/p>\n<h2>7. disclosure of data<\/h2>\n<p>Your personal data will not be passed on to third parties unless this is necessary for the provision of the hosting service as part of order processing in accordance with Art. 28 GDPR. Your data will not be transferred to countries outside the EU\/EEA.<\/p>\n<h2>8. your rights as a data subject<\/h2>\n<p>You have the following rights vis-\u00e0-vis us with regard to your personal data:<\/p>\n<ul>\n<li>Right to information (Art. 15 GDPR)<\/li>\n<li>Right to rectification (Art. 16 GDPR)<\/li>\n<li>Right to erasure (Art. 17 GDPR)<\/li>\n<li>Right to restriction of processing (Art. 18 GDPR)<\/li>\n<li>Right to data portability (Art. 20 GDPR)<\/li>\n<li>Right to object (Art. 21 GDPR)<\/li>\n<\/ul>\n<p>To assert your rights, please use the above contact address. You also have the right to lodge a complaint with a data protection supervisory authority.<\/p>\n<h2>9. data security<\/h2>\n<p>This website uses SSL or TLS encryption for security reasons and to protect the transmission of confidential content.<\/p>\n<h2>10. timeliness of this privacy policy<\/h2>\n<p>This privacy policy is currently valid (status: May 2025). We reserve the right to amend this privacy policy if necessary to ensure that it always complies with current legal requirements.<\/p>\n<p><a href=\"\/en\/legal-notice\/\">\u2192 To the imprint<\/a><\/p>","protected":false},"excerpt":{"rendered":"<p>1. person responsible within the meaning of the General Data Protection Regulation (GDPR) is: Brigitte HenkelPension Brigitte HenkelBaldesgraben 1256841 Traben-Trarbach\/WolfGermany Phone: +49 (0)65419262Email: pension.brigitte.henkel@gmail.com 2. general information The protection of your personal data is important to us. We process your data exclusively on the basis of the statutory provisions (GDPR, BDSG). With this privacy policy we inform you about the most important aspects of data protection. <\/p>\n<div class=\"clear\"><\/div>\n<p><a href=\"https:\/\/pension-brigitte-henkel.de\/en\/data-protection\/\" class=\"excerpt-read-more\">Continue Reading<i class=\"fa fa-long-arrow-right icon-long-arrow-right\"><\/i><\/a><\/p>","protected":false},"author":0,"featured_media":0,"parent":0,"menu_order":0,"comment_status":"closed","ping_status":"closed","template":"","meta":{"footnotes":""},"class_list":["post-5907","page","type-page","status-publish","hentry"],"yoast_head":"<!-- This site is optimized with the Yoast SEO Premium plugin v26.4 (Yoast SEO v27.5) - https:\/\/yoast.com\/product\/yoast-seo-premium-wordpress\/ -->\n<title>Datenschutzerkl\u00e4rung - Pension Brigitte Henkel<\/title>\n<meta name=\"robots\" content=\"index, follow, max-snippet:-1, max-image-preview:large, max-video-preview:-1\" \/>\n<link rel=\"canonical\" href=\"https:\/\/pension-brigitte-henkel.de\/en\/data-protection\/\" \/>\n<meta property=\"og:locale\" content=\"en_GB\" \/>\n<meta property=\"og:type\" content=\"article\" \/>\n<meta property=\"og:title\" content=\"Datenschutzerkl\u00e4rung\" \/>\n<meta property=\"og:description\" content=\"1. Verantwortlicher Verantwortlich im Sinne der Datenschutz-Grundverordnung (DSGVO) ist: Brigitte HenkelPension Brigitte HenkelBaldesgraben 1256841 Traben-Trarbach\/WolfDeutschland Telefon: +49 (0)65419262E-Mail: pension.brigitte.henkel@gmail.com 2. Allgemeine Hinweise Der Schutz Ihrer personenbezogenen Daten ist uns ein wichtiges Anliegen. Wir verarbeiten Ihre Daten ausschlie\u00dflich auf Grundlage der gesetzlichen Bestimmungen (DSGVO, BDSG). Mit dieser Datenschutzerkl\u00e4rung informieren wir Sie \u00fcber die wichtigsten Aspekte der... Continue Reading\" \/>\n<meta property=\"og:url\" content=\"https:\/\/pension-brigitte-henkel.de\/en\/data-protection\/\" \/>\n<meta property=\"og:site_name\" content=\"Pension Brigitte Henkel\" \/>\n<meta name=\"twitter:card\" content=\"summary_large_image\" \/>\n<meta name=\"twitter:label1\" content=\"Estimated reading time\" \/>\n\t<meta name=\"twitter:data1\" content=\"2 minutes\" \/>\n<!-- \/ Yoast SEO Premium plugin. -->","yoast_head_json":{"title":"Privacy policy - Pension Brigitte Henkel","robots":{"index":"index","follow":"follow","max-snippet":"max-snippet:-1","max-image-preview":"max-image-preview:large","max-video-preview":"max-video-preview:-1"},"canonical":"https:\/\/pension-brigitte-henkel.de\/en\/data-protection\/","og_locale":"en_GB","og_type":"article","og_title":"Datenschutzerkl\u00e4rung","og_description":"1. Verantwortlicher Verantwortlich im Sinne der Datenschutz-Grundverordnung (DSGVO) ist: Brigitte HenkelPension Brigitte HenkelBaldesgraben 1256841 Traben-Trarbach\/WolfDeutschland Telefon: +49 (0)65419262E-Mail: pension.brigitte.henkel@gmail.com 2. Allgemeine Hinweise Der Schutz Ihrer personenbezogenen Daten ist uns ein wichtiges Anliegen. Wir verarbeiten Ihre Daten ausschlie\u00dflich auf Grundlage der gesetzlichen Bestimmungen (DSGVO, BDSG). Mit dieser Datenschutzerkl\u00e4rung informieren wir Sie \u00fcber die wichtigsten Aspekte der... Continue Reading","og_url":"https:\/\/pension-brigitte-henkel.de\/en\/data-protection\/","og_site_name":"Pension Brigitte Henkel","twitter_card":"summary_large_image","twitter_misc":{"Estimated reading time":"2 minutes"},"schema":{"@context":"https:\/\/schema.org","@graph":[{"@type":"WebPage","@id":"https:\/\/pension-brigitte-henkel.de\/datenschutz\/","url":"https:\/\/pension-brigitte-henkel.de\/datenschutz\/","name":"Privacy policy - Pension Brigitte Henkel","isPartOf":{"@id":"https:\/\/pension-brigitte-henkel.de\/#website"},"datePublished":"2026-05-01T08:07:30+00:00","breadcrumb":{"@id":"https:\/\/pension-brigitte-henkel.de\/datenschutz\/#breadcrumb"},"inLanguage":"en-GB","potentialAction":[{"@type":"ReadAction","target":["https:\/\/pension-brigitte-henkel.de\/datenschutz\/"]}]},{"@type":"BreadcrumbList","@id":"https:\/\/pension-brigitte-henkel.de\/datenschutz\/#breadcrumb","itemListElement":[{"@type":"ListItem","position":1,"name":"Startseite","item":"https:\/\/pension-brigitte-henkel.de\/"},{"@type":"ListItem","position":2,"name":"Datenschutzerkl\u00e4rung"}]},{"@type":"WebSite","@id":"https:\/\/pension-brigitte-henkel.de\/#website","url":"https:\/\/pension-brigitte-henkel.de\/","name":"Pension Brigitte Henkel","description":"A warm-hearted hostess in Wolf\/Traben-Trarbach on the Moselle","publisher":{"@id":"https:\/\/pension-brigitte-henkel.de\/#organization"},"potentialAction":[{"@type":"SearchAction","target":{"@type":"EntryPoint","urlTemplate":"https:\/\/pension-brigitte-henkel.de\/?s={search_term_string}"},"query-input":{"@type":"PropertyValueSpecification","valueRequired":true,"valueName":"search_term_string"}}],"inLanguage":"en-GB"},{"@type":"Organization","@id":"https:\/\/pension-brigitte-henkel.de\/#organization","name":"Pension Brigitte Henkel","url":"https:\/\/pension-brigitte-henkel.de\/","logo":{"@type":"ImageObject","inLanguage":"en-GB","@id":"https:\/\/pension-brigitte-henkel.de\/#\/schema\/logo\/image\/","url":"https:\/\/pension-brigitte-henkel.de\/wp-content\/uploads\/2020\/08\/Logo-transparent.png","contentUrl":"https:\/\/pension-brigitte-henkel.de\/wp-content\/uploads\/2020\/08\/Logo-transparent.png","width":534,"height":123,"caption":"Pension Brigitte Henkel"},"image":{"@id":"https:\/\/pension-brigitte-henkel.de\/#\/schema\/logo\/image\/"}}]}},"_links":{"self":[{"href":"https:\/\/pension-brigitte-henkel.de\/en\/wp-json\/wp\/v2\/pages\/5907","targetHints":{"allow":["GET"]}}],"collection":[{"href":"https:\/\/pension-brigitte-henkel.de\/en\/wp-json\/wp\/v2\/pages"}],"about":[{"href":"https:\/\/pension-brigitte-henkel.de\/en\/wp-json\/wp\/v2\/types\/page"}],"replies":[{"embeddable":true,"href":"https:\/\/pension-brigitte-henkel.de\/en\/wp-json\/wp\/v2\/comments?post=5907"}],"version-history":[{"count":0,"href":"https:\/\/pension-brigitte-henkel.de\/en\/wp-json\/wp\/v2\/pages\/5907\/revisions"}],"wp:attachment":[{"href":"https:\/\/pension-brigitte-henkel.de\/en\/wp-json\/wp\/v2\/media?parent=5907"}],"curies":[{"name":"wp","href":"https:\/\/api.w.org\/{rel}","templated":true}]}}