{"id":5480,"date":"2025-07-11T23:36:20","date_gmt":"2025-07-11T21:36:20","guid":{"rendered":"https:\/\/pension-brigitte-henkel.de\/?page_id=5480"},"modified":"2025-07-24T02:48:04","modified_gmt":"2025-07-24T00:48:04","slug":"useful-information","status":"publish","type":"page","link":"https:\/\/pension-brigitte-henkel.de\/en\/useful-information\/","title":{"rendered":"Information"},"content":{"rendered":"\t\t<div data-elementor-type=\"wp-page\" data-elementor-id=\"5480\" class=\"elementor elementor-5480\" data-elementor-post-type=\"page\">\n\t\t\t\t\t\t<section class=\"elementor-section elementor-top-section elementor-element elementor-element-a0d9a55 elementor-section-boxed elementor-section-height-default elementor-section-height-default\" data-id=\"a0d9a55\" data-element_type=\"section\" data-e-type=\"section\">\n\t\t\t\t\t\t<div class=\"elementor-container elementor-column-gap-default\">\n\t\t\t\t\t<div class=\"elementor-column elementor-col-100 elementor-top-column elementor-element elementor-element-150ec5e\" data-id=\"150ec5e\" data-element_type=\"column\" data-e-type=\"column\">\n\t\t\t<div class=\"elementor-widget-wrap elementor-element-populated\">\n\t\t\t\t\t\t<div class=\"elementor-element elementor-element-a583bfe elementor-widget elementor-widget-heading\" data-id=\"a583bfe\" data-element_type=\"widget\" data-e-type=\"widget\" data-widget_type=\"heading.default\">\n\t\t\t\t<div class=\"elementor-widget-container\">\n\t\t\t\t\t<h2 class=\"elementor-heading-title elementor-size-default\">Diese n\u00fctzlichen Informationen erhalten Sie<\/h2>\t\t\t\t<\/div>\n\t\t\t\t<\/div>\n\t\t\t\t<div class=\"elementor-element elementor-element-5e2d9a6 elementor-widget elementor-widget-text-editor\" data-id=\"5e2d9a6\" data-element_type=\"widget\" data-e-type=\"widget\" data-widget_type=\"text-editor.default\">\n\t\t\t\t<div class=\"elementor-widget-container\">\n\t\t\t\t\t\t\t\t\t<p>\u00dcber Jahre als Ihre Wirtin mit Herz haben sich so einige Sachen einfach ergeben. Als Tourist sind Sie nat\u00fcrlich neu in unserem Moseltal. Genau daf\u00fcr habe ich einige Informationen zu Moselrundfahrten mit Kolb, Apotheken und Krankenh\u00e4usern, Superm\u00e4rkten und weiteren n\u00fctzlichen Anlaufstellen zusammengestellt.<\/p>\t\t\t\t\t\t\t\t<\/div>\n\t\t\t\t<\/div>\n\t\t\t\t<div class=\"elementor-element elementor-element-4e09ffb elementor-widget elementor-widget-heading\" data-id=\"4e09ffb\" data-element_type=\"widget\" data-e-type=\"widget\" data-widget_type=\"heading.default\">\n\t\t\t\t<div class=\"elementor-widget-container\">\n\t\t\t\t\t<h2 class=\"elementor-heading-title elementor-size-default\">Nutzen f\u00fcr Sie als Moselurlauber<\/h2>\t\t\t\t<\/div>\n\t\t\t\t<\/div>\n\t\t\t\t<div class=\"elementor-element elementor-element-974b32e elementor-widget elementor-widget-text-editor\" data-id=\"974b32e\" data-element_type=\"widget\" data-e-type=\"widget\" data-widget_type=\"text-editor.default\">\n\t\t\t\t<div class=\"elementor-widget-container\">\n\t\t\t\t\t\t\t\t\t<p class=\"whitespace-normal break-words\">Nicht immer sind einem auch mit Google Maps alle M\u00f6glichkeiten bewusst. So k\u00f6nnen Sie direkt schon in Wolf an der Mosel ein E-Bike mieten \u2013 nutzen Sie dies doch f\u00fcr eine Fahrradtour nach Bernkastel-Kues und zur\u00fcck geht es mit dem Schiff. Wenn Sie durch Weinberge fahren wollen, dann k\u00f6nnen Sie auch ab Kindel den Panorama-Fahrradweg nehmen und mit einem leichten Anstieg mitten durch die Weinberge radeln. Aber es gibt noch viel mehr, wie die Mosel-Radtour Graacher Schanzen, den Moselh\u00f6henradweg von Wolgfer Bergen und Kr\u00f6ver Sagen oder einen Abstecher zum Maaren-Mosel-Radweg. Super kombinieren l\u00e4sst sich dies mit dem Touristenschiff. Sollten Sie sich einmal nicht gut f\u00fchlen, so haben wir auch Informationen zu Apotheken und Krankenh\u00e4usern f\u00fcr Sie bereitgestellt.<\/p><p class=\"whitespace-normal break-words\">Ich hoffe sehr, die Informationen sind f\u00fcr Sie n\u00fctzlich.<\/p>\t\t\t\t\t\t\t\t<\/div>\n\t\t\t\t<\/div>\n\t\t\t\t<div class=\"elementor-element elementor-element-7a5ae04 elementor-widget elementor-widget-text-editor\" data-id=\"7a5ae04\" data-element_type=\"widget\" data-e-type=\"widget\" data-widget_type=\"text-editor.default\">\n\t\t\t\t<div class=\"elementor-widget-container\">\n\t\t\t\t\t\t\t\t\t<p>Erleben Sie Herzlichkeit<\/p>\n<p>Wirtin mit Herz Brigitte Henkel<\/p>\t\t\t\t\t\t\t\t<\/div>\n\t\t\t\t<\/div>\n\t\t\t\t<div class=\"elementor-element elementor-element-385aef2 elementor-nav-menu--dropdown-tablet elementor-nav-menu__text-align-aside elementor-nav-menu--toggle elementor-nav-menu--burger elementor-widget elementor-widget-nav-menu\" data-id=\"385aef2\" data-element_type=\"widget\" data-e-type=\"widget\" data-settings=\"{&quot;layout&quot;:&quot;horizontal&quot;,&quot;submenu_icon&quot;:{&quot;value&quot;:&quot;&lt;i class=\\&quot;fas fa-caret-down\\&quot; aria-hidden=\\&quot;true\\&quot;&gt;&lt;\\\/i&gt;&quot;,&quot;library&quot;:&quot;fa-solid&quot;},&quot;toggle&quot;:&quot;burger&quot;}\" data-widget_type=\"nav-menu.default\">\n\t\t\t\t<div class=\"elementor-widget-container\">\n\t\t\t\t\t\t\t\t<nav aria-label=\"Menu\" class=\"elementor-nav-menu--main elementor-nav-menu__container elementor-nav-menu--layout-horizontal e--pointer-underline e--animation-fade\">\n\t\t\t\t<ul id=\"menu-1-385aef2\" class=\"elementor-nav-menu\"><li class=\"menu-item menu-item-type-post_type menu-item-object-page menu-item-5705\"><a href=\"https:\/\/pension-brigitte-henkel.de\/en\/facilities-in-the-vicinity-of-wolf\/\" class=\"elementor-item\">Fahrradverleih<\/a><\/li>\n<li class=\"menu-item menu-item-type-post_type menu-item-object-page menu-item-5606\"><a href=\"https:\/\/pension-brigitte-henkel.de\/en\/supermarkets\/\" class=\"elementor-item\">Superm\u00e4rkte<\/a><\/li>\n<li class=\"menu-item menu-item-type-post_type menu-item-object-page menu-item-5604\"><a href=\"https:\/\/pension-brigitte-henkel.de\/en\/boat-landing-stage-tours\/\" class=\"elementor-item\">Mosel \u2013 Rundfahrten<\/a><\/li>\n<li class=\"menu-item menu-item-type-post_type menu-item-object-page menu-item-5605\"><a href=\"https:\/\/pension-brigitte-henkel.de\/en\/pharmacies-and-hospitals\/\" class=\"elementor-item\">Apotheken und Krankenh\u00e4user<\/a><\/li>\n<\/ul>\t\t\t<\/nav>\n\t\t\t\t\t<div class=\"elementor-menu-toggle\" role=\"button\" tabindex=\"0\" aria-label=\"Menu Toggle\" aria-expanded=\"false\">\n\t\t\t<i aria-hidden=\"true\" role=\"presentation\" class=\"elementor-menu-toggle__icon--open eicon-menu-bar\"><\/i><i aria-hidden=\"true\" role=\"presentation\" class=\"elementor-menu-toggle__icon--close eicon-close\"><\/i>\t\t<\/div>\n\t\t\t\t\t<nav class=\"elementor-nav-menu--dropdown elementor-nav-menu__container\" aria-hidden=\"true\">\n\t\t\t\t<ul id=\"menu-2-385aef2\" class=\"elementor-nav-menu\"><li class=\"menu-item menu-item-type-post_type menu-item-object-page menu-item-5705\"><a href=\"https:\/\/pension-brigitte-henkel.de\/en\/facilities-in-the-vicinity-of-wolf\/\" class=\"elementor-item\" tabindex=\"-1\">Fahrradverleih<\/a><\/li>\n<li class=\"menu-item menu-item-type-post_type menu-item-object-page menu-item-5606\"><a href=\"https:\/\/pension-brigitte-henkel.de\/en\/supermarkets\/\" class=\"elementor-item\" tabindex=\"-1\">Superm\u00e4rkte<\/a><\/li>\n<li class=\"menu-item menu-item-type-post_type menu-item-object-page menu-item-5604\"><a href=\"https:\/\/pension-brigitte-henkel.de\/en\/boat-landing-stage-tours\/\" class=\"elementor-item\" tabindex=\"-1\">Mosel \u2013 Rundfahrten<\/a><\/li>\n<li class=\"menu-item menu-item-type-post_type menu-item-object-page menu-item-5605\"><a href=\"https:\/\/pension-brigitte-henkel.de\/en\/pharmacies-and-hospitals\/\" class=\"elementor-item\" tabindex=\"-1\">Apotheken und Krankenh\u00e4user<\/a><\/li>\n<\/ul>\t\t\t<\/nav>\n\t\t\t\t\t\t<\/div>\n\t\t\t\t<\/div>\n\t\t\t\t<div class=\"elementor-element elementor-element-c9ebe39 elementor-widget elementor-widget-heading\" data-id=\"c9ebe39\" data-element_type=\"widget\" data-e-type=\"widget\" data-widget_type=\"heading.default\">\n\t\t\t\t<div class=\"elementor-widget-container\">\n\t\t\t\t\t<h2 class=\"elementor-heading-title elementor-size-default\">Haben Sie noch eine n\u00fctzliche Information f\u00fcr uns?<\/h2>\t\t\t\t<\/div>\n\t\t\t\t<\/div>\n\t\t\t\t<div class=\"elementor-element elementor-element-292367e elementor-widget elementor-widget-text-editor\" data-id=\"292367e\" data-element_type=\"widget\" data-e-type=\"widget\" data-widget_type=\"text-editor.default\">\n\t\t\t\t<div class=\"elementor-widget-container\">\n\t\t\t\t\t\t\t\t\t<p>Sicher haben Sie in Ihrem Urlaub selbst noch etwas Besonderes entdeckt. F\u00fcgen Sie es doch einfach als Beitrag hinzu. Wir freuen uns \u00fcber jeden Beitrag von Ihnen!<\/p>\t\t\t\t\t\t\t\t<\/div>\n\t\t\t\t<\/div>\n\t\t\t\t<div class=\"elementor-element elementor-element-b5a14bf elementor-button-align-stretch elementor-widget elementor-widget-form\" data-id=\"b5a14bf\" data-element_type=\"widget\" data-e-type=\"widget\" data-settings=\"{&quot;step_next_label&quot;:&quot;Next&quot;,&quot;step_previous_label&quot;:&quot;Previous&quot;,&quot;button_width&quot;:&quot;100&quot;,&quot;step_type&quot;:&quot;number_text&quot;,&quot;step_icon_shape&quot;:&quot;circle&quot;}\" data-widget_type=\"form.default\">\n\t\t\t\t<div class=\"elementor-widget-container\">\n\t\t\t\t\t\t\t<form class=\"elementor-form\" method=\"post\" name=\"New Form\" aria-label=\"New Form\">\n\t\t\t<input type=\"hidden\" name=\"post_id\" value=\"5480\"\/>\n\t\t\t<input type=\"hidden\" name=\"form_id\" value=\"b5a14bf\"\/>\n\t\t\t<input type=\"hidden\" name=\"referer_title\" value=\"Info&#039;s - Pension Brigitte Henkel\" \/>\n\n\t\t\t\t\t\t\t<input type=\"hidden\" name=\"queried_id\" value=\"5480\"\/>\n\t\t\t\n\t\t\t<div class=\"elementor-form-fields-wrapper elementor-labels-above\">\n\t\t\t\t\t\t\t\t<div class=\"elementor-field-type-text elementor-field-group elementor-column elementor-field-group-name elementor-col-100\">\n\t\t\t\t\t\t\t\t\t\t\t\t<label for=\"form-field-name\" class=\"elementor-field-label\">\n\t\t\t\t\t\t\t\tName\t\t\t\t\t\t\t<\/label>\n\t\t\t\t\t\t\t\t\t\t\t\t\t\t<input size=\"1\" type=\"text\" name=\"form_fields[name]\" id=\"form-field-name\" class=\"elementor-field elementor-size-sm  elementor-field-textual\" placeholder=\"Ihr Name ... \">\n\t\t\t\t\t\t\t\t\t\t\t<\/div>\n\t\t\t\t\t\t\t\t<div class=\"elementor-field-type-textarea elementor-field-group elementor-column elementor-field-group-message elementor-col-100\">\n\t\t\t\t\t\t\t\t\t\t\t\t<label for=\"form-field-message\" class=\"elementor-field-label\">\n\t\t\t\t\t\t\t\tBeitrag\t\t\t\t\t\t\t<\/label>\n\t\t\t\t\t\t<textarea class=\"elementor-field-textual elementor-field  elementor-size-sm\" name=\"form_fields[message]\" id=\"form-field-message\" rows=\"4\" placeholder=\"Ihr Beitrag ... \"><\/textarea>\t\t\t\t<\/div>\n\t\t\t\t\t\t\t\t<div class=\"elementor-field-group elementor-column elementor-field-type-submit elementor-col-100 e-form__buttons\">\n\t\t\t\t\t<button class=\"elementor-button elementor-size-sm\" type=\"submit\">\n\t\t\t\t\t\t<span class=\"elementor-button-content-wrapper\">\n\t\t\t\t\t\t\t\t\t\t\t\t\t\t\t\t\t\t\t\t\t\t<span class=\"elementor-button-text\">Send<\/span>\n\t\t\t\t\t\t\t\t\t\t\t\t\t<\/span>\n\t\t\t\t\t<\/button>\n\t\t\t\t<\/div>\n\t\t\t<\/div>\n\t\t<\/form>\n\t\t\t\t\t\t<\/div>\n\t\t\t\t<\/div>\n\t\t\t\t\t<\/div>\n\t\t<\/div>\n\t\t\t\t\t<\/div>\n\t\t<\/section>\n\t\t\t\t<\/div>\n\t\t","protected":false},"excerpt":{"rendered":"<p>You will receive this useful information Over the years as your landlady with heart, some things have simply come about. As a tourist, you are of course new to our Moselle valley. I have put together some information on Moselle tours with Kolb, pharmacies and hospitals, supermarkets and other useful places to go. Benefits for you as a Moselle holidaymaker Not always are... <\/p>\n<div class=\"clear\"><\/div>\n<p><a href=\"https:\/\/pension-brigitte-henkel.de\/en\/useful-information\/\" class=\"excerpt-read-more\">Continue Reading<i class=\"fa fa-long-arrow-right icon-long-arrow-right\"><\/i><\/a><\/p>","protected":false},"author":1,"featured_media":0,"parent":0,"menu_order":0,"comment_status":"closed","ping_status":"closed","template":"","meta":{"footnotes":""},"class_list":["post-5480","page","type-page","status-publish","hentry"],"yoast_head":"<!-- This site is optimized with the Yoast SEO Premium plugin v26.4 (Yoast SEO v27.4) - https:\/\/yoast.com\/product\/yoast-seo-premium-wordpress\/ -->\n<title>Info&#039;s - Pension Brigitte Henkel<\/title>\n<meta name=\"robots\" content=\"index, follow, max-snippet:-1, max-image-preview:large, max-video-preview:-1\" \/>\n<link rel=\"canonical\" href=\"https:\/\/pension-brigitte-henkel.de\/en\/useful-information\/\" \/>\n<meta property=\"og:locale\" content=\"en_GB\" \/>\n<meta property=\"og:type\" content=\"article\" \/>\n<meta property=\"og:title\" content=\"Info&#039;s\" \/>\n<meta property=\"og:description\" content=\"Diese n\u00fctzlichen Informationen erhalten Sie \u00dcber Jahre als Ihre Wirtin mit Herz haben sich so einige Sachen einfach ergeben. Als Tourist sind Sie nat\u00fcrlich neu in unserem Moseltal. Genau daf\u00fcr habe ich einige Informationen zu Moselrundfahrten mit Kolb, Apotheken und Krankenh\u00e4usern, Superm\u00e4rkten und weiteren n\u00fctzlichen Anlaufstellen zusammengestellt. Nutzen f\u00fcr Sie als Moselurlauber Nicht immer sind... Continue Reading\" \/>\n<meta property=\"og:url\" content=\"https:\/\/pension-brigitte-henkel.de\/en\/useful-information\/\" \/>\n<meta property=\"og:site_name\" content=\"Pension Brigitte Henkel\" \/>\n<meta property=\"article:modified_time\" content=\"2025-07-24T00:48:04+00:00\" \/>\n<meta name=\"twitter:card\" content=\"summary_large_image\" \/>\n<meta name=\"twitter:label1\" content=\"Estimated reading time\" \/>\n\t<meta name=\"twitter:data1\" content=\"2 minutes\" \/>\n<!-- \/ Yoast SEO Premium plugin. -->","yoast_head_json":{"title":"Information - Pension Brigitte Henkel","robots":{"index":"index","follow":"follow","max-snippet":"max-snippet:-1","max-image-preview":"max-image-preview:large","max-video-preview":"max-video-preview:-1"},"canonical":"https:\/\/pension-brigitte-henkel.de\/en\/useful-information\/","og_locale":"en_GB","og_type":"article","og_title":"Info's","og_description":"Diese n\u00fctzlichen Informationen erhalten Sie \u00dcber Jahre als Ihre Wirtin mit Herz haben sich so einige Sachen einfach ergeben. Als Tourist sind Sie nat\u00fcrlich neu in unserem Moseltal. Genau daf\u00fcr habe ich einige Informationen zu Moselrundfahrten mit Kolb, Apotheken und Krankenh\u00e4usern, Superm\u00e4rkten und weiteren n\u00fctzlichen Anlaufstellen zusammengestellt. Nutzen f\u00fcr Sie als Moselurlauber Nicht immer sind... Continue Reading","og_url":"https:\/\/pension-brigitte-henkel.de\/en\/useful-information\/","og_site_name":"Pension Brigitte Henkel","article_modified_time":"2025-07-24T00:48:04+00:00","twitter_card":"summary_large_image","twitter_misc":{"Estimated reading time":"2 minutes"},"schema":{"@context":"https:\/\/schema.org","@graph":[{"@type":"WebPage","@id":"https:\/\/pension-brigitte-henkel.de\/nuetzliche-informationen\/","url":"https:\/\/pension-brigitte-henkel.de\/nuetzliche-informationen\/","name":"Information - Pension Brigitte Henkel","isPartOf":{"@id":"https:\/\/pension-brigitte-henkel.de\/#website"},"datePublished":"2025-07-11T21:36:20+00:00","dateModified":"2025-07-24T00:48:04+00:00","breadcrumb":{"@id":"https:\/\/pension-brigitte-henkel.de\/nuetzliche-informationen\/#breadcrumb"},"inLanguage":"en-GB","potentialAction":[{"@type":"ReadAction","target":["https:\/\/pension-brigitte-henkel.de\/nuetzliche-informationen\/"]}]},{"@type":"BreadcrumbList","@id":"https:\/\/pension-brigitte-henkel.de\/nuetzliche-informationen\/#breadcrumb","itemListElement":[{"@type":"ListItem","position":1,"name":"Startseite","item":"https:\/\/pension-brigitte-henkel.de\/"},{"@type":"ListItem","position":2,"name":"Info&#8217;s"}]},{"@type":"WebSite","@id":"https:\/\/pension-brigitte-henkel.de\/#website","url":"https:\/\/pension-brigitte-henkel.de\/","name":"Pension Brigitte Henkel","description":"A warm-hearted hostess in Wolf\/Traben-Trarbach on the Moselle","publisher":{"@id":"https:\/\/pension-brigitte-henkel.de\/#organization"},"potentialAction":[{"@type":"SearchAction","target":{"@type":"EntryPoint","urlTemplate":"https:\/\/pension-brigitte-henkel.de\/?s={search_term_string}"},"query-input":{"@type":"PropertyValueSpecification","valueRequired":true,"valueName":"search_term_string"}}],"inLanguage":"en-GB"},{"@type":"Organization","@id":"https:\/\/pension-brigitte-henkel.de\/#organization","name":"Pension Brigitte Henkel","url":"https:\/\/pension-brigitte-henkel.de\/","logo":{"@type":"ImageObject","inLanguage":"en-GB","@id":"https:\/\/pension-brigitte-henkel.de\/#\/schema\/logo\/image\/","url":"https:\/\/pension-brigitte-henkel.de\/wp-content\/uploads\/2020\/08\/Logo-transparent.png","contentUrl":"https:\/\/pension-brigitte-henkel.de\/wp-content\/uploads\/2020\/08\/Logo-transparent.png","width":534,"height":123,"caption":"Pension Brigitte Henkel"},"image":{"@id":"https:\/\/pension-brigitte-henkel.de\/#\/schema\/logo\/image\/"}}]}},"_links":{"self":[{"href":"https:\/\/pension-brigitte-henkel.de\/en\/wp-json\/wp\/v2\/pages\/5480","targetHints":{"allow":["GET"]}}],"collection":[{"href":"https:\/\/pension-brigitte-henkel.de\/en\/wp-json\/wp\/v2\/pages"}],"about":[{"href":"https:\/\/pension-brigitte-henkel.de\/en\/wp-json\/wp\/v2\/types\/page"}],"author":[{"embeddable":true,"href":"https:\/\/pension-brigitte-henkel.de\/en\/wp-json\/wp\/v2\/users\/1"}],"replies":[{"embeddable":true,"href":"https:\/\/pension-brigitte-henkel.de\/en\/wp-json\/wp\/v2\/comments?post=5480"}],"version-history":[{"count":10,"href":"https:\/\/pension-brigitte-henkel.de\/en\/wp-json\/wp\/v2\/pages\/5480\/revisions"}],"predecessor-version":[{"id":5753,"href":"https:\/\/pension-brigitte-henkel.de\/en\/wp-json\/wp\/v2\/pages\/5480\/revisions\/5753"}],"wp:attachment":[{"href":"https:\/\/pension-brigitte-henkel.de\/en\/wp-json\/wp\/v2\/media?parent=5480"}],"curies":[{"name":"wp","href":"https:\/\/api.w.org\/{rel}","templated":true}]}}